{"id":9544,"date":"2026-04-07T14:02:23","date_gmt":"2026-04-07T18:02:23","guid":{"rendered":"https:\/\/sol-air-tech.com\/?post_type=product&#038;p=9544"},"modified":"2026-04-08T11:33:59","modified_gmt":"2026-04-08T15:33:59","slug":"batterie-sr-eos15b","status":"publish","type":"product","link":"https:\/\/sol-air-tech.com\/en\/product\/batterie-sr-eos15b\/","title":{"rendered":"Batterie Au Lithium SR-EOS15B"},"content":{"rendered":"<ul>\n<li>Lithium Battery 48VDc SR-EOS15B<\/li>\n<li>Puissance\u00a0 16.07KWh de 314 A<\/li>\n<li>Easy to install, plug and play<\/li>\n<li>Large LCD screen with real-time data<\/li>\n<li>Supports Wifi and BT view real-time data through APP<\/li>\n<li>Up to 16 units in parallel, expand to 256KWh<\/li>\n<li>Certification ANSI\/CAN\/UL 1973:20022 Ed.3<\/li>\n<\/ul>\n<p>&nbsp;<\/p>\n<h3><strong>Description:<\/strong><\/h3>\n<ul>\n<li>Rated Voltage 51.2VDc<\/li>\n<li>Rated Capacity 314Ah<\/li>\n<li>Puissance 16.07KWh<\/li>\n<li>Battery Type Lithium Iron Phosphate cells<\/li>\n<li>Lifespan 20 years<\/li>\n<li>Maximum parallel capacity: 16 units<\/li>\n<li>Secondary Breaker Protection<\/li>\n<\/ul>\n<h3><strong>Charge and Discharge<\/strong><\/h3>\n<ul>\n<li>Maximum Charging Voltage 57.6V<\/li>\n<li>Discharge overvoltage 44.8VDc<\/li>\n<li>Maximum Charging Current:  200A<\/li>\n<li>Peak charging current 220A (3S)<\/li>\n<li>Maximum discharging current 200A<\/li>\n<li>Peak discharge current 220A (3S)<\/li>\n<li>Breaker Current 240A<\/li>\n<\/ul>\n<h3><strong>General Information<\/strong><\/h3>\n<ul>\n<li>Weight 123kg (271lb)<\/li>\n<li>Dimension (L*W*H) 1075*460*271mm (3.5\u2019*1.51\u2019*.89\u2032)<\/li>\n<li>Communication CAN\/RS45 \/ USB \/ WIFI \/ Bluetooth<\/li>\n<li>Charging temperature range 0\u00b0\u223c45\u00b0C (32\u223c113\u00b0F)<\/li>\n<li>Discharge temperature range -10\u00b0C to 45\u00b0C (14\u00b0F to 113\u00b0F)<\/li>\n<li>Protection Grade: IP65<\/li>\n<li>Transport UN38.3,MSDS<\/li>\n<\/ul>\n<h3>Fiche Technique en Anglais<\/h3>\n<p><a href=\"https:\/\/www.srnesolar.com\/userfiles\/files\/2024\/06\/13\/SRNE_EOS%20series_15kWh_Solar%20Storage%20Battery_Datasheet_V1.2.pdf\">https:\/\/www.srnesolar.com\/userfiles\/files\/2024\/06\/13\/SRNE_EOS%20series_15kWh_Solar%20Storage%20Battery_Datasheet_V1.2.pdf<\/a><\/p>\n<h3>Manuel d&#8217;instruction en Anglais<\/h3>\n<p><a href=\"https:\/\/sol-air-tech.com\/wp-content\/uploads\/2026\/04\/User-Manual_SR-EOS05B-ProEOS10BEOS15B-Energy-Storage-Battery_EN-V2.0.pdf\">https:\/\/sol-air-tech.com\/wp-content\/uploads\/2026\/04\/User-Manual_SR-EOS05B-ProEOS10BEOS15B-Energy-Storage-Battery_EN-V2.0.pdf<\/a><\/p>\n<h3>Certification En Anglais<\/h3>\n<p><a href=\"https:\/\/sol-air-tech.com\/wp-content\/uploads\/2026\/04\/EOS15B-UL1973certification.pdf\">https:\/\/sol-air-tech.com\/wp-content\/uploads\/2026\/04\/EOS15B-UL1973certification.pdf<\/a><\/p>","protected":false},"excerpt":{"rendered":"<ul>\n<li>Lithium Battery 48VDc SR-EOS15B<\/li>\n<li>Power 16.07KWh of 314 A<\/li>\n<li>Easy to install, plug and play<\/li>\n<li>Large LCD screen with real-time data<\/li>\n<li>Supports Wifi and BT view real-time data through APP<\/li>\n<li>Up to 16 units in parallel, expand to 256KWh<\/li>\n<li>Certification ANSI\/CAN\/UL 1973:20022 Ed.3<\/li>\n<\/ul>","protected":false},"featured_media":9547,"menu_order":0,"comment_status":"open","ping_status":"closed","template":"","meta":{"content-type":""},"product_brand":[],"product_cat":[149],"product_tag":[],"class_list":{"0":"post-9544","1":"product","2":"type-product","3":"status-publish","4":"has-post-thumbnail","6":"product_cat-batterie","8":"first","9":"onbackorder","10":"taxable","11":"shipping-taxable","12":"purchasable","13":"product-type-simple"},"yoast_head":"<!-- This site is optimized with the Yoast SEO plugin v21.5 - https:\/\/yoast.com\/wordpress\/plugins\/seo\/ -->\n<title>Batterie Au Lithium SR-EOS15B - SOL-AIR TECH<\/title>\n<meta name=\"description\" content=\"Batterie au Lithium SR-EOS15B, 48VDc, 16.7 KWh, 314 A, jusqu&#039;\u00e0 16 unit\u00e9s en parall\u00e8le, \u00c9cran LCD avec Data en temps r\u00e9el, WIFI en temps r\u00e9el.\" \/>\n<meta name=\"robots\" content=\"index, follow, max-snippet:-1, max-image-preview:large, max-video-preview:-1\" \/>\n<link rel=\"canonical\" href=\"https:\/\/sol-air-tech.com\/en\/product-category\/batterie\/\" \/>\n<meta property=\"og:locale\" content=\"en_US\" \/>\n<meta property=\"og:type\" content=\"article\" \/>\n<meta property=\"og:title\" content=\"Batterie Au Lithium SR-EOS15B - SOL-AIR TECH\" \/>\n<meta property=\"og:description\" content=\"Batterie au Lithium SR-EOS15B, 48VDc, 16.7 KWh, 314 A, jusqu&#039;\u00e0 16 unit\u00e9s en parall\u00e8le, \u00c9cran LCD avec Data en temps r\u00e9el, WIFI en temps r\u00e9el.\" \/>\n<meta property=\"og:url\" content=\"https:\/\/sol-air-tech.com\/en\/product-category\/batterie\/\" \/>\n<meta property=\"og:site_name\" content=\"SOL-AIR TECH\" \/>\n<meta property=\"article:modified_time\" content=\"2026-04-08T15:33:59+00:00\" \/>\n<meta property=\"og:image\" content=\"https:\/\/sol-air-tech.com\/wp-content\/uploads\/2026\/04\/EOS15B-scaled.jpeg\" \/>\n\t<meta property=\"og:image:width\" content=\"2560\" \/>\n\t<meta property=\"og:image:height\" content=\"1921\" \/>\n\t<meta property=\"og:image:type\" content=\"image\/jpeg\" \/>\n<meta name=\"twitter:card\" content=\"summary_large_image\" \/>\n<meta name=\"twitter:label1\" content=\"Est. reading time\" \/>\n\t<meta name=\"twitter:data1\" content=\"1 minute\" \/>\n<script type=\"application\/ld+json\" class=\"yoast-schema-graph\">{\"@context\":\"https:\/\/schema.org\",\"@graph\":[{\"@type\":\"WebPage\",\"@id\":\"https:\/\/sol-air-tech.com\/product\/batterie-sr-eos15b\/\",\"url\":\"https:\/\/sol-air-tech.com\/product-category\/batterie\/\",\"name\":\"Batterie Au Lithium SR-EOS15B - SOL-AIR TECH\",\"isPartOf\":{\"@id\":\"https:\/\/sol-air-tech.com\/#website\"},\"datePublished\":\"2026-04-07T18:02:23+00:00\",\"dateModified\":\"2026-04-08T15:33:59+00:00\",\"description\":\"Batterie au Lithium SR-EOS15B, 48VDc, 16.7 KWh, 314 A, jusqu'\u00e0 16 unit\u00e9s en parall\u00e8le, \u00c9cran LCD avec Data en temps r\u00e9el, WIFI en temps r\u00e9el.\",\"breadcrumb\":{\"@id\":\"https:\/\/sol-air-tech.com\/product-category\/batterie\/#breadcrumb\"},\"inLanguage\":\"en-CA\",\"potentialAction\":[{\"@type\":\"ReadAction\",\"target\":[\"https:\/\/sol-air-tech.com\/product-category\/batterie\/\"]}]},{\"@type\":\"BreadcrumbList\",\"@id\":\"https:\/\/sol-air-tech.com\/product-category\/batterie\/#breadcrumb\",\"itemListElement\":[{\"@type\":\"ListItem\",\"position\":1,\"name\":\"Accueil\",\"item\":\"https:\/\/sol-air-tech.com\/\"},{\"@type\":\"ListItem\",\"position\":2,\"name\":\"Boutique\",\"item\":\"https:\/\/sol-air-tech.com\/en\/boutique\/\"},{\"@type\":\"ListItem\",\"position\":3,\"name\":\"Batterie Au Lithium SR-EOS15B\"}]},{\"@type\":\"WebSite\",\"@id\":\"https:\/\/sol-air-tech.com\/#website\",\"url\":\"https:\/\/sol-air-tech.com\/\",\"name\":\"SOL-AIR TECH\",\"description\":\"vente de mat\u00e9riel \u00e9lectrique\",\"publisher\":{\"@id\":\"https:\/\/sol-air-tech.com\/#organization\"},\"potentialAction\":[{\"@type\":\"SearchAction\",\"target\":{\"@type\":\"EntryPoint\",\"urlTemplate\":\"https:\/\/sol-air-tech.com\/?s={search_term_string}\"},\"query-input\":\"required name=search_term_string\"}],\"inLanguage\":\"en-CA\"},{\"@type\":\"Organization\",\"@id\":\"https:\/\/sol-air-tech.com\/#organization\",\"name\":\"SOL-AIR TECH\",\"url\":\"https:\/\/sol-air-tech.com\/\",\"logo\":{\"@type\":\"ImageObject\",\"inLanguage\":\"en-CA\",\"@id\":\"https:\/\/sol-air-tech.com\/#\/schema\/logo\/image\/\",\"url\":\"https:\/\/sol-air-tech.com\/wp-content\/uploads\/2023\/07\/lOGOFINAL_SOLAIR_TECH.png\",\"contentUrl\":\"https:\/\/sol-air-tech.com\/wp-content\/uploads\/2023\/07\/lOGOFINAL_SOLAIR_TECH.png\",\"width\":770,\"height\":306,\"caption\":\"SOL-AIR TECH\"},\"image\":{\"@id\":\"https:\/\/sol-air-tech.com\/#\/schema\/logo\/image\/\"}}]}<\/script>\n<!-- \/ Yoast SEO plugin. -->","yoast_head_json":{"title":"Batterie Au Lithium SR-EOS15B - SOL-AIR TECH","description":"Batterie au Lithium SR-EOS15B, 48VDc, 16.7 KWh, 314 A, jusqu'\u00e0 16 unit\u00e9s en parall\u00e8le, \u00c9cran LCD avec Data en temps r\u00e9el, WIFI en temps r\u00e9el.","robots":{"index":"index","follow":"follow","max-snippet":"max-snippet:-1","max-image-preview":"max-image-preview:large","max-video-preview":"max-video-preview:-1"},"canonical":"https:\/\/sol-air-tech.com\/en\/product-category\/batterie\/","og_locale":"en_US","og_type":"article","og_title":"Batterie Au Lithium SR-EOS15B - SOL-AIR TECH","og_description":"Batterie au Lithium SR-EOS15B, 48VDc, 16.7 KWh, 314 A, jusqu'\u00e0 16 unit\u00e9s en parall\u00e8le, \u00c9cran LCD avec Data en temps r\u00e9el, WIFI en temps r\u00e9el.","og_url":"https:\/\/sol-air-tech.com\/en\/product-category\/batterie\/","og_site_name":"SOL-AIR TECH","article_modified_time":"2026-04-08T15:33:59+00:00","og_image":[{"width":2560,"height":1921,"url":"https:\/\/sol-air-tech.com\/wp-content\/uploads\/2026\/04\/EOS15B-scaled.jpeg","type":"image\/jpeg"}],"twitter_card":"summary_large_image","twitter_misc":{"Est. reading time":"1 minute"},"schema":{"@context":"https:\/\/schema.org","@graph":[{"@type":"WebPage","@id":"https:\/\/sol-air-tech.com\/product\/batterie-sr-eos15b\/","url":"https:\/\/sol-air-tech.com\/product-category\/batterie\/","name":"Batterie Au Lithium SR-EOS15B - SOL-AIR TECH","isPartOf":{"@id":"https:\/\/sol-air-tech.com\/#website"},"datePublished":"2026-04-07T18:02:23+00:00","dateModified":"2026-04-08T15:33:59+00:00","description":"Batterie au Lithium SR-EOS15B, 48VDc, 16.7 KWh, 314 A, jusqu'\u00e0 16 unit\u00e9s en parall\u00e8le, \u00c9cran LCD avec Data en temps r\u00e9el, WIFI en temps r\u00e9el.","breadcrumb":{"@id":"https:\/\/sol-air-tech.com\/product-category\/batterie\/#breadcrumb"},"inLanguage":"en-CA","potentialAction":[{"@type":"ReadAction","target":["https:\/\/sol-air-tech.com\/product-category\/batterie\/"]}]},{"@type":"BreadcrumbList","@id":"https:\/\/sol-air-tech.com\/product-category\/batterie\/#breadcrumb","itemListElement":[{"@type":"ListItem","position":1,"name":"Accueil","item":"https:\/\/sol-air-tech.com\/"},{"@type":"ListItem","position":2,"name":"Boutique","item":"https:\/\/sol-air-tech.com\/en\/boutique\/"},{"@type":"ListItem","position":3,"name":"Batterie Au Lithium SR-EOS15B"}]},{"@type":"WebSite","@id":"https:\/\/sol-air-tech.com\/#website","url":"https:\/\/sol-air-tech.com\/","name":"SOL-AIR TECH","description":"vente de mat\u00e9riel \u00e9lectrique","publisher":{"@id":"https:\/\/sol-air-tech.com\/#organization"},"potentialAction":[{"@type":"SearchAction","target":{"@type":"EntryPoint","urlTemplate":"https:\/\/sol-air-tech.com\/?s={search_term_string}"},"query-input":"required name=search_term_string"}],"inLanguage":"en-CA"},{"@type":"Organization","@id":"https:\/\/sol-air-tech.com\/#organization","name":"SOL-AIR TECH","url":"https:\/\/sol-air-tech.com\/","logo":{"@type":"ImageObject","inLanguage":"en-CA","@id":"https:\/\/sol-air-tech.com\/#\/schema\/logo\/image\/","url":"https:\/\/sol-air-tech.com\/wp-content\/uploads\/2023\/07\/lOGOFINAL_SOLAIR_TECH.png","contentUrl":"https:\/\/sol-air-tech.com\/wp-content\/uploads\/2023\/07\/lOGOFINAL_SOLAIR_TECH.png","width":770,"height":306,"caption":"SOL-AIR TECH"},"image":{"@id":"https:\/\/sol-air-tech.com\/#\/schema\/logo\/image\/"}}]}},"_links":{"self":[{"href":"https:\/\/sol-air-tech.com\/en\/wp-json\/wp\/v2\/product\/9544","targetHints":{"allow":["GET"]}}],"collection":[{"href":"https:\/\/sol-air-tech.com\/en\/wp-json\/wp\/v2\/product"}],"about":[{"href":"https:\/\/sol-air-tech.com\/en\/wp-json\/wp\/v2\/types\/product"}],"replies":[{"embeddable":true,"href":"https:\/\/sol-air-tech.com\/en\/wp-json\/wp\/v2\/comments?post=9544"}],"wp:featuredmedia":[{"embeddable":true,"href":"https:\/\/sol-air-tech.com\/en\/wp-json\/wp\/v2\/media\/9547"}],"wp:attachment":[{"href":"https:\/\/sol-air-tech.com\/en\/wp-json\/wp\/v2\/media?parent=9544"}],"wp:term":[{"taxonomy":"product_brand","embeddable":true,"href":"https:\/\/sol-air-tech.com\/en\/wp-json\/wp\/v2\/product_brand?post=9544"},{"taxonomy":"product_cat","embeddable":true,"href":"https:\/\/sol-air-tech.com\/en\/wp-json\/wp\/v2\/product_cat?post=9544"},{"taxonomy":"product_tag","embeddable":true,"href":"https:\/\/sol-air-tech.com\/en\/wp-json\/wp\/v2\/product_tag?post=9544"}],"curies":[{"name":"wp","href":"https:\/\/api.w.org\/{rel}","templated":true}]}}