{"id":9534,"date":"2026-03-29T11:10:04","date_gmt":"2026-03-29T15:10:04","guid":{"rendered":"https:\/\/sol-air-tech.com\/?post_type=product&#038;p=9534"},"modified":"2026-04-11T09:03:25","modified_gmt":"2026-04-11T13:03:25","slug":"onduleur-srne-abp48100u200-h","status":"publish","type":"product","link":"https:\/\/sol-air-tech.com\/en\/product\/onduleur-srne-abp48100u200-h\/","title":{"rendered":"Onduleur SRNE ABP48100U200-H"},"content":{"rendered":"<p><img fetchpriority=\"high\" decoding=\"async\" class=\"alignleft size-medium wp-image-9510\" src=\"https:\/\/sol-air-tech.com\/wp-content\/uploads\/2026\/03\/04-ABP10K-300x169.png\" alt=\"\" width=\"300\" height=\"169\" \/><\/p>\n<ul>\n<li>Onduleur SRNE ABP 10KW<\/li>\n<li>120V\/240V V (split phase) pure sine wave<\/li>\n<li>Sortie AC 10,000W<\/li>\n<li>Compatible with 48V storage batteries<\/li>\n<li>Supporte R\u00e9seau\/g\u00e9n\u00e9ratrice et PV chargement<\/li>\n<li>Support time-slot function for peak demand<\/li>\n<\/ul>\n<h2><strong>Datasheet<\/strong><\/h2>\n<p><strong>Inverter Output<\/strong>:<\/p>\n<ul>\n<li>Rated Output Power:  10,000W<\/li>\n<li>Puissance de sortie maximum:\u00a0 20,000VA<\/li>\n<li>Voltage: 120V\/240V (deux phases s\u00e9par\u00e9es) ou 120V en simple phase<\/li>\n<li>Pure sine wave<\/li>\n<li>Six (6) unit\u00e9s peuvent \u00eatre branch\u00e9es en parall\u00e8le donnant jusqu&#8217;\u00e0 60KW<\/li>\n<li>Trois (3) en parall\u00e8le peuvent former une sortie en trois phases.<\/li>\n<li>Fr\u00e9quence 50\/60HZ<\/li>\n<li>Switch time: 10ms<\/li>\n<\/ul>\n<p><strong>Battery<\/strong><\/p>\n<ul>\n<li>Battery Type: Lead-Acid \/ Li-ion  \/ User Define<\/li>\n<li>Rated Battery Voltage:  48Vdc<\/li>\n<li>Battery Voltage Range: 40\u223c60Vdc<\/li>\n<li>Courant de charge maximum\u00a0 solaire (PV):\u00a0 200A<\/li>\n<li>Courant de charge maximum r\u00e9seau\/g\u00e9n\u00e9ratrice: 120A<\/li>\n<li>Maximum Hybrid Charging Current:  200A<\/li>\n<\/ul>\n<p><strong>Solar(PV) Input:<\/strong><\/p>\n<ul>\n<li>No. of MPPT:  2<\/li>\n<li>Maximum Input Power:  5,500W+5,500W<\/li>\n<li>Entr\u00e9e maximum de courant: 22A+22A<\/li>\n<li>Maximum Open Circuit Voltage:  550Vdc+550Vdc<\/li>\n<li>MPPT plage de voltage: 125\u223c425Vdc<\/li>\n<\/ul>\n<h4>Grid \/ Generator Input<\/h4>\n<ul>\n<li>Input Voltage Range: 40\u223c60Vdc<\/li>\n<li>Input Frequency: 50\/60HZ<\/li>\n<li>Contournement maximum de la surcharge du courant:\u00a0 63A<\/li>\n<\/ul>\n<p><strong>Efficiency<\/strong><\/p>\n<ul>\n<li>MPPT Tracking Efficiency:  99.9%<\/li>\n<li>Maximum efficacit\u00e9: 92%<\/li>\n<\/ul>\n<p><strong>General Data<\/strong><\/p>\n<p>Appareils en parall\u00e8le:\u00a0 \u00a0 1\u223c6 unit\u00e9s\u00a0 \u00a0 \u00a0 \u00a0 \u00a0 \u00a0 \u00a0 \u00a0 \u00a0 \u00a0 \u00a0 \u00a0 \u00a0 \u00a0 \u00a0 \u00a0 \u00a0 \u00a0 \u00a0 \u00a0 \u00a0 \u00a0 \u00a0 \u00a0 \u00a0 \u00a0 \u00a0 \u00a0 \u00a0 \u00a0 \u00a0 \u00a0 \u00a0 \u00a0Bruit:\u00a0 \u00a0 \u00a0 \u00a0 \u00a0 \u00a0 \u00a0 \u00a0 \u00a0 \u00a0 \u00a0 \u00a0 &lt;60dB<\/p>\n<p>Dimension:\u00a0 \u00a0 \u00a0 \u00a0 \u00a0 \u00a0 \u00a0 \u00a0 \u00a0 \u00a0 \u00a0 723*418*150mm\u00a0 \u00a0 \u00a0 \u00a0 \u00a0 \u00a0 \u00a0 \u00a0 \u00a0 \u00a0 \u00a0 \u00a0 \u00a0 \u00a0 \u00a0 \u00a0 \u00a0 \u00a0 \u00a0 \u00a0 \u00a0 \u00a0 \u00a0 \u00a0 \u00a0 \u00a0 \u00a0 \u00a0 \u00a0Refroidissement:\u00a0 \u00a0 \u00a0ventilateur<\/p>\n<p>Poids:\u00a0 \u00a0 \u00a0 \u00a0 \u00a0 \u00a0 \u00a0 \u00a0 \u00a0 \u00a0 \u00a0 \u00a0 \u00a0 \u00a0 \u00a0 \u00a0 28Kg\u00a0 \u00a0 \u00a0 \u00a0 \u00a0 \u00a0 \u00a0 \u00a0 \u00a0 \u00a0 \u00a0 \u00a0 \u00a0 \u00a0 \u00a0 \u00a0 \u00a0 \u00a0 \u00a0 \u00a0 \u00a0 \u00a0 \u00a0 \u00a0 \u00a0 \u00a0 \u00a0 \u00a0 \u00a0 \u00a0 \u00a0 \u00a0 \u00a0 \u00a0 \u00a0 \u00a0 \u00a0 \u00a0 \u00a0 Garantie:\u00a0 \u00a0 \u00a0 \u00a0 \u00a0 \u00a0 \u00a0 \u00a0 \u00a0 \u00a02 ans<\/p>\n<p>Degr\u00e9 de protection:\u00a0 \u00a0 \u00a0 IP20 (Int\u00e9rieur seulement)\u00a0 \u00a0 \u00a0 \u00a0 \u00a0 \u00a0 \u00a0 \u00a0 \u00a0 \u00a0 \u00a0 \u00a0 \u00a0 \u00a0 \u00a0 \u00a0 \u00a0 \u00a0 \u00a0 Temp\u00e9rature: -10\u223c55\u00b0C, &gt;45\u00b0se d\u00e9grade<\/p>\n<p>Communication:\u00a0 \u00a0 \u00a0 \u00a0 \u00a0 \u00a0 RS485\/CAN\/USB\/Contact sec\u00a0 \u00a0 \u00a0 \u00a0 \u00a0 \u00a0 \u00a0 \u00a0 \u00a0 \u00a0 \u00a0 \u00a0 \u00a0 \u00a0 \u00a0 \u00a0 Topologie:\u00a0 \u00a0 \u00a0 \u00a0Sans transformateur<\/p>\n<p>Module Wi-Fi:\u00a0 \u00a0 \u00a0 \u00a0 \u00a0 \u00a0 \u00a0 \u00a0 En Option\u00a0 \u00a0 \u00a0 \u00a0 \u00a0 \u00a0 \u00a0 \u00a0 \u00a0 \u00a0 \u00a0 \u00a0 \u00a0 \u00a0 \u00a0 \u00a0 \u00a0 \u00a0 \u00a0 \u00a0 \u00a0 \u00a0 \u00a0 \u00a0 \u00a0 \u00a0 \u00a0 \u00a0 \u00a0 \u00a0 \u00a0 \u00a0 \u00a0 \u00a0 \u00a0Certificat: Ul 1741 \/ IEC62109-1-2<\/p>\n<p><strong>Datasheet:<\/strong><\/p>\n<p><a href=\"https:\/\/sol-air-tech.com\/wp-content\/uploads\/2026\/03\/SRNE_ABP-series_US_48V_8-10kW_240V_split-phase_Solar-Storage-Inverter_datasheet_V1.0-1.pdf\">https:\/\/sol-air-tech.com\/wp-content\/uploads\/2026\/03\/SRNE_ABP-series_US_48V_8-10kW_240V_split-phase_Solar-Storage-Inverter_datasheet_V1.0-1.pdf<\/a><\/p>\n<p><strong>Instruction manual:<\/strong><\/p>\n<p><a href=\"https:\/\/sol-air-tech.com\/wp-content\/uploads\/2026\/03\/ABP-_8-10kW_U_All-in-one-solar-charge-inverter_V1.1.pdf\">https:\/\/sol-air-tech.com\/wp-content\/uploads\/2026\/03\/ABP-_8-10kW_U_All-in-one-solar-charge-inverter_V1.1.pdf<\/a><\/p>","protected":false},"excerpt":{"rendered":"<ul>\n<li>Onduleur SRNE ABP 48100U200-H<\/li>\n<li>120V\/240V en phases s\u00e9par\u00e9es ou 120V en simple phase<\/li>\n<li>Sortie AC 10,000W<\/li>\n<li>Compatible with 48V storage batteries<\/li>\n<li>Recharge hybride du r\u00e9seau\/g\u00e9n\u00e9ratrice et du solaire<\/li>\n<li>Certification UL 1741 \/ IEC62109-1-2<\/li>\n<\/ul>","protected":false},"featured_media":9568,"menu_order":0,"comment_status":"open","ping_status":"closed","template":"","meta":{"content-type":""},"product_brand":[],"product_cat":[156],"product_tag":[],"class_list":{"0":"post-9534","1":"product","2":"type-product","3":"status-publish","4":"has-post-thumbnail","6":"product_cat-ondulateurs-hybrides","7":"product_shipping_class-onduleur","9":"first","10":"onbackorder","11":"taxable","12":"shipping-taxable","13":"purchasable","14":"product-type-simple"},"yoast_head":"<!-- This site is optimized with the Yoast SEO plugin v21.5 - https:\/\/yoast.com\/wordpress\/plugins\/seo\/ -->\n<title>Onduleur SRNE ABP48100U200-H - SOL-AIR TECH<\/title>\n<meta name=\"description\" content=\"Onduleur 10KW 120V\/240VAC, Mod\u00e8le SRNE ABP48100U200-H, , phases s\u00e9par\u00e9es ou 120V simple phase, 48Vdc, deux ports MPPT 550V chaque, , WIFI en option.\" \/>\n<meta name=\"robots\" content=\"index, follow, max-snippet:-1, max-image-preview:large, max-video-preview:-1\" \/>\n<link rel=\"canonical\" href=\"https:\/\/sol-air-tech.com\/en\/product-category\/ondulateurs-hybrides\/\" \/>\n<meta property=\"og:locale\" content=\"en_US\" \/>\n<meta property=\"og:type\" content=\"article\" \/>\n<meta property=\"og:title\" content=\"Onduleur SRNE ABP48100U200-H - SOL-AIR TECH\" \/>\n<meta property=\"og:description\" content=\"Onduleur 10KW 120V\/240VAC, Mod\u00e8le SRNE ABP48100U200-H, , phases s\u00e9par\u00e9es ou 120V simple phase, 48Vdc, deux ports MPPT 550V chaque, , WIFI en option.\" \/>\n<meta property=\"og:url\" content=\"https:\/\/sol-air-tech.com\/en\/product-category\/ondulateurs-hybrides\/\" \/>\n<meta property=\"og:site_name\" content=\"SOL-AIR TECH\" \/>\n<meta property=\"article:modified_time\" content=\"2026-04-11T13:03:25+00:00\" \/>\n<meta property=\"og:image\" content=\"https:\/\/sol-air-tech.com\/wp-content\/uploads\/2026\/04\/SRNE-ABP-10-KW-face-scaled.png\" \/>\n\t<meta property=\"og:image:width\" content=\"2560\" \/>\n\t<meta property=\"og:image:height\" content=\"1440\" \/>\n\t<meta property=\"og:image:type\" content=\"image\/png\" \/>\n<meta name=\"twitter:card\" content=\"summary_large_image\" \/>\n<meta name=\"twitter:label1\" content=\"Est. reading time\" \/>\n\t<meta name=\"twitter:data1\" content=\"2 minutes\" \/>\n<script type=\"application\/ld+json\" class=\"yoast-schema-graph\">{\"@context\":\"https:\/\/schema.org\",\"@graph\":[{\"@type\":\"WebPage\",\"@id\":\"https:\/\/sol-air-tech.com\/product\/onduleur-srne-abp48100u200-h\/\",\"url\":\"https:\/\/sol-air-tech.com\/product-category\/ondulateurs-hybrides\/\",\"name\":\"Onduleur SRNE ABP48100U200-H - SOL-AIR TECH\",\"isPartOf\":{\"@id\":\"https:\/\/sol-air-tech.com\/#website\"},\"datePublished\":\"2026-03-29T15:10:04+00:00\",\"dateModified\":\"2026-04-11T13:03:25+00:00\",\"description\":\"Onduleur 10KW 120V\/240VAC, Mod\u00e8le SRNE ABP48100U200-H, , phases s\u00e9par\u00e9es ou 120V simple phase, 48Vdc, deux ports MPPT 550V chaque, , WIFI en option.\",\"breadcrumb\":{\"@id\":\"https:\/\/sol-air-tech.com\/product-category\/ondulateurs-hybrides\/#breadcrumb\"},\"inLanguage\":\"en-CA\",\"potentialAction\":[{\"@type\":\"ReadAction\",\"target\":[\"https:\/\/sol-air-tech.com\/product-category\/ondulateurs-hybrides\/\"]}]},{\"@type\":\"BreadcrumbList\",\"@id\":\"https:\/\/sol-air-tech.com\/product-category\/ondulateurs-hybrides\/#breadcrumb\",\"itemListElement\":[{\"@type\":\"ListItem\",\"position\":1,\"name\":\"Accueil\",\"item\":\"https:\/\/sol-air-tech.com\/\"},{\"@type\":\"ListItem\",\"position\":2,\"name\":\"Boutique\",\"item\":\"https:\/\/sol-air-tech.com\/en\/boutique\/\"},{\"@type\":\"ListItem\",\"position\":3,\"name\":\"Onduleur SRNE ABP48100U200-H\"}]},{\"@type\":\"WebSite\",\"@id\":\"https:\/\/sol-air-tech.com\/#website\",\"url\":\"https:\/\/sol-air-tech.com\/\",\"name\":\"SOL-AIR TECH\",\"description\":\"vente de mat\u00e9riel \u00e9lectrique\",\"publisher\":{\"@id\":\"https:\/\/sol-air-tech.com\/#organization\"},\"potentialAction\":[{\"@type\":\"SearchAction\",\"target\":{\"@type\":\"EntryPoint\",\"urlTemplate\":\"https:\/\/sol-air-tech.com\/?s={search_term_string}\"},\"query-input\":\"required name=search_term_string\"}],\"inLanguage\":\"en-CA\"},{\"@type\":\"Organization\",\"@id\":\"https:\/\/sol-air-tech.com\/#organization\",\"name\":\"SOL-AIR TECH\",\"url\":\"https:\/\/sol-air-tech.com\/\",\"logo\":{\"@type\":\"ImageObject\",\"inLanguage\":\"en-CA\",\"@id\":\"https:\/\/sol-air-tech.com\/#\/schema\/logo\/image\/\",\"url\":\"https:\/\/sol-air-tech.com\/wp-content\/uploads\/2023\/07\/lOGOFINAL_SOLAIR_TECH.png\",\"contentUrl\":\"https:\/\/sol-air-tech.com\/wp-content\/uploads\/2023\/07\/lOGOFINAL_SOLAIR_TECH.png\",\"width\":770,\"height\":306,\"caption\":\"SOL-AIR TECH\"},\"image\":{\"@id\":\"https:\/\/sol-air-tech.com\/#\/schema\/logo\/image\/\"}}]}<\/script>\n<!-- \/ Yoast SEO plugin. -->","yoast_head_json":{"title":"Onduleur SRNE ABP48100U200-H - SOL-AIR TECH","description":"Onduleur 10KW 120V\/240VAC, Mod\u00e8le SRNE ABP48100U200-H, , phases s\u00e9par\u00e9es ou 120V simple phase, 48Vdc, deux ports MPPT 550V chaque, , WIFI en option.","robots":{"index":"index","follow":"follow","max-snippet":"max-snippet:-1","max-image-preview":"max-image-preview:large","max-video-preview":"max-video-preview:-1"},"canonical":"https:\/\/sol-air-tech.com\/en\/product-category\/ondulateurs-hybrides\/","og_locale":"en_US","og_type":"article","og_title":"Onduleur SRNE ABP48100U200-H - SOL-AIR TECH","og_description":"Onduleur 10KW 120V\/240VAC, Mod\u00e8le SRNE ABP48100U200-H, , phases s\u00e9par\u00e9es ou 120V simple phase, 48Vdc, deux ports MPPT 550V chaque, , WIFI en option.","og_url":"https:\/\/sol-air-tech.com\/en\/product-category\/ondulateurs-hybrides\/","og_site_name":"SOL-AIR TECH","article_modified_time":"2026-04-11T13:03:25+00:00","og_image":[{"width":2560,"height":1440,"url":"https:\/\/sol-air-tech.com\/wp-content\/uploads\/2026\/04\/SRNE-ABP-10-KW-face-scaled.png","type":"image\/png"}],"twitter_card":"summary_large_image","twitter_misc":{"Est. reading time":"2 minutes"},"schema":{"@context":"https:\/\/schema.org","@graph":[{"@type":"WebPage","@id":"https:\/\/sol-air-tech.com\/product\/onduleur-srne-abp48100u200-h\/","url":"https:\/\/sol-air-tech.com\/product-category\/ondulateurs-hybrides\/","name":"Onduleur SRNE ABP48100U200-H - SOL-AIR TECH","isPartOf":{"@id":"https:\/\/sol-air-tech.com\/#website"},"datePublished":"2026-03-29T15:10:04+00:00","dateModified":"2026-04-11T13:03:25+00:00","description":"Onduleur 10KW 120V\/240VAC, Mod\u00e8le SRNE ABP48100U200-H, , phases s\u00e9par\u00e9es ou 120V simple phase, 48Vdc, deux ports MPPT 550V chaque, , WIFI en option.","breadcrumb":{"@id":"https:\/\/sol-air-tech.com\/product-category\/ondulateurs-hybrides\/#breadcrumb"},"inLanguage":"en-CA","potentialAction":[{"@type":"ReadAction","target":["https:\/\/sol-air-tech.com\/product-category\/ondulateurs-hybrides\/"]}]},{"@type":"BreadcrumbList","@id":"https:\/\/sol-air-tech.com\/product-category\/ondulateurs-hybrides\/#breadcrumb","itemListElement":[{"@type":"ListItem","position":1,"name":"Accueil","item":"https:\/\/sol-air-tech.com\/"},{"@type":"ListItem","position":2,"name":"Boutique","item":"https:\/\/sol-air-tech.com\/en\/boutique\/"},{"@type":"ListItem","position":3,"name":"Onduleur SRNE ABP48100U200-H"}]},{"@type":"WebSite","@id":"https:\/\/sol-air-tech.com\/#website","url":"https:\/\/sol-air-tech.com\/","name":"SOL-AIR TECH","description":"vente de mat\u00e9riel \u00e9lectrique","publisher":{"@id":"https:\/\/sol-air-tech.com\/#organization"},"potentialAction":[{"@type":"SearchAction","target":{"@type":"EntryPoint","urlTemplate":"https:\/\/sol-air-tech.com\/?s={search_term_string}"},"query-input":"required name=search_term_string"}],"inLanguage":"en-CA"},{"@type":"Organization","@id":"https:\/\/sol-air-tech.com\/#organization","name":"SOL-AIR TECH","url":"https:\/\/sol-air-tech.com\/","logo":{"@type":"ImageObject","inLanguage":"en-CA","@id":"https:\/\/sol-air-tech.com\/#\/schema\/logo\/image\/","url":"https:\/\/sol-air-tech.com\/wp-content\/uploads\/2023\/07\/lOGOFINAL_SOLAIR_TECH.png","contentUrl":"https:\/\/sol-air-tech.com\/wp-content\/uploads\/2023\/07\/lOGOFINAL_SOLAIR_TECH.png","width":770,"height":306,"caption":"SOL-AIR TECH"},"image":{"@id":"https:\/\/sol-air-tech.com\/#\/schema\/logo\/image\/"}}]}},"_links":{"self":[{"href":"https:\/\/sol-air-tech.com\/en\/wp-json\/wp\/v2\/product\/9534","targetHints":{"allow":["GET"]}}],"collection":[{"href":"https:\/\/sol-air-tech.com\/en\/wp-json\/wp\/v2\/product"}],"about":[{"href":"https:\/\/sol-air-tech.com\/en\/wp-json\/wp\/v2\/types\/product"}],"replies":[{"embeddable":true,"href":"https:\/\/sol-air-tech.com\/en\/wp-json\/wp\/v2\/comments?post=9534"}],"wp:featuredmedia":[{"embeddable":true,"href":"https:\/\/sol-air-tech.com\/en\/wp-json\/wp\/v2\/media\/9568"}],"wp:attachment":[{"href":"https:\/\/sol-air-tech.com\/en\/wp-json\/wp\/v2\/media?parent=9534"}],"wp:term":[{"taxonomy":"product_brand","embeddable":true,"href":"https:\/\/sol-air-tech.com\/en\/wp-json\/wp\/v2\/product_brand?post=9534"},{"taxonomy":"product_cat","embeddable":true,"href":"https:\/\/sol-air-tech.com\/en\/wp-json\/wp\/v2\/product_cat?post=9534"},{"taxonomy":"product_tag","embeddable":true,"href":"https:\/\/sol-air-tech.com\/en\/wp-json\/wp\/v2\/product_tag?post=9534"}],"curies":[{"name":"wp","href":"https:\/\/api.w.org\/{rel}","templated":true}]}}