{"id":9533,"date":"2026-03-29T10:41:54","date_gmt":"2026-03-29T14:41:54","guid":{"rendered":"https:\/\/sol-air-tech.com\/?post_type=product&#038;p=9533"},"modified":"2026-04-23T15:20:48","modified_gmt":"2026-04-23T19:20:48","slug":"onduleur-srne-abp4865u100-h-6-5kw","status":"publish","type":"product","link":"https:\/\/sol-air-tech.com\/en\/product\/onduleur-srne-abp4865u100-h-6-5kw\/","title":{"rendered":"Onduleur SRNE ABP486.50U100-H 6.5KW"},"content":{"rendered":"<p>&nbsp;<\/p>\n<ul>\n<li>Onduleur SRNE ABP 6.5KW<\/li>\n<li>120V\/240V V (split phase) pure sine wave<\/li>\n<li>Sortie AC 6,500K<\/li>\n<li>Compatible with 48V storage batteries<\/li>\n<li>Separate inputs for the grid and the generator<\/li>\n<li>Supports mains power and generator with intelligent switching<\/li>\n<li>Support time-slot function for peak demand<\/li>\n<\/ul>\n<h2><strong>Datasheet<\/strong><\/h2>\n<p><strong>Inverter Output<\/strong>:<\/p>\n<ul>\n<li>Puissance de sortie: 6,500W<\/li>\n<li>Puissance de sortie maximum:\u00a0 13,000VA<\/li>\n<li>Voltage: 120V\/240V (deux phases s\u00e9par\u00e9es)<\/li>\n<li>Pure sine wave<\/li>\n<li>Fr\u00e9quence 50\/60HZ<\/li>\n<li>Switch time: 10ms<\/li>\n<\/ul>\n<p><strong>Battery<\/strong><\/p>\n<ul>\n<li>Battery Type: Lead-Acid \/ Li-ion  \/ User Define<\/li>\n<li>Rated Battery Voltage:  48Vdc<\/li>\n<li>Battery Voltage Range: 40\u223c60Vdc<\/li>\n<li>Courant de charge maximum r\u00e9seau\/g\u00e9n\u00e9ratrice: 80A<\/li>\n<li>Courant de charge maximum hybride: 140A<\/li>\n<\/ul>\n<p><strong>Solar(PV) Input:<\/strong><\/p>\n<ul>\n<li>No. of MPPT:  2<\/li>\n<li>Entr\u00e9e maximum de puissance: 5,000W+5,000W<\/li>\n<li>Maximum Input Current:  18A+18A<\/li>\n<li>Maximum Open Circuit Voltage:  550Vdc+550Vdc<\/li>\n<li>MPPT Voltage Range:  150\u223c450Vdc<\/li>\n<\/ul>\n<h4>Grid \/ Generator Input<\/h4>\n<ul>\n<li>Input Voltage Range: 65\u223c140Vac<\/li>\n<li>Input Frequency: 50\/60HZ<\/li>\n<li>Bypass Overload Current:  40A<\/li>\n<\/ul>\n<p><strong>Efficiency<\/strong><\/p>\n<ul>\n<li>MPPT Tracking Efficiency:  99.9%<\/li>\n<li>Maximum Efficiency:  93%<\/li>\n<\/ul>\n<p><strong>General Data<\/strong><\/p>\n<p>Units in parallel: 1\u223c6 units \u00a0 \u00a0 \u00a0 \u00a0 \u00a0 \u00a0 \u00a0 \u00a0 \u00a0 \u00a0 \u00a0 \u00a0 \u00a0 \u00a0 \u00a0 \u00a0 \u00a0 \u00a0 \u00a0 \u00a0 \u00a0 \u00a0 \u00a0 \u00a0 \u00a0 \u00a0 \u00a0 \u00a0 \u00a0 \u00a0 \u00a0 \u00a0 \u00a0Noise:\u00a0 \u00a0 \u00a0 \u00a0 \u00a0 \u00a0 \u00a0 \u00a0 \u00a0 \u00a0 \u00a0 \u00a0 &lt;60dB<\/p>\n<p>Dimension:\u00a0 \u00a0 \u00a0 \u00a0 \u00a0 \u00a0 \u00a0 \u00a0 \u00a0 \u00a0 \u00a0 648*410*140mm\u00a0 \u00a0 \u00a0 \u00a0 \u00a0 \u00a0 \u00a0 \u00a0 \u00a0 \u00a0 \u00a0 \u00a0 \u00a0 \u00a0 \u00a0 \u00a0 \u00a0 \u00a0 \u00a0 \u00a0 \u00a0 \u00a0 \u00a0 \u00a0 \u00a0 \u00a0 \u00a0 \u00a0 Refroidissement:\u00a0 \u00a0 \u00a0ventilateur<\/p>\n<p>Weight:\u00a0 \u00a0 \u00a0 \u00a0 \u00a0 \u00a0 \u00a0 \u00a0 \u00a0 \u00a0 \u00a0 \u00a0 \u00a0 \u00a0 \u00a0 \u00a0 21.7Kg\u00a0 \u00a0 \u00a0 \u00a0 \u00a0 \u00a0 \u00a0 \u00a0 \u00a0 \u00a0 \u00a0 \u00a0 \u00a0 \u00a0 \u00a0 \u00a0 \u00a0 \u00a0 \u00a0 \u00a0 \u00a0 \u00a0 \u00a0 \u00a0 \u00a0 \u00a0 \u00a0 \u00a0 \u00a0 \u00a0 \u00a0 \u00a0 \u00a0 \u00a0 \u00a0 \u00a0 \u00a0 \u00a0 Warranty:\u00a0 \u00a0 \u00a0 \u00a0 \u00a0 \u00a0 \u00a0 \u00a0 \u00a0 \u00a02 years<\/p>\n<p>Protection Degree:      IP20 (indoor only)                                                                             \/                            Temperature: -10\u223c55\u00b0C, &gt;45\u00b0 derate<\/p>\n<p>Communication:\u00a0 \u00a0 \u00a0 \u00a0 \u00a0 \u00a0 RS485\/CAN\/USB\/Contact sec\u00a0 \u00a0 \u00a0 \u00a0 \u00a0 \u00a0 \u00a0 \u00a0 \u00a0 \u00a0 \u00a0 \u00a0 \u00a0 \u00a0 \u00a0 \u00a0 Topologie:\u00a0 \u00a0 \u00a0 \u00a0Sans transformateur<\/p>\n<p>Module Wi-Fi:\u00a0 \u00a0 \u00a0 \u00a0 \u00a0 \u00a0 \u00a0 \u00a0 En Option\u00a0 \u00a0 \u00a0 \u00a0 \u00a0 \u00a0 \u00a0 \u00a0 \u00a0 \u00a0 \u00a0 \u00a0 \u00a0 \u00a0 \u00a0 \u00a0 \u00a0 \u00a0 \u00a0 \u00a0 \u00a0 \u00a0 \u00a0 \u00a0 \u00a0 \u00a0 \u00a0 \u00a0 \u00a0 \u00a0 \u00a0 \u00a0 \u00a0 \u00a0 \u00a0Certificat: Ul 1741 \/ IEC62109-1-2<\/p>\n<h3>Fiche Technique en Fran\u00e7ais:<\/h3>\n<p><a href=\"https:\/\/sol-air-tech.com\/wp-content\/uploads\/2026\/04\/Traduction-fiche-tech-ABPP-4-6.5KW.pdf\">https:\/\/sol-air-tech.com\/wp-content\/uploads\/2026\/04\/Traduction-fiche-tech-ABPP-4-6.5KW.pdf<\/a><\/p>\n<h3>Manuel d&#8217;instruction en Fran\u00e7ais:<\/h3>\n<p><a href=\"https:\/\/sol-air-tech.com\/wp-content\/uploads\/2026\/04\/Manuel-dinstruction-ABP-4-6.5KW-version2.pdf\">https:\/\/sol-air-tech.com\/wp-content\/uploads\/2026\/04\/Manuel-dinstruction-ABP-4-6.5KW-version2.pdf<\/a><\/p>\n<p><strong>Datasheet:<\/strong><\/p>\n<p><a href=\"https:\/\/sol-air-tech.com\/wp-content\/uploads\/2026\/03\/SRNE_ABP-series_US_48V_4-6.5kW_240V_split-phase_Solar-Storage-Inverter_datasheet_V1.0-1.pdf\">https:\/\/sol-air-tech.com\/wp-content\/uploads\/2026\/03\/SRNE_ABP-series_US_48V_4-6.5kW_240V_split-phase_Solar-Storage-Inverter_datasheet_V1.0-1.pdf<\/a><\/p>\n<p><strong>Instruction manual:<\/strong><\/p>\n<p><a href=\"https:\/\/sol-air-tech.com\/wp-content\/uploads\/2026\/03\/ABP-4-6.5KW-U-series_solar-storage-inverter_V1.1.pdf\">https:\/\/sol-air-tech.com\/wp-content\/uploads\/2026\/03\/ABP-4-6.5KW-U-series_solar-storage-inverter_V1.1.pdf<\/a><\/p>","protected":false},"excerpt":{"rendered":"<ul>\n<li>Onduleur SRNE ABP 4865U140-H 6.5KW<\/li>\n<li>120V\/240V V (split phase)<\/li>\n<li>Sortie AC 6,500W<\/li>\n<li>Compatible with 48V storage batteries<\/li>\n<li>Separate inputs for the grid and the generator<\/li>\n<li>Certification UL 1741 \/ IEC62109-1-2<\/li>\n<\/ul>","protected":false},"featured_media":9565,"menu_order":0,"comment_status":"open","ping_status":"closed","template":"","meta":{"content-type":""},"product_brand":[],"product_cat":[156],"product_tag":[],"class_list":{"0":"post-9533","1":"product","2":"type-product","3":"status-publish","4":"has-post-thumbnail","6":"product_cat-ondulateurs-hybrides","7":"product_shipping_class-onduleur","9":"first","10":"onbackorder","11":"taxable","12":"shipping-taxable","13":"purchasable","14":"product-type-simple"},"yoast_head":"<!-- This site is optimized with the Yoast SEO plugin v21.5 - https:\/\/yoast.com\/wordpress\/plugins\/seo\/ -->\n<title>Onduleur SRNE ABP486.50U100-H 6.5KW - SOL-AIR TECH<\/title>\n<meta name=\"description\" content=\"Onduleur SRNE ABP486.50U100-H 6.5KW, (split-Phase)120V\/240VAC,, Batteries 48Vdc, Deux ports MPPT 550V, Port s\u00e9par\u00e9 pour la g\u00e9n\u00e9ratrice.\" \/>\n<meta name=\"robots\" content=\"index, follow, max-snippet:-1, max-image-preview:large, max-video-preview:-1\" \/>\n<link rel=\"canonical\" href=\"https:\/\/sol-air-tech.com\/en\/product-category\/ondulateurs-hybrides\/\" \/>\n<meta property=\"og:locale\" content=\"en_US\" \/>\n<meta property=\"og:type\" content=\"article\" \/>\n<meta property=\"og:title\" content=\"Onduleur SRNE ABP486.50U100-H 6.5KW - SOL-AIR TECH\" \/>\n<meta property=\"og:description\" content=\"Onduleur SRNE ABP486.50U100-H 6.5KW, (split-Phase)120V\/240VAC,, Batteries 48Vdc, Deux ports MPPT 550V, Port s\u00e9par\u00e9 pour la g\u00e9n\u00e9ratrice.\" \/>\n<meta property=\"og:url\" content=\"https:\/\/sol-air-tech.com\/en\/product-category\/ondulateurs-hybrides\/\" \/>\n<meta property=\"og:site_name\" content=\"SOL-AIR TECH\" \/>\n<meta property=\"article:modified_time\" content=\"2026-04-23T19:20:48+00:00\" \/>\n<meta property=\"og:image\" content=\"https:\/\/sol-air-tech.com\/wp-content\/uploads\/2026\/04\/SRNE-ABP-4-6.5KW-droit-scaled.png\" \/>\n\t<meta property=\"og:image:width\" content=\"2560\" \/>\n\t<meta property=\"og:image:height\" content=\"1440\" \/>\n\t<meta property=\"og:image:type\" content=\"image\/png\" \/>\n<meta name=\"twitter:card\" content=\"summary_large_image\" \/>\n<meta name=\"twitter:label1\" content=\"Est. reading time\" \/>\n\t<meta name=\"twitter:data1\" content=\"2 minutes\" \/>\n<script type=\"application\/ld+json\" class=\"yoast-schema-graph\">{\"@context\":\"https:\/\/schema.org\",\"@graph\":[{\"@type\":\"WebPage\",\"@id\":\"https:\/\/sol-air-tech.com\/product\/onduleur-srne-abp4865u100-h-6-5kw\/\",\"url\":\"https:\/\/sol-air-tech.com\/product-category\/ondulateurs-hybrides\/\",\"name\":\"Onduleur SRNE ABP486.50U100-H 6.5KW - SOL-AIR TECH\",\"isPartOf\":{\"@id\":\"https:\/\/sol-air-tech.com\/#website\"},\"datePublished\":\"2026-03-29T14:41:54+00:00\",\"dateModified\":\"2026-04-23T19:20:48+00:00\",\"description\":\"Onduleur SRNE ABP486.50U100-H 6.5KW, (split-Phase)120V\/240VAC,, Batteries 48Vdc, Deux ports MPPT 550V, Port s\u00e9par\u00e9 pour la g\u00e9n\u00e9ratrice.\",\"breadcrumb\":{\"@id\":\"https:\/\/sol-air-tech.com\/product-category\/ondulateurs-hybrides\/#breadcrumb\"},\"inLanguage\":\"en-CA\",\"potentialAction\":[{\"@type\":\"ReadAction\",\"target\":[\"https:\/\/sol-air-tech.com\/product-category\/ondulateurs-hybrides\/\"]}]},{\"@type\":\"BreadcrumbList\",\"@id\":\"https:\/\/sol-air-tech.com\/product-category\/ondulateurs-hybrides\/#breadcrumb\",\"itemListElement\":[{\"@type\":\"ListItem\",\"position\":1,\"name\":\"Accueil\",\"item\":\"https:\/\/sol-air-tech.com\/\"},{\"@type\":\"ListItem\",\"position\":2,\"name\":\"Boutique\",\"item\":\"https:\/\/sol-air-tech.com\/en\/boutique\/\"},{\"@type\":\"ListItem\",\"position\":3,\"name\":\"Onduleur SRNE ABP486.50U100-H 6.5KW\"}]},{\"@type\":\"WebSite\",\"@id\":\"https:\/\/sol-air-tech.com\/#website\",\"url\":\"https:\/\/sol-air-tech.com\/\",\"name\":\"SOL-AIR TECH\",\"description\":\"vente de mat\u00e9riel \u00e9lectrique\",\"publisher\":{\"@id\":\"https:\/\/sol-air-tech.com\/#organization\"},\"potentialAction\":[{\"@type\":\"SearchAction\",\"target\":{\"@type\":\"EntryPoint\",\"urlTemplate\":\"https:\/\/sol-air-tech.com\/?s={search_term_string}\"},\"query-input\":\"required name=search_term_string\"}],\"inLanguage\":\"en-CA\"},{\"@type\":\"Organization\",\"@id\":\"https:\/\/sol-air-tech.com\/#organization\",\"name\":\"SOL-AIR TECH\",\"url\":\"https:\/\/sol-air-tech.com\/\",\"logo\":{\"@type\":\"ImageObject\",\"inLanguage\":\"en-CA\",\"@id\":\"https:\/\/sol-air-tech.com\/#\/schema\/logo\/image\/\",\"url\":\"https:\/\/sol-air-tech.com\/wp-content\/uploads\/2023\/07\/lOGOFINAL_SOLAIR_TECH.png\",\"contentUrl\":\"https:\/\/sol-air-tech.com\/wp-content\/uploads\/2023\/07\/lOGOFINAL_SOLAIR_TECH.png\",\"width\":770,\"height\":306,\"caption\":\"SOL-AIR TECH\"},\"image\":{\"@id\":\"https:\/\/sol-air-tech.com\/#\/schema\/logo\/image\/\"}}]}<\/script>\n<!-- \/ Yoast SEO plugin. -->","yoast_head_json":{"title":"Onduleur SRNE ABP486.50U100-H 6.5KW - SOL-AIR TECH","description":"Onduleur SRNE ABP486.50U100-H 6.5KW, (split-Phase)120V\/240VAC,, Batteries 48Vdc, Deux ports MPPT 550V, Port s\u00e9par\u00e9 pour la g\u00e9n\u00e9ratrice.","robots":{"index":"index","follow":"follow","max-snippet":"max-snippet:-1","max-image-preview":"max-image-preview:large","max-video-preview":"max-video-preview:-1"},"canonical":"https:\/\/sol-air-tech.com\/en\/product-category\/ondulateurs-hybrides\/","og_locale":"en_US","og_type":"article","og_title":"Onduleur SRNE ABP486.50U100-H 6.5KW - SOL-AIR TECH","og_description":"Onduleur SRNE ABP486.50U100-H 6.5KW, (split-Phase)120V\/240VAC,, Batteries 48Vdc, Deux ports MPPT 550V, Port s\u00e9par\u00e9 pour la g\u00e9n\u00e9ratrice.","og_url":"https:\/\/sol-air-tech.com\/en\/product-category\/ondulateurs-hybrides\/","og_site_name":"SOL-AIR TECH","article_modified_time":"2026-04-23T19:20:48+00:00","og_image":[{"width":2560,"height":1440,"url":"https:\/\/sol-air-tech.com\/wp-content\/uploads\/2026\/04\/SRNE-ABP-4-6.5KW-droit-scaled.png","type":"image\/png"}],"twitter_card":"summary_large_image","twitter_misc":{"Est. reading time":"2 minutes"},"schema":{"@context":"https:\/\/schema.org","@graph":[{"@type":"WebPage","@id":"https:\/\/sol-air-tech.com\/product\/onduleur-srne-abp4865u100-h-6-5kw\/","url":"https:\/\/sol-air-tech.com\/product-category\/ondulateurs-hybrides\/","name":"Onduleur SRNE ABP486.50U100-H 6.5KW - SOL-AIR TECH","isPartOf":{"@id":"https:\/\/sol-air-tech.com\/#website"},"datePublished":"2026-03-29T14:41:54+00:00","dateModified":"2026-04-23T19:20:48+00:00","description":"Onduleur SRNE ABP486.50U100-H 6.5KW, (split-Phase)120V\/240VAC,, Batteries 48Vdc, Deux ports MPPT 550V, Port s\u00e9par\u00e9 pour la g\u00e9n\u00e9ratrice.","breadcrumb":{"@id":"https:\/\/sol-air-tech.com\/product-category\/ondulateurs-hybrides\/#breadcrumb"},"inLanguage":"en-CA","potentialAction":[{"@type":"ReadAction","target":["https:\/\/sol-air-tech.com\/product-category\/ondulateurs-hybrides\/"]}]},{"@type":"BreadcrumbList","@id":"https:\/\/sol-air-tech.com\/product-category\/ondulateurs-hybrides\/#breadcrumb","itemListElement":[{"@type":"ListItem","position":1,"name":"Accueil","item":"https:\/\/sol-air-tech.com\/"},{"@type":"ListItem","position":2,"name":"Boutique","item":"https:\/\/sol-air-tech.com\/en\/boutique\/"},{"@type":"ListItem","position":3,"name":"Onduleur SRNE ABP486.50U100-H 6.5KW"}]},{"@type":"WebSite","@id":"https:\/\/sol-air-tech.com\/#website","url":"https:\/\/sol-air-tech.com\/","name":"SOL-AIR TECH","description":"vente de mat\u00e9riel \u00e9lectrique","publisher":{"@id":"https:\/\/sol-air-tech.com\/#organization"},"potentialAction":[{"@type":"SearchAction","target":{"@type":"EntryPoint","urlTemplate":"https:\/\/sol-air-tech.com\/?s={search_term_string}"},"query-input":"required name=search_term_string"}],"inLanguage":"en-CA"},{"@type":"Organization","@id":"https:\/\/sol-air-tech.com\/#organization","name":"SOL-AIR TECH","url":"https:\/\/sol-air-tech.com\/","logo":{"@type":"ImageObject","inLanguage":"en-CA","@id":"https:\/\/sol-air-tech.com\/#\/schema\/logo\/image\/","url":"https:\/\/sol-air-tech.com\/wp-content\/uploads\/2023\/07\/lOGOFINAL_SOLAIR_TECH.png","contentUrl":"https:\/\/sol-air-tech.com\/wp-content\/uploads\/2023\/07\/lOGOFINAL_SOLAIR_TECH.png","width":770,"height":306,"caption":"SOL-AIR TECH"},"image":{"@id":"https:\/\/sol-air-tech.com\/#\/schema\/logo\/image\/"}}]}},"_links":{"self":[{"href":"https:\/\/sol-air-tech.com\/en\/wp-json\/wp\/v2\/product\/9533","targetHints":{"allow":["GET"]}}],"collection":[{"href":"https:\/\/sol-air-tech.com\/en\/wp-json\/wp\/v2\/product"}],"about":[{"href":"https:\/\/sol-air-tech.com\/en\/wp-json\/wp\/v2\/types\/product"}],"replies":[{"embeddable":true,"href":"https:\/\/sol-air-tech.com\/en\/wp-json\/wp\/v2\/comments?post=9533"}],"wp:featuredmedia":[{"embeddable":true,"href":"https:\/\/sol-air-tech.com\/en\/wp-json\/wp\/v2\/media\/9565"}],"wp:attachment":[{"href":"https:\/\/sol-air-tech.com\/en\/wp-json\/wp\/v2\/media?parent=9533"}],"wp:term":[{"taxonomy":"product_brand","embeddable":true,"href":"https:\/\/sol-air-tech.com\/en\/wp-json\/wp\/v2\/product_brand?post=9533"},{"taxonomy":"product_cat","embeddable":true,"href":"https:\/\/sol-air-tech.com\/en\/wp-json\/wp\/v2\/product_cat?post=9533"},{"taxonomy":"product_tag","embeddable":true,"href":"https:\/\/sol-air-tech.com\/en\/wp-json\/wp\/v2\/product_tag?post=9533"}],"curies":[{"name":"wp","href":"https:\/\/api.w.org\/{rel}","templated":true}]}}