{"id":9523,"date":"2026-03-27T09:08:49","date_gmt":"2026-03-27T13:08:49","guid":{"rendered":"https:\/\/sol-air-tech.com\/?post_type=product&#038;p=9523"},"modified":"2026-04-23T10:58:56","modified_gmt":"2026-04-23T14:58:56","slug":"onduleur-srne-abp4840u100-h-4kw","status":"publish","type":"product","link":"https:\/\/sol-air-tech.com\/en\/product\/onduleur-srne-abp4840u100-h-4kw\/","title":{"rendered":"Onduleur SRNE ABP4840U100-H 4KW"},"content":{"rendered":"<p><img fetchpriority=\"high\" decoding=\"async\" class=\"alignleft size-medium wp-image-9567\" src=\"https:\/\/sol-air-tech.com\/wp-content\/uploads\/2026\/04\/SRNE-ABP-4-6.5KW-gauche-300x169.png\" alt=\"\" width=\"300\" height=\"169\" srcset=\"https:\/\/sol-air-tech.com\/wp-content\/uploads\/2026\/04\/SRNE-ABP-4-6.5KW-gauche-300x169.png 300w, https:\/\/sol-air-tech.com\/wp-content\/uploads\/2026\/04\/SRNE-ABP-4-6.5KW-gauche-1024x576.png 1024w, https:\/\/sol-air-tech.com\/wp-content\/uploads\/2026\/04\/SRNE-ABP-4-6.5KW-gauche-768x432.png 768w, https:\/\/sol-air-tech.com\/wp-content\/uploads\/2026\/04\/SRNE-ABP-4-6.5KW-gauche-1536x864.png 1536w, https:\/\/sol-air-tech.com\/wp-content\/uploads\/2026\/04\/SRNE-ABP-4-6.5KW-gauche-2048x1152.png 2048w, https:\/\/sol-air-tech.com\/wp-content\/uploads\/2026\/04\/SRNE-ABP-4-6.5KW-gauche-18x10.png 18w, https:\/\/sol-air-tech.com\/wp-content\/uploads\/2026\/04\/SRNE-ABP-4-6.5KW-gauche-570x321.png 570w\" sizes=\"(max-width: 300px) 100vw, 300px\" \/><\/p>\n<ul>\n<li>Onduleur 4KW 120Vac\/240Vac (split phase)<\/li>\n<li>Mod\u00e8le SRNE ABP4840U100-H<\/li>\n<li>AC Rated Output Power  4K<\/li>\n<li>Compatible with 48V storage batteries<\/li>\n<li>Separate inputs for the grid and the generator<\/li>\n<li>Supports mains power and generator with intelligent switching<\/li>\n<li>Support time-slot function for peak demand<\/li>\n<li>Certification UL 1741 \/ IEC62109-1-2<\/li>\n<\/ul>\n<h2><strong>Datasheet<\/strong><\/h2>\n<p><strong>Inverter Output<\/strong>:<\/p>\n<ul>\n<li>Rated Output Power:  4,000W<\/li>\n<li>Maximum Output Power:  8,000VA<\/li>\n<li>Voltage: 120V\/240V (deux phases s\u00e9par\u00e9es)<\/li>\n<li>Pure sine wave<\/li>\n<li>Fr\u00e9quence 50\/60HZ<\/li>\n<li>Switch time: 10ms<\/li>\n<\/ul>\n<p><strong>Battery<\/strong><\/p>\n<ul>\n<li>Battery Type: Lead-Acid \/ Li-ion  \/ User Define<\/li>\n<li>Rated Battery Voltage:  48Vdc<\/li>\n<li>Battery Voltage Range: 40\u223c60Vdc<\/li>\n<li>Maximum Generator\/Grid Charging Current:  60A<\/li>\n<li>Maximum Hybrid Charging Current:  100A<\/li>\n<\/ul>\n<p><strong>Solar(PV) Input:<\/strong><\/p>\n<ul>\n<li>No. of MPPT:  2<\/li>\n<li>Maximum PV Array Power:  3,000W+3,000W<\/li>\n<li>Maximum Input Current:  18A+18A<\/li>\n<li>Maximum Open Circuit Voltage:  550Vdc+550Vdc<\/li>\n<li>MPPT Voltage Range:  150\u223c450Vdc<\/li>\n<\/ul>\n<p><strong>Grid \/ Generator Input<\/strong><\/p>\n<ul>\n<li>Input Voltage Range: 65\u223c140Vac<\/li>\n<li>Input Frequency: 50\/60HZ<\/li>\n<li>Bypass Overload Current:  40A<\/li>\n<\/ul>\n<p><strong>Efficiency<\/strong><\/p>\n<ul>\n<li>MPPT Tracking Efficiency:  99.9%<\/li>\n<li>Maximum Efficiency:  93%<\/li>\n<\/ul>\n<p><strong>General Data<\/strong><\/p>\n<p>Units in parallel: 1\u223c6 units \u00a0 \u00a0 \u00a0 \u00a0 \u00a0 \u00a0 \u00a0 \u00a0 \u00a0 \u00a0 \u00a0 \u00a0 \u00a0 \u00a0 \u00a0 \u00a0 \u00a0 \u00a0 \u00a0 \u00a0 \u00a0 \u00a0 \u00a0 \u00a0 \u00a0 \u00a0 \u00a0 \u00a0 \u00a0 \u00a0 \u00a0 \u00a0 \u00a0Noise:\u00a0 \u00a0 \u00a0 \u00a0 \u00a0 \u00a0 \u00a0 \u00a0 \u00a0 \u00a0 \u00a0 \u00a0 &lt;60dB<\/p>\n<p>Dimension:               648*410*140mm                                                                        \/                            Cooling method:    Fan cooling<\/p>\n<p>Weight:\u00a0 \u00a0 \u00a0 \u00a0 \u00a0 \u00a0 \u00a0 \u00a0 \u00a0 \u00a0 \u00a0 \u00a0 \u00a0 \u00a0 \u00a0 \u00a0 21.7Kg\u00a0 \u00a0 \u00a0 \u00a0 \u00a0 \u00a0 \u00a0 \u00a0 \u00a0 \u00a0 \u00a0 \u00a0 \u00a0 \u00a0 \u00a0 \u00a0 \u00a0 \u00a0 \u00a0 \u00a0 \u00a0 \u00a0 \u00a0 \u00a0 \u00a0 \u00a0 \u00a0 \u00a0 \u00a0 \u00a0 \u00a0 \u00a0 \u00a0 \u00a0 \u00a0 \u00a0 \u00a0 \u00a0 Warranty:\u00a0 \u00a0 \u00a0 \u00a0 \u00a0 \u00a0 \u00a0 \u00a0 \u00a0 \u00a02 years<\/p>\n<p>Protection Degree:      IP20 (indoor only)                                                                             \/                            Temperature: -10\u223c55\u00b0C, &gt;45\u00b0 derate<\/p>\n<p>Communication:     RS485\/CAN\/USB\/Dry Contact                                       \/ Topology:       Transformerless<\/p>\n<p>Module Wi-Fi:\u00a0 \u00a0 \u00a0 \u00a0 \u00a0 \u00a0 \u00a0 En Option\u00a0 \u00a0 \u00a0 \u00a0 \u00a0 \u00a0 \u00a0 \u00a0 \u00a0 \u00a0 \u00a0 \u00a0 \u00a0 \u00a0 \u00a0 \u00a0 \u00a0 \u00a0 \u00a0 \u00a0 \u00a0 \u00a0 \u00a0 \u00a0 \u00a0 \u00a0 \u00a0 \u00a0 \u00a0 \u00a0 \u00a0 \u00a0 \u00a0 \u00a0 \u00a0 \u00a0 \u00a0 \u00a0 \u00a0Certificat: Ul 1741 \/ IEC62109-1-2<\/p>\n<p>&nbsp;<\/p>\n<h4><strong>Fiche Technique en Fran\u00e7ais:<\/strong><\/h4>\n<p><a href=\"https:\/\/sol-air-tech.com\/wp-content\/uploads\/2026\/04\/Traduction-fiche-tech-ABPP-4-6.5KW.pdf\">https:\/\/sol-air-tech.com\/wp-content\/uploads\/2026\/04\/Traduction-fiche-tech-ABPP-4-6.5KW.pdf<\/a><\/p>\n<h4><strong>Manuel d&#8217;instruction en fran\u00e7ais:<\/strong><\/h4>\n<p><a href=\"https:\/\/sol-air-tech.com\/wp-content\/uploads\/2026\/04\/Manuel-dinstruction-ABP-4-6.5KW-version2.pdf\">https:\/\/sol-air-tech.com\/wp-content\/uploads\/2026\/04\/Manuel-dinstruction-ABP-4-6.5KW-version2.pdf<\/a><\/p>\n<p><strong>Datasheet:<\/strong><\/p>\n<p><a href=\"https:\/\/sol-air-tech.com\/wp-content\/uploads\/2026\/03\/SRNE_ABP-series_US_48V_4-6.5kW_240V_split-phase_Solar-Storage-Inverter_datasheet_V1.0-1.pdf\">https:\/\/sol-air-tech.com\/wp-content\/uploads\/2026\/03\/SRNE_ABP-series_US_48V_4-6.5kW_240V_split-phase_Solar-Storage-Inverter_datasheet_V1.0-1.pdf<\/a><\/p>\n<p><strong>Instruction manual:<\/strong><\/p>\n<p><a href=\"https:\/\/sol-air-tech.com\/wp-content\/uploads\/2026\/03\/ABP-4-6.5KW-U-series_solar-storage-inverter_V1.1.pdf\">https:\/\/sol-air-tech.com\/wp-content\/uploads\/2026\/03\/ABP-4-6.5KW-U-series_solar-storage-inverter_V1.1.pdf<\/a><\/p>","protected":false},"excerpt":{"rendered":"<ul>\n<li>Inverter SRNE ABP 4840U100-H<\/li>\n<li>120V\/240V V (split phase)<\/li>\n<li>AC rated output power  4,000W<\/li>\n<li>Compatible with 48V storage batteries<\/li>\n<li>Separate inputs for the grid and the generator<\/li>\n<li>Certification UL 1741 \/ IEC62109-1-2<\/li>\n<\/ul>","protected":false},"featured_media":9566,"menu_order":0,"comment_status":"open","ping_status":"closed","template":"","meta":{"content-type":""},"product_brand":[],"product_cat":[156],"product_tag":[],"class_list":{"0":"post-9523","1":"product","2":"type-product","3":"status-publish","4":"has-post-thumbnail","6":"product_cat-ondulateurs-hybrides","7":"product_shipping_class-onduleur","9":"first","10":"onbackorder","11":"taxable","12":"shipping-taxable","13":"purchasable","14":"product-type-simple"},"yoast_head":"<!-- This site is optimized with the Yoast SEO plugin v21.5 - https:\/\/yoast.com\/wordpress\/plugins\/seo\/ -->\n<title>Onduleur SRNE ABP4840U100-H 4KW - SOL-AIR TECH<\/title>\n<meta name=\"description\" content=\"Onduleur SRNE ABP4840U100-H 4KW , 120\/240VAC, deux ports MPPT 550V chaque, port s\u00e9par\u00e9 pour la g\u00e9n\u00e9ratrice , WIFI en option.\" \/>\n<meta name=\"robots\" content=\"index, follow, max-snippet:-1, max-image-preview:large, max-video-preview:-1\" \/>\n<link rel=\"canonical\" href=\"https:\/\/sol-air-tech.com\/en\/product-category\/ondulateurs-hybrides\/\" \/>\n<meta property=\"og:locale\" content=\"en_US\" \/>\n<meta property=\"og:type\" content=\"article\" \/>\n<meta property=\"og:title\" content=\"Onduleur SRNE ABP4840U100-H 4KW - SOL-AIR TECH\" \/>\n<meta property=\"og:description\" content=\"Onduleur SRNE ABP4840U100-H 4KW , 120\/240VAC, deux ports MPPT 550V chaque, port s\u00e9par\u00e9 pour la g\u00e9n\u00e9ratrice , WIFI en option.\" \/>\n<meta property=\"og:url\" content=\"https:\/\/sol-air-tech.com\/en\/product-category\/ondulateurs-hybrides\/\" \/>\n<meta property=\"og:site_name\" content=\"SOL-AIR TECH\" \/>\n<meta property=\"article:modified_time\" content=\"2026-04-23T14:58:56+00:00\" \/>\n<meta property=\"og:image\" content=\"https:\/\/sol-air-tech.com\/wp-content\/uploads\/2026\/04\/SRNE-ABP-4-6.5KW-face-scaled.png\" \/>\n\t<meta property=\"og:image:width\" content=\"2560\" \/>\n\t<meta property=\"og:image:height\" content=\"1440\" \/>\n\t<meta property=\"og:image:type\" content=\"image\/png\" \/>\n<meta name=\"twitter:card\" content=\"summary_large_image\" \/>\n<meta name=\"twitter:label1\" content=\"Est. reading time\" \/>\n\t<meta name=\"twitter:data1\" content=\"2 minutes\" \/>\n<script type=\"application\/ld+json\" class=\"yoast-schema-graph\">{\"@context\":\"https:\/\/schema.org\",\"@graph\":[{\"@type\":\"WebPage\",\"@id\":\"https:\/\/sol-air-tech.com\/product\/onduleur-srne-abp4840u100-h-4kw\/\",\"url\":\"https:\/\/sol-air-tech.com\/product-category\/ondulateurs-hybrides\/\",\"name\":\"Onduleur SRNE ABP4840U100-H 4KW - SOL-AIR TECH\",\"isPartOf\":{\"@id\":\"https:\/\/sol-air-tech.com\/#website\"},\"datePublished\":\"2026-03-27T13:08:49+00:00\",\"dateModified\":\"2026-04-23T14:58:56+00:00\",\"description\":\"Onduleur SRNE ABP4840U100-H 4KW , 120\/240VAC, deux ports MPPT 550V chaque, port s\u00e9par\u00e9 pour la g\u00e9n\u00e9ratrice , WIFI en option.\",\"breadcrumb\":{\"@id\":\"https:\/\/sol-air-tech.com\/product-category\/ondulateurs-hybrides\/#breadcrumb\"},\"inLanguage\":\"en-CA\",\"potentialAction\":[{\"@type\":\"ReadAction\",\"target\":[\"https:\/\/sol-air-tech.com\/product-category\/ondulateurs-hybrides\/\"]}]},{\"@type\":\"BreadcrumbList\",\"@id\":\"https:\/\/sol-air-tech.com\/product-category\/ondulateurs-hybrides\/#breadcrumb\",\"itemListElement\":[{\"@type\":\"ListItem\",\"position\":1,\"name\":\"Accueil\",\"item\":\"https:\/\/sol-air-tech.com\/\"},{\"@type\":\"ListItem\",\"position\":2,\"name\":\"Boutique\",\"item\":\"https:\/\/sol-air-tech.com\/en\/boutique\/\"},{\"@type\":\"ListItem\",\"position\":3,\"name\":\"Onduleur SRNE ABP4840U100-H 4KW\"}]},{\"@type\":\"WebSite\",\"@id\":\"https:\/\/sol-air-tech.com\/#website\",\"url\":\"https:\/\/sol-air-tech.com\/\",\"name\":\"SOL-AIR TECH\",\"description\":\"vente de mat\u00e9riel \u00e9lectrique\",\"publisher\":{\"@id\":\"https:\/\/sol-air-tech.com\/#organization\"},\"potentialAction\":[{\"@type\":\"SearchAction\",\"target\":{\"@type\":\"EntryPoint\",\"urlTemplate\":\"https:\/\/sol-air-tech.com\/?s={search_term_string}\"},\"query-input\":\"required name=search_term_string\"}],\"inLanguage\":\"en-CA\"},{\"@type\":\"Organization\",\"@id\":\"https:\/\/sol-air-tech.com\/#organization\",\"name\":\"SOL-AIR TECH\",\"url\":\"https:\/\/sol-air-tech.com\/\",\"logo\":{\"@type\":\"ImageObject\",\"inLanguage\":\"en-CA\",\"@id\":\"https:\/\/sol-air-tech.com\/#\/schema\/logo\/image\/\",\"url\":\"https:\/\/sol-air-tech.com\/wp-content\/uploads\/2023\/07\/lOGOFINAL_SOLAIR_TECH.png\",\"contentUrl\":\"https:\/\/sol-air-tech.com\/wp-content\/uploads\/2023\/07\/lOGOFINAL_SOLAIR_TECH.png\",\"width\":770,\"height\":306,\"caption\":\"SOL-AIR TECH\"},\"image\":{\"@id\":\"https:\/\/sol-air-tech.com\/#\/schema\/logo\/image\/\"}}]}<\/script>\n<!-- \/ Yoast SEO plugin. -->","yoast_head_json":{"title":"Onduleur SRNE ABP4840U100-H 4KW - SOL-AIR TECH","description":"Onduleur SRNE ABP4840U100-H 4KW , 120\/240VAC, deux ports MPPT 550V chaque, port s\u00e9par\u00e9 pour la g\u00e9n\u00e9ratrice , WIFI en option.","robots":{"index":"index","follow":"follow","max-snippet":"max-snippet:-1","max-image-preview":"max-image-preview:large","max-video-preview":"max-video-preview:-1"},"canonical":"https:\/\/sol-air-tech.com\/en\/product-category\/ondulateurs-hybrides\/","og_locale":"en_US","og_type":"article","og_title":"Onduleur SRNE ABP4840U100-H 4KW - SOL-AIR TECH","og_description":"Onduleur SRNE ABP4840U100-H 4KW , 120\/240VAC, deux ports MPPT 550V chaque, port s\u00e9par\u00e9 pour la g\u00e9n\u00e9ratrice , WIFI en option.","og_url":"https:\/\/sol-air-tech.com\/en\/product-category\/ondulateurs-hybrides\/","og_site_name":"SOL-AIR TECH","article_modified_time":"2026-04-23T14:58:56+00:00","og_image":[{"width":2560,"height":1440,"url":"https:\/\/sol-air-tech.com\/wp-content\/uploads\/2026\/04\/SRNE-ABP-4-6.5KW-face-scaled.png","type":"image\/png"}],"twitter_card":"summary_large_image","twitter_misc":{"Est. reading time":"2 minutes"},"schema":{"@context":"https:\/\/schema.org","@graph":[{"@type":"WebPage","@id":"https:\/\/sol-air-tech.com\/product\/onduleur-srne-abp4840u100-h-4kw\/","url":"https:\/\/sol-air-tech.com\/product-category\/ondulateurs-hybrides\/","name":"Onduleur SRNE ABP4840U100-H 4KW - SOL-AIR TECH","isPartOf":{"@id":"https:\/\/sol-air-tech.com\/#website"},"datePublished":"2026-03-27T13:08:49+00:00","dateModified":"2026-04-23T14:58:56+00:00","description":"Onduleur SRNE ABP4840U100-H 4KW , 120\/240VAC, deux ports MPPT 550V chaque, port s\u00e9par\u00e9 pour la g\u00e9n\u00e9ratrice , WIFI en option.","breadcrumb":{"@id":"https:\/\/sol-air-tech.com\/product-category\/ondulateurs-hybrides\/#breadcrumb"},"inLanguage":"en-CA","potentialAction":[{"@type":"ReadAction","target":["https:\/\/sol-air-tech.com\/product-category\/ondulateurs-hybrides\/"]}]},{"@type":"BreadcrumbList","@id":"https:\/\/sol-air-tech.com\/product-category\/ondulateurs-hybrides\/#breadcrumb","itemListElement":[{"@type":"ListItem","position":1,"name":"Accueil","item":"https:\/\/sol-air-tech.com\/"},{"@type":"ListItem","position":2,"name":"Boutique","item":"https:\/\/sol-air-tech.com\/en\/boutique\/"},{"@type":"ListItem","position":3,"name":"Onduleur SRNE ABP4840U100-H 4KW"}]},{"@type":"WebSite","@id":"https:\/\/sol-air-tech.com\/#website","url":"https:\/\/sol-air-tech.com\/","name":"SOL-AIR TECH","description":"vente de mat\u00e9riel \u00e9lectrique","publisher":{"@id":"https:\/\/sol-air-tech.com\/#organization"},"potentialAction":[{"@type":"SearchAction","target":{"@type":"EntryPoint","urlTemplate":"https:\/\/sol-air-tech.com\/?s={search_term_string}"},"query-input":"required name=search_term_string"}],"inLanguage":"en-CA"},{"@type":"Organization","@id":"https:\/\/sol-air-tech.com\/#organization","name":"SOL-AIR TECH","url":"https:\/\/sol-air-tech.com\/","logo":{"@type":"ImageObject","inLanguage":"en-CA","@id":"https:\/\/sol-air-tech.com\/#\/schema\/logo\/image\/","url":"https:\/\/sol-air-tech.com\/wp-content\/uploads\/2023\/07\/lOGOFINAL_SOLAIR_TECH.png","contentUrl":"https:\/\/sol-air-tech.com\/wp-content\/uploads\/2023\/07\/lOGOFINAL_SOLAIR_TECH.png","width":770,"height":306,"caption":"SOL-AIR TECH"},"image":{"@id":"https:\/\/sol-air-tech.com\/#\/schema\/logo\/image\/"}}]}},"_links":{"self":[{"href":"https:\/\/sol-air-tech.com\/en\/wp-json\/wp\/v2\/product\/9523","targetHints":{"allow":["GET"]}}],"collection":[{"href":"https:\/\/sol-air-tech.com\/en\/wp-json\/wp\/v2\/product"}],"about":[{"href":"https:\/\/sol-air-tech.com\/en\/wp-json\/wp\/v2\/types\/product"}],"replies":[{"embeddable":true,"href":"https:\/\/sol-air-tech.com\/en\/wp-json\/wp\/v2\/comments?post=9523"}],"wp:featuredmedia":[{"embeddable":true,"href":"https:\/\/sol-air-tech.com\/en\/wp-json\/wp\/v2\/media\/9566"}],"wp:attachment":[{"href":"https:\/\/sol-air-tech.com\/en\/wp-json\/wp\/v2\/media?parent=9523"}],"wp:term":[{"taxonomy":"product_brand","embeddable":true,"href":"https:\/\/sol-air-tech.com\/en\/wp-json\/wp\/v2\/product_brand?post=9523"},{"taxonomy":"product_cat","embeddable":true,"href":"https:\/\/sol-air-tech.com\/en\/wp-json\/wp\/v2\/product_cat?post=9523"},{"taxonomy":"product_tag","embeddable":true,"href":"https:\/\/sol-air-tech.com\/en\/wp-json\/wp\/v2\/product_tag?post=9523"}],"curies":[{"name":"wp","href":"https:\/\/api.w.org\/{rel}","templated":true}]}}