{"id":9519,"date":"2026-03-24T17:48:31","date_gmt":"2026-03-24T21:48:31","guid":{"rendered":"https:\/\/sol-air-tech.com\/?post_type=product&#038;p=9519"},"modified":"2026-04-11T09:33:33","modified_gmt":"2026-04-11T13:33:33","slug":"srne-hebp48100u240-pro","status":"publish","type":"product","link":"https:\/\/sol-air-tech.com\/en\/product\/srne-hebp48100u240-pro\/","title":{"rendered":"SRNE HEBP48100U240-PRO"},"content":{"rendered":"<p><img fetchpriority=\"high\" decoding=\"async\" class=\"alignnone size-medium wp-image-9508\" src=\"https:\/\/sol-air-tech.com\/wp-content\/uploads\/2026\/03\/02-HEBP10K12K-300x169.png\" alt=\"\" width=\"300\" height=\"169\" \/><\/p>\n<ul>\n<li>Onduleur SRNE HEBP 10KW PRO<\/li>\n<li>120V\/240V V (split phase) pure sine wave<\/li>\n<li>Output AC 10,000W<\/li>\n<li>Compatible with 48V storage batteries<\/li>\n<li>Separate generator port<\/li>\n<li>Support time-slot function for peak demand<\/li>\n<\/ul>\n<h2><strong>Datasheet<\/strong><\/h2>\n<p><strong>Inverter Output<\/strong>:<\/p>\n<ul>\n<li>Rated Output Power:  10,000W<\/li>\n<li>Maximum peak power 15,500Va<\/li>\n<li>Rated Output Voltage: 120\/240Vac, 120\/208Vac (single\/split-phase\/three phase(Parallel)<\/li>\n<li>Maximum Output Current:  50A<\/li>\n<li>Pure sine wave<\/li>\n<li>Load Capacity of Motors:  6HP<\/li>\n<li>Fr\u00e9quence 50\/60HZ<\/li>\n<li>D\u00e9lais de transfert<\/li>\n<\/ul>\n<p><strong>Battery<\/strong><\/p>\n<ul>\n<li>Battery Type: Lead-Acid \/ Li-ion  \/ User Define<\/li>\n<li>Rated Battery Voltage:  48Vdc<\/li>\n<li>Battery Voltage Range: 40\u223c60Vdc<\/li>\n<li>Maximum Generator Charging Current:  90A<\/li>\n<li>Maximum Grid charging Current:  200A<\/li>\n<li>Maximum Hybrid Charging Current:  240A<\/li>\n<\/ul>\n<p><strong>Solar(PV) Input:<\/strong><\/p>\n<ul>\n<li>No. of MPPT:  2<\/li>\n<li>Entr\u00e9e maximum de puissance: 7,500W+7,500W<\/li>\n<li>Maximum Input Current:  32A+32A<\/li>\n<li>Short-Circuit Current Isc:  40A+40A<\/li>\n<li>Maximum Open Circuit Voltage:  550Vdc+550Vdc<\/li>\n<li>MPPT Voltage Range:  125\u223c450Vdc<\/li>\n<\/ul>\n<h4>Grid \/ Generator Input<\/h4>\n<ul>\n<li>Input Voltage Range: 40\u223c60Vdc<\/li>\n<li>Input Frequency: 50\/60HZ<\/li>\n<li>Passage maximum du courant du r\u00e9seau \u00e0 travers l&#8217;onduleur 200A (5S)<\/li>\n<li>Continuous Grid Passthrough Current: 180A<\/li>\n<\/ul>\n<p><strong>Efficiency<\/strong><\/p>\n<ul>\n<li>MPPT Tracking Efficiency:  99.9%<\/li>\n<li>Maximum Efficiency:  97.5%<\/li>\n<\/ul>\n<p><strong>General Data<\/strong><\/p>\n<p>Units in parallel: 1\u223c6 units \u00a0 \u00a0 \u00a0 \u00a0 \u00a0 \u00a0 \u00a0 \u00a0 \u00a0 \u00a0 \u00a0 \u00a0 \u00a0 \u00a0 \u00a0 \u00a0 \u00a0 \u00a0 \u00a0 \u00a0 \u00a0 \u00a0 \u00a0 \u00a0 \u00a0 \u00a0 \u00a0 \u00a0 \u00a0 \u00a0 \u00a0 \u00a0 \u00a0Noise:\u00a0 \u00a0 \u00a0 \u00a0 \u00a0 \u00a0 \u00a0 \u00a0 \u00a0 \u00a0 \u00a0 \u00a0 &lt;60dB<\/p>\n<p>Dimension:\u00a0 \u00a0 \u00a0 \u00a0 \u00a0 \u00a0 \u00a0 \u00a0840*440*260mm\u00a0 \u00a0 \u00a0 \u00a0 \u00a0 \u00a0 \u00a0 \u00a0 \u00a0 \u00a0 \u00a0 \u00a0 \u00a0 \u00a0 \u00a0 \u00a0 \u00a0 \u00a0 \u00a0 \u00a0 \u00a0 \u00a0 \u00a0 \u00a0 \u00a0 \u00a0 \u00a0 \u00a0 \u00a0 \u00a0 Cooling:\u00a0 \u00a0 Heat Sink + Intelligent fan cooling<\/p>\n<p>Weight:\u00a0 \u00a0 \u00a0 \u00a0 \u00a0 \u00a0 \u00a0 \u00a0 \u00a0 \u00a0 \u00a0 \u00a0 \u00a0 \u00a0 \u00a0 \u00a0 48Kg\u00a0 \u00a0 \u00a0 \u00a0 \u00a0 \u00a0 \u00a0 \u00a0 \u00a0 \u00a0 \u00a0 \u00a0 \u00a0 \u00a0 \u00a0 \u00a0 \u00a0 \u00a0 \u00a0 \u00a0 \u00a0 \u00a0 \u00a0 \u00a0 \u00a0 \u00a0 \u00a0 \u00a0 \u00a0 \u00a0 \u00a0 \u00a0 \u00a0 \u00a0 \u00a0 \u00a0 \u00a0 \u00a0 Warranty:\u00a0 \u00a0 \u00a0 \u00a0 \u00a0 \u00a0 \u00a0 \u00a0 \u00a0 \u00a05 years<\/p>\n<p>Protection Degree:      IP65                                                                             \/ Temperature: -25\u223c60\u00b0C, &gt;45\u00b0 derate<\/p>\n<p>Communication:     RS485\/CAN\/USB\/Dry Contact                                       \/ Topology:       Transformerless<\/p>\n<p>Module Wi-Fi:              included                                                                              \/ Certificate: Ul 1741:2021 Ed.3 (suppl\u00e9ment SB)<\/p>\n<p><strong>Intertek Certificate:<\/strong><\/p>\n<p><a href=\"https:\/\/sol-air-tech.com\/wp-content\/uploads\/2026\/03\/Certification-onduleurs-SRNE-HESP-et-HEBP.pdf\">https:\/\/sol-air-tech.com\/wp-content\/uploads\/2026\/03\/Certification-onduleurs-SRNE-HESP-et-HEBP.pdf<\/a><\/p>\n<p><strong>Datasheet:<\/strong><\/p>\n<p><a href=\"https:\/\/sol-air-tech.com\/wp-content\/uploads\/2026\/03\/SRNE_HEBP-Pro-Series_8-12kW_US_Split-phase_Solar-hybrid-inverter_Datasheet_V1.01.pdf\">https:\/\/sol-air-tech.com\/wp-content\/uploads\/2026\/03\/SRNE_HEBP-Pro-Series_8-12kW_US_Split-phase_Solar-hybrid-inverter_Datasheet_V1.01.pdf<\/a><\/p>\n<p><strong>Instruction manual:<\/strong><\/p>\n<p><a href=\"https:\/\/sol-air-tech.com\/wp-content\/uploads\/2026\/03\/SRNE_HEBP-Pro-Series_8-12kW_US_Split-phase_Solar-hybrid-inverter_user-manual_V1.0.pdf\">https:\/\/sol-air-tech.com\/wp-content\/uploads\/2026\/03\/SRNE_HEBP-Pro-Series_8-12kW_US_Split-phase_Solar-hybrid-inverter_user-manual_V1.0.pdf<\/a><\/p>","protected":false},"excerpt":{"rendered":"<ul>\n<li>Onduleur SRNE HEBP 10KW PRO<\/li>\n<li>120V\/240V V (split phase)<\/li>\n<li>Output AC 10,000W<\/li>\n<li>Compatible with 48V storage batteries<\/li>\n<li>Separate generator port<\/li>\n<li>Support time-slot function for peak demand<\/li>\n<li>Approved by Hydro Quebec<\/li>\n<li>Certification UL 1741:2021 Ed.3\u00a0 (suppl\u00e9ment SB)<\/li>\n<\/ul>","protected":false},"featured_media":9577,"menu_order":0,"comment_status":"open","ping_status":"closed","template":"","meta":{"content-type":""},"product_brand":[],"product_cat":[156],"product_tag":[],"class_list":{"0":"post-9519","1":"product","2":"type-product","3":"status-publish","4":"has-post-thumbnail","6":"product_cat-ondulateurs-hybrides","7":"product_shipping_class-onduleur","9":"first","10":"onbackorder","11":"taxable","12":"shipping-taxable","13":"purchasable","14":"product-type-simple"},"yoast_head":"<!-- This site is optimized with the Yoast SEO plugin v21.5 - https:\/\/yoast.com\/wordpress\/plugins\/seo\/ -->\n<title>SRNE HEBP48100U240-PRO - SOL-AIR TECH<\/title>\n<meta name=\"description\" content=\"Onduleur Hybride 10 KW Split Phase 120V\/240VAC, 48VDC, Mod\u00e8le SRNE HEBP48100U240-Pro, Deux ports MPPT 550V, Port s\u00e9par\u00e9 pour la g\u00e9n\u00e9ratrice, WIFI inclus.\" \/>\n<meta name=\"robots\" content=\"index, follow, max-snippet:-1, max-image-preview:large, max-video-preview:-1\" \/>\n<link rel=\"canonical\" href=\"https:\/\/sol-air-tech.com\/en\/product-category\/ondulateurs-hybrides\/\" \/>\n<meta property=\"og:locale\" content=\"en_US\" \/>\n<meta property=\"og:type\" content=\"article\" \/>\n<meta property=\"og:title\" content=\"SRNE HEBP48100U240-PRO - SOL-AIR TECH\" \/>\n<meta property=\"og:description\" content=\"Onduleur Hybride 10 KW Split Phase 120V\/240VAC, 48VDC, Mod\u00e8le SRNE HEBP48100U240-Pro, Deux ports MPPT 550V, Port s\u00e9par\u00e9 pour la g\u00e9n\u00e9ratrice, WIFI inclus.\" \/>\n<meta property=\"og:url\" content=\"https:\/\/sol-air-tech.com\/en\/product-category\/ondulateurs-hybrides\/\" \/>\n<meta property=\"og:site_name\" content=\"SOL-AIR TECH\" \/>\n<meta property=\"article:modified_time\" content=\"2026-04-11T13:33:33+00:00\" \/>\n<meta property=\"og:image\" content=\"https:\/\/sol-air-tech.com\/wp-content\/uploads\/2026\/04\/SRNE-HEBP-10-12-KW-face-scaled.png\" \/>\n\t<meta property=\"og:image:width\" content=\"2560\" \/>\n\t<meta property=\"og:image:height\" content=\"1440\" \/>\n\t<meta property=\"og:image:type\" content=\"image\/png\" \/>\n<meta name=\"twitter:card\" content=\"summary_large_image\" \/>\n<meta name=\"twitter:label1\" content=\"Est. reading time\" \/>\n\t<meta name=\"twitter:data1\" content=\"2 minutes\" \/>\n<script type=\"application\/ld+json\" class=\"yoast-schema-graph\">{\"@context\":\"https:\/\/schema.org\",\"@graph\":[{\"@type\":\"WebPage\",\"@id\":\"https:\/\/sol-air-tech.com\/product\/srne-hebp48100u240-pro\/\",\"url\":\"https:\/\/sol-air-tech.com\/product-category\/ondulateurs-hybrides\/\",\"name\":\"SRNE HEBP48100U240-PRO - SOL-AIR TECH\",\"isPartOf\":{\"@id\":\"https:\/\/sol-air-tech.com\/#website\"},\"datePublished\":\"2026-03-24T21:48:31+00:00\",\"dateModified\":\"2026-04-11T13:33:33+00:00\",\"description\":\"Onduleur Hybride 10 KW Split Phase 120V\/240VAC, 48VDC, Mod\u00e8le SRNE HEBP48100U240-Pro, Deux ports MPPT 550V, Port s\u00e9par\u00e9 pour la g\u00e9n\u00e9ratrice, WIFI inclus.\",\"breadcrumb\":{\"@id\":\"https:\/\/sol-air-tech.com\/product-category\/ondulateurs-hybrides\/#breadcrumb\"},\"inLanguage\":\"en-CA\",\"potentialAction\":[{\"@type\":\"ReadAction\",\"target\":[\"https:\/\/sol-air-tech.com\/product-category\/ondulateurs-hybrides\/\"]}]},{\"@type\":\"BreadcrumbList\",\"@id\":\"https:\/\/sol-air-tech.com\/product-category\/ondulateurs-hybrides\/#breadcrumb\",\"itemListElement\":[{\"@type\":\"ListItem\",\"position\":1,\"name\":\"Accueil\",\"item\":\"https:\/\/sol-air-tech.com\/\"},{\"@type\":\"ListItem\",\"position\":2,\"name\":\"Boutique\",\"item\":\"https:\/\/sol-air-tech.com\/en\/boutique\/\"},{\"@type\":\"ListItem\",\"position\":3,\"name\":\"SRNE HEBP48100U240-PRO\"}]},{\"@type\":\"WebSite\",\"@id\":\"https:\/\/sol-air-tech.com\/#website\",\"url\":\"https:\/\/sol-air-tech.com\/\",\"name\":\"SOL-AIR TECH\",\"description\":\"vente de mat\u00e9riel \u00e9lectrique\",\"publisher\":{\"@id\":\"https:\/\/sol-air-tech.com\/#organization\"},\"potentialAction\":[{\"@type\":\"SearchAction\",\"target\":{\"@type\":\"EntryPoint\",\"urlTemplate\":\"https:\/\/sol-air-tech.com\/?s={search_term_string}\"},\"query-input\":\"required name=search_term_string\"}],\"inLanguage\":\"en-CA\"},{\"@type\":\"Organization\",\"@id\":\"https:\/\/sol-air-tech.com\/#organization\",\"name\":\"SOL-AIR TECH\",\"url\":\"https:\/\/sol-air-tech.com\/\",\"logo\":{\"@type\":\"ImageObject\",\"inLanguage\":\"en-CA\",\"@id\":\"https:\/\/sol-air-tech.com\/#\/schema\/logo\/image\/\",\"url\":\"https:\/\/sol-air-tech.com\/wp-content\/uploads\/2023\/07\/lOGOFINAL_SOLAIR_TECH.png\",\"contentUrl\":\"https:\/\/sol-air-tech.com\/wp-content\/uploads\/2023\/07\/lOGOFINAL_SOLAIR_TECH.png\",\"width\":770,\"height\":306,\"caption\":\"SOL-AIR TECH\"},\"image\":{\"@id\":\"https:\/\/sol-air-tech.com\/#\/schema\/logo\/image\/\"}}]}<\/script>\n<!-- \/ Yoast SEO plugin. -->","yoast_head_json":{"title":"SRNE HEBP48100U240-PRO - SOL-AIR TECH","description":"Onduleur Hybride 10 KW Split Phase 120V\/240VAC, 48VDC, Mod\u00e8le SRNE HEBP48100U240-Pro, Deux ports MPPT 550V, Port s\u00e9par\u00e9 pour la g\u00e9n\u00e9ratrice, WIFI inclus.","robots":{"index":"index","follow":"follow","max-snippet":"max-snippet:-1","max-image-preview":"max-image-preview:large","max-video-preview":"max-video-preview:-1"},"canonical":"https:\/\/sol-air-tech.com\/en\/product-category\/ondulateurs-hybrides\/","og_locale":"en_US","og_type":"article","og_title":"SRNE HEBP48100U240-PRO - SOL-AIR TECH","og_description":"Onduleur Hybride 10 KW Split Phase 120V\/240VAC, 48VDC, Mod\u00e8le SRNE HEBP48100U240-Pro, Deux ports MPPT 550V, Port s\u00e9par\u00e9 pour la g\u00e9n\u00e9ratrice, WIFI inclus.","og_url":"https:\/\/sol-air-tech.com\/en\/product-category\/ondulateurs-hybrides\/","og_site_name":"SOL-AIR TECH","article_modified_time":"2026-04-11T13:33:33+00:00","og_image":[{"width":2560,"height":1440,"url":"https:\/\/sol-air-tech.com\/wp-content\/uploads\/2026\/04\/SRNE-HEBP-10-12-KW-face-scaled.png","type":"image\/png"}],"twitter_card":"summary_large_image","twitter_misc":{"Est. reading time":"2 minutes"},"schema":{"@context":"https:\/\/schema.org","@graph":[{"@type":"WebPage","@id":"https:\/\/sol-air-tech.com\/product\/srne-hebp48100u240-pro\/","url":"https:\/\/sol-air-tech.com\/product-category\/ondulateurs-hybrides\/","name":"SRNE HEBP48100U240-PRO - SOL-AIR TECH","isPartOf":{"@id":"https:\/\/sol-air-tech.com\/#website"},"datePublished":"2026-03-24T21:48:31+00:00","dateModified":"2026-04-11T13:33:33+00:00","description":"Onduleur Hybride 10 KW Split Phase 120V\/240VAC, 48VDC, Mod\u00e8le SRNE HEBP48100U240-Pro, Deux ports MPPT 550V, Port s\u00e9par\u00e9 pour la g\u00e9n\u00e9ratrice, WIFI inclus.","breadcrumb":{"@id":"https:\/\/sol-air-tech.com\/product-category\/ondulateurs-hybrides\/#breadcrumb"},"inLanguage":"en-CA","potentialAction":[{"@type":"ReadAction","target":["https:\/\/sol-air-tech.com\/product-category\/ondulateurs-hybrides\/"]}]},{"@type":"BreadcrumbList","@id":"https:\/\/sol-air-tech.com\/product-category\/ondulateurs-hybrides\/#breadcrumb","itemListElement":[{"@type":"ListItem","position":1,"name":"Accueil","item":"https:\/\/sol-air-tech.com\/"},{"@type":"ListItem","position":2,"name":"Boutique","item":"https:\/\/sol-air-tech.com\/en\/boutique\/"},{"@type":"ListItem","position":3,"name":"SRNE HEBP48100U240-PRO"}]},{"@type":"WebSite","@id":"https:\/\/sol-air-tech.com\/#website","url":"https:\/\/sol-air-tech.com\/","name":"SOL-AIR TECH","description":"vente de mat\u00e9riel \u00e9lectrique","publisher":{"@id":"https:\/\/sol-air-tech.com\/#organization"},"potentialAction":[{"@type":"SearchAction","target":{"@type":"EntryPoint","urlTemplate":"https:\/\/sol-air-tech.com\/?s={search_term_string}"},"query-input":"required name=search_term_string"}],"inLanguage":"en-CA"},{"@type":"Organization","@id":"https:\/\/sol-air-tech.com\/#organization","name":"SOL-AIR TECH","url":"https:\/\/sol-air-tech.com\/","logo":{"@type":"ImageObject","inLanguage":"en-CA","@id":"https:\/\/sol-air-tech.com\/#\/schema\/logo\/image\/","url":"https:\/\/sol-air-tech.com\/wp-content\/uploads\/2023\/07\/lOGOFINAL_SOLAIR_TECH.png","contentUrl":"https:\/\/sol-air-tech.com\/wp-content\/uploads\/2023\/07\/lOGOFINAL_SOLAIR_TECH.png","width":770,"height":306,"caption":"SOL-AIR TECH"},"image":{"@id":"https:\/\/sol-air-tech.com\/#\/schema\/logo\/image\/"}}]}},"_links":{"self":[{"href":"https:\/\/sol-air-tech.com\/en\/wp-json\/wp\/v2\/product\/9519","targetHints":{"allow":["GET"]}}],"collection":[{"href":"https:\/\/sol-air-tech.com\/en\/wp-json\/wp\/v2\/product"}],"about":[{"href":"https:\/\/sol-air-tech.com\/en\/wp-json\/wp\/v2\/types\/product"}],"replies":[{"embeddable":true,"href":"https:\/\/sol-air-tech.com\/en\/wp-json\/wp\/v2\/comments?post=9519"}],"wp:featuredmedia":[{"embeddable":true,"href":"https:\/\/sol-air-tech.com\/en\/wp-json\/wp\/v2\/media\/9577"}],"wp:attachment":[{"href":"https:\/\/sol-air-tech.com\/en\/wp-json\/wp\/v2\/media?parent=9519"}],"wp:term":[{"taxonomy":"product_brand","embeddable":true,"href":"https:\/\/sol-air-tech.com\/en\/wp-json\/wp\/v2\/product_brand?post=9519"},{"taxonomy":"product_cat","embeddable":true,"href":"https:\/\/sol-air-tech.com\/en\/wp-json\/wp\/v2\/product_cat?post=9519"},{"taxonomy":"product_tag","embeddable":true,"href":"https:\/\/sol-air-tech.com\/en\/wp-json\/wp\/v2\/product_tag?post=9519"}],"curies":[{"name":"wp","href":"https:\/\/api.w.org\/{rel}","templated":true}]}}