{"id":9518,"date":"2026-03-24T17:30:17","date_gmt":"2026-03-24T21:30:17","guid":{"rendered":"https:\/\/sol-air-tech.com\/?post_type=product&#038;p=9518"},"modified":"2026-04-11T10:17:47","modified_gmt":"2026-04-11T14:17:47","slug":"srne-hesp4880u200-h","status":"publish","type":"product","link":"https:\/\/sol-air-tech.com\/en\/product\/srne-hesp4880u200-h\/","title":{"rendered":"SRNE HESP4880U200-H"},"content":{"rendered":"<p><img fetchpriority=\"high\" decoding=\"async\" class=\"alignnone size-medium wp-image-9507\" src=\"https:\/\/sol-air-tech.com\/wp-content\/uploads\/2026\/03\/01-HESP12K8k-300x225.png\" alt=\"\" width=\"300\" height=\"225\" \/><\/p>\n<ul>\n<li>Inverter SRNE HESP 8KW<\/li>\n<li>120V\/240V V (split phase) pure sinewave<\/li>\n<li>AC Output 8,800W<\/li>\n<li>Compatible with 48V storage batteries<\/li>\n<li>Separate generator port<\/li>\n<li>Support time-slot function for peak demand<\/li>\n<\/ul>\n<h2><strong>Datasheet<\/strong><\/h2>\n<p><strong>AC Output (load)<\/strong>:<\/p>\n<ul>\n<li>Rated output power: 8,800W<\/li>\n<li>Maximum Output Power:  17,600VA<\/li>\n<li>Rated Output Voltage: 120\/240Vac, 120\/208Vac (single\/split-phase\/three phase(Parallel)<\/li>\n<li>Load motor capacity:  5HP<\/li>\n<li>Rated Frequency: 50\/60HZ<\/li>\n<li>Switch time:  10ms<\/li>\n<\/ul>\n<p><strong>Ac Output (Grid)<\/strong><\/p>\n<ul>\n<li>Rated Output Power: 8,800W<\/li>\n<li>Maximum Output power: 8,800VA<\/li>\n<li>Rated Output Current:  36.6A<\/li>\n<li>Maximum Output Current:  42.3A<\/li>\n<\/ul>\n<p><strong>Battery<\/strong><\/p>\n<ul>\n<li>Battery Type: Lead-Acid \/ Li-ion  \/ User Define<\/li>\n<li>Rated Battery Voltage:  48Vdc<\/li>\n<li>Battery Voltage Range: 40\u223c60Vdc<\/li>\n<li>Maximum Solar Charging Current:  200A<\/li>\n<li>Maximum Generator Charging Current:  60A<\/li>\n<li>Maximum Grid Charging Current:  120A<\/li>\n<li>Maximum Hybrid Charging Current:  200A<\/li>\n<\/ul>\n<p><strong>Solar Imput<\/strong><\/p>\n<ul>\n<li>No. of MPPT:  2<\/li>\n<li>Maximum Input Power:  5,500W+5,500W<\/li>\n<li>Maximum Input Current:  25A+25A<\/li>\n<li>Maximum Open Circuit Voltage:  550Vdc+550Vdc<\/li>\n<li>MPPT Voltage Range:  125\u223c450Vdc<\/li>\n<\/ul>\n<h4>Grid \/ Generator Input<\/h4>\n<ul>\n<li>Input Voltage Range: 40\u223c60Vdc<\/li>\n<li>Input Frequency: 50\/60HZ<\/li>\n<\/ul>\n<p><strong>Efficiency<\/strong><\/p>\n<ul>\n<li>MPPT Tracking Efficiency:  99.9%<\/li>\n<li>Maximum Efficiency:  97.5%<\/li>\n<\/ul>\n<p><strong>General Data<\/strong><\/p>\n<p>Parallel Capacity:  1\u223c6 units                                                                                                                       \/                                        Humidity:                 0\u223c100%<\/p>\n<p>Dimension:               750*440*240mm                                                               \/    Cooling method:    Fan cooling<\/p>\n<p>Weight:                                42Kg                                                                             \/  Warranty:                   5 ans<\/p>\n<p>Protection Degree:      IP65                                                                             \/ Temperature: -25\u223c60\u00b0C, &gt;45\u00b0 derate<\/p>\n<p>Communication:     RS485\/CAN\/USB\/Dry Contact                                       \/ Topology:       Transformerless<\/p>\n<p>Module Wi-Fi:              included                                                                              \/ Certificate: Ul 1741:2021 Ed.3 (suppl\u00e9ment SB)<\/p>\n<p><strong>Intertek Certificate:<\/strong><\/p>\n<p><a href=\"https:\/\/sol-air-tech.com\/wp-content\/uploads\/2026\/03\/Certification-onduleurs-SRNE-HESP-et-HEBP.pdf\">https:\/\/sol-air-tech.com\/wp-content\/uploads\/2026\/03\/Certification-onduleurs-SRNE-HESP-et-HEBP.pdf<\/a><\/p>\n<p><strong>Datasheet:<\/strong><\/p>\n<p><a href=\"https:\/\/sol-air-tech.com\/wp-content\/uploads\/2026\/03\/SRNE_HESP_US_48V_812kW_120V240V_Split-Phase_Hybrid_Solar-Storage-Inverter_Datasheet_V1.520250422.pdf\">https:\/\/sol-air-tech.com\/wp-content\/uploads\/2026\/03\/SRNE_HESP_US_48V_812kW_120V240V_Split-Phase_Hybrid_Solar-Storage-Inverter_Datasheet_V1.520250422.pdf<\/a>l<\/p>\n<p><strong>Instruction manual:<\/strong><\/p>\n<p><a href=\"https:\/\/sol-air-tech.com\/wp-content\/uploads\/2026\/03\/SRNE_HESP-Series_8-12kW_US_Split-phase_Solar-hybrid-inverter_user-manual_V1.2.pdf\">https:\/\/sol-air-tech.com\/wp-content\/uploads\/2026\/03\/SRNE_HESP-Series_8-12kW_US_Split-phase_Solar-hybrid-inverter_user-manual_V1.2.pdf<\/a><\/p>","protected":false},"excerpt":{"rendered":"<ul>\n<li>Inverter SRNE HESP 8KW<\/li>\n<li>120V\/240V V (split phase)<\/li>\n<li>AC Output 8,800W<\/li>\n<li>Compatible with 48V storage batteries<\/li>\n<li>Separate generator port<\/li>\n<li>Support time-slot function for peak demand<\/li>\n<li>Approved by Hydro Quebec<\/li>\n<li>Certification UL 1741:2021 Ed.3\u00a0 (suppl\u00e9ment SB)<\/li>\n<\/ul>","protected":false},"featured_media":9579,"menu_order":0,"comment_status":"open","ping_status":"closed","template":"","meta":{"content-type":""},"product_brand":[],"product_cat":[156],"product_tag":[],"class_list":{"0":"post-9518","1":"product","2":"type-product","3":"status-publish","4":"has-post-thumbnail","6":"product_cat-ondulateurs-hybrides","7":"product_shipping_class-onduleur","9":"first","10":"onbackorder","11":"taxable","12":"shipping-taxable","13":"purchasable","14":"product-type-simple"},"yoast_head":"<!-- This site is optimized with the Yoast SEO plugin v21.5 - https:\/\/yoast.com\/wordpress\/plugins\/seo\/ -->\n<title>SRNE HESP4880U200-H - SOL-AIR TECH<\/title>\n<meta name=\"description\" content=\"Onduleur Hybride 8 KW Split Phase 120V\/240VAC, Mod\u00e8le SRNE HESP4880U200H, 48VDC, deux ports MPPT 550V chaque, port s\u00e9par\u00e9 pour la g\u00e9n\u00e9ratrice, WIFI inclus.\" \/>\n<meta name=\"robots\" content=\"index, follow, max-snippet:-1, max-image-preview:large, max-video-preview:-1\" \/>\n<link rel=\"canonical\" href=\"https:\/\/sol-air-tech.com\/en\/product-category\/ondulateurs-hybrides\/\" \/>\n<meta property=\"og:locale\" content=\"en_US\" \/>\n<meta property=\"og:type\" content=\"article\" \/>\n<meta property=\"og:title\" content=\"SRNE HESP4880U200-H - SOL-AIR TECH\" \/>\n<meta property=\"og:description\" content=\"Onduleur Hybride 8 KW Split Phase 120V\/240VAC, Mod\u00e8le SRNE HESP4880U200H, 48VDC, deux ports MPPT 550V chaque, port s\u00e9par\u00e9 pour la g\u00e9n\u00e9ratrice, WIFI inclus.\" \/>\n<meta property=\"og:url\" content=\"https:\/\/sol-air-tech.com\/en\/product-category\/ondulateurs-hybrides\/\" \/>\n<meta property=\"og:site_name\" content=\"SOL-AIR TECH\" \/>\n<meta property=\"article:modified_time\" content=\"2026-04-11T14:17:47+00:00\" \/>\n<meta property=\"og:image\" content=\"https:\/\/sol-air-tech.com\/wp-content\/uploads\/2026\/04\/SRNE-HESP-8-12KW-face-scaled.png\" \/>\n\t<meta property=\"og:image:width\" content=\"2560\" \/>\n\t<meta property=\"og:image:height\" content=\"1919\" \/>\n\t<meta property=\"og:image:type\" content=\"image\/png\" \/>\n<meta name=\"twitter:card\" content=\"summary_large_image\" \/>\n<meta name=\"twitter:label1\" content=\"Est. reading time\" \/>\n\t<meta name=\"twitter:data1\" content=\"2 minutes\" \/>\n<script type=\"application\/ld+json\" class=\"yoast-schema-graph\">{\"@context\":\"https:\/\/schema.org\",\"@graph\":[{\"@type\":\"WebPage\",\"@id\":\"https:\/\/sol-air-tech.com\/product\/srne-hesp4880u200-h\/\",\"url\":\"https:\/\/sol-air-tech.com\/product-category\/ondulateurs-hybrides\/\",\"name\":\"SRNE HESP4880U200-H - SOL-AIR TECH\",\"isPartOf\":{\"@id\":\"https:\/\/sol-air-tech.com\/#website\"},\"datePublished\":\"2026-03-24T21:30:17+00:00\",\"dateModified\":\"2026-04-11T14:17:47+00:00\",\"description\":\"Onduleur Hybride 8 KW Split Phase 120V\/240VAC, Mod\u00e8le SRNE HESP4880U200H, 48VDC, deux ports MPPT 550V chaque, port s\u00e9par\u00e9 pour la g\u00e9n\u00e9ratrice, WIFI inclus.\",\"breadcrumb\":{\"@id\":\"https:\/\/sol-air-tech.com\/product-category\/ondulateurs-hybrides\/#breadcrumb\"},\"inLanguage\":\"en-CA\",\"potentialAction\":[{\"@type\":\"ReadAction\",\"target\":[\"https:\/\/sol-air-tech.com\/product-category\/ondulateurs-hybrides\/\"]}]},{\"@type\":\"BreadcrumbList\",\"@id\":\"https:\/\/sol-air-tech.com\/product-category\/ondulateurs-hybrides\/#breadcrumb\",\"itemListElement\":[{\"@type\":\"ListItem\",\"position\":1,\"name\":\"Accueil\",\"item\":\"https:\/\/sol-air-tech.com\/\"},{\"@type\":\"ListItem\",\"position\":2,\"name\":\"Boutique\",\"item\":\"https:\/\/sol-air-tech.com\/en\/boutique\/\"},{\"@type\":\"ListItem\",\"position\":3,\"name\":\"SRNE HESP4880U200-H\"}]},{\"@type\":\"WebSite\",\"@id\":\"https:\/\/sol-air-tech.com\/#website\",\"url\":\"https:\/\/sol-air-tech.com\/\",\"name\":\"SOL-AIR TECH\",\"description\":\"vente de mat\u00e9riel \u00e9lectrique\",\"publisher\":{\"@id\":\"https:\/\/sol-air-tech.com\/#organization\"},\"potentialAction\":[{\"@type\":\"SearchAction\",\"target\":{\"@type\":\"EntryPoint\",\"urlTemplate\":\"https:\/\/sol-air-tech.com\/?s={search_term_string}\"},\"query-input\":\"required name=search_term_string\"}],\"inLanguage\":\"en-CA\"},{\"@type\":\"Organization\",\"@id\":\"https:\/\/sol-air-tech.com\/#organization\",\"name\":\"SOL-AIR TECH\",\"url\":\"https:\/\/sol-air-tech.com\/\",\"logo\":{\"@type\":\"ImageObject\",\"inLanguage\":\"en-CA\",\"@id\":\"https:\/\/sol-air-tech.com\/#\/schema\/logo\/image\/\",\"url\":\"https:\/\/sol-air-tech.com\/wp-content\/uploads\/2023\/07\/lOGOFINAL_SOLAIR_TECH.png\",\"contentUrl\":\"https:\/\/sol-air-tech.com\/wp-content\/uploads\/2023\/07\/lOGOFINAL_SOLAIR_TECH.png\",\"width\":770,\"height\":306,\"caption\":\"SOL-AIR TECH\"},\"image\":{\"@id\":\"https:\/\/sol-air-tech.com\/#\/schema\/logo\/image\/\"}}]}<\/script>\n<!-- \/ Yoast SEO plugin. -->","yoast_head_json":{"title":"SRNE HESP4880U200-H - SOL-AIR TECH","description":"Onduleur Hybride 8 KW Split Phase 120V\/240VAC, Mod\u00e8le SRNE HESP4880U200H, 48VDC, deux ports MPPT 550V chaque, port s\u00e9par\u00e9 pour la g\u00e9n\u00e9ratrice, WIFI inclus.","robots":{"index":"index","follow":"follow","max-snippet":"max-snippet:-1","max-image-preview":"max-image-preview:large","max-video-preview":"max-video-preview:-1"},"canonical":"https:\/\/sol-air-tech.com\/en\/product-category\/ondulateurs-hybrides\/","og_locale":"en_US","og_type":"article","og_title":"SRNE HESP4880U200-H - SOL-AIR TECH","og_description":"Onduleur Hybride 8 KW Split Phase 120V\/240VAC, Mod\u00e8le SRNE HESP4880U200H, 48VDC, deux ports MPPT 550V chaque, port s\u00e9par\u00e9 pour la g\u00e9n\u00e9ratrice, WIFI inclus.","og_url":"https:\/\/sol-air-tech.com\/en\/product-category\/ondulateurs-hybrides\/","og_site_name":"SOL-AIR TECH","article_modified_time":"2026-04-11T14:17:47+00:00","og_image":[{"width":2560,"height":1919,"url":"https:\/\/sol-air-tech.com\/wp-content\/uploads\/2026\/04\/SRNE-HESP-8-12KW-face-scaled.png","type":"image\/png"}],"twitter_card":"summary_large_image","twitter_misc":{"Est. reading time":"2 minutes"},"schema":{"@context":"https:\/\/schema.org","@graph":[{"@type":"WebPage","@id":"https:\/\/sol-air-tech.com\/product\/srne-hesp4880u200-h\/","url":"https:\/\/sol-air-tech.com\/product-category\/ondulateurs-hybrides\/","name":"SRNE HESP4880U200-H - SOL-AIR TECH","isPartOf":{"@id":"https:\/\/sol-air-tech.com\/#website"},"datePublished":"2026-03-24T21:30:17+00:00","dateModified":"2026-04-11T14:17:47+00:00","description":"Onduleur Hybride 8 KW Split Phase 120V\/240VAC, Mod\u00e8le SRNE HESP4880U200H, 48VDC, deux ports MPPT 550V chaque, port s\u00e9par\u00e9 pour la g\u00e9n\u00e9ratrice, WIFI inclus.","breadcrumb":{"@id":"https:\/\/sol-air-tech.com\/product-category\/ondulateurs-hybrides\/#breadcrumb"},"inLanguage":"en-CA","potentialAction":[{"@type":"ReadAction","target":["https:\/\/sol-air-tech.com\/product-category\/ondulateurs-hybrides\/"]}]},{"@type":"BreadcrumbList","@id":"https:\/\/sol-air-tech.com\/product-category\/ondulateurs-hybrides\/#breadcrumb","itemListElement":[{"@type":"ListItem","position":1,"name":"Accueil","item":"https:\/\/sol-air-tech.com\/"},{"@type":"ListItem","position":2,"name":"Boutique","item":"https:\/\/sol-air-tech.com\/en\/boutique\/"},{"@type":"ListItem","position":3,"name":"SRNE HESP4880U200-H"}]},{"@type":"WebSite","@id":"https:\/\/sol-air-tech.com\/#website","url":"https:\/\/sol-air-tech.com\/","name":"SOL-AIR TECH","description":"vente de mat\u00e9riel \u00e9lectrique","publisher":{"@id":"https:\/\/sol-air-tech.com\/#organization"},"potentialAction":[{"@type":"SearchAction","target":{"@type":"EntryPoint","urlTemplate":"https:\/\/sol-air-tech.com\/?s={search_term_string}"},"query-input":"required name=search_term_string"}],"inLanguage":"en-CA"},{"@type":"Organization","@id":"https:\/\/sol-air-tech.com\/#organization","name":"SOL-AIR TECH","url":"https:\/\/sol-air-tech.com\/","logo":{"@type":"ImageObject","inLanguage":"en-CA","@id":"https:\/\/sol-air-tech.com\/#\/schema\/logo\/image\/","url":"https:\/\/sol-air-tech.com\/wp-content\/uploads\/2023\/07\/lOGOFINAL_SOLAIR_TECH.png","contentUrl":"https:\/\/sol-air-tech.com\/wp-content\/uploads\/2023\/07\/lOGOFINAL_SOLAIR_TECH.png","width":770,"height":306,"caption":"SOL-AIR TECH"},"image":{"@id":"https:\/\/sol-air-tech.com\/#\/schema\/logo\/image\/"}}]}},"_links":{"self":[{"href":"https:\/\/sol-air-tech.com\/en\/wp-json\/wp\/v2\/product\/9518","targetHints":{"allow":["GET"]}}],"collection":[{"href":"https:\/\/sol-air-tech.com\/en\/wp-json\/wp\/v2\/product"}],"about":[{"href":"https:\/\/sol-air-tech.com\/en\/wp-json\/wp\/v2\/types\/product"}],"replies":[{"embeddable":true,"href":"https:\/\/sol-air-tech.com\/en\/wp-json\/wp\/v2\/comments?post=9518"}],"wp:featuredmedia":[{"embeddable":true,"href":"https:\/\/sol-air-tech.com\/en\/wp-json\/wp\/v2\/media\/9579"}],"wp:attachment":[{"href":"https:\/\/sol-air-tech.com\/en\/wp-json\/wp\/v2\/media?parent=9518"}],"wp:term":[{"taxonomy":"product_brand","embeddable":true,"href":"https:\/\/sol-air-tech.com\/en\/wp-json\/wp\/v2\/product_brand?post=9518"},{"taxonomy":"product_cat","embeddable":true,"href":"https:\/\/sol-air-tech.com\/en\/wp-json\/wp\/v2\/product_cat?post=9518"},{"taxonomy":"product_tag","embeddable":true,"href":"https:\/\/sol-air-tech.com\/en\/wp-json\/wp\/v2\/product_tag?post=9518"}],"curies":[{"name":"wp","href":"https:\/\/api.w.org\/{rel}","templated":true}]}}