{"id":4144,"date":"2023-10-15T14:56:09","date_gmt":"2023-10-15T18:56:09","guid":{"rendered":"https:\/\/sol-air-tech.com\/?post_type=product&#038;p=4144"},"modified":"2026-03-23T16:41:50","modified_gmt":"2026-03-23T20:41:50","slug":"glande-de-cable-pour-boitier","status":"publish","type":"product","link":"https:\/\/sol-air-tech.com\/en\/product\/glande-de-cable-pour-boitier\/","title":{"rendered":"Cable gland for housing"},"content":{"rendered":"<ul>\n<li>Cable gland for housing<\/li>\n<li>Size M16*1.5<\/li>\n<\/ul>","protected":false},"excerpt":{"rendered":"<ul>\n<li>Cable gland for housing<\/li>\n<li>Size M16*1.5<\/li>\n<li>Sert \u00e0 maintenir le c\u00e2ble solidement lorsqu&#8217;il entre dans le boitier.<\/li>\n<\/ul>","protected":false},"featured_media":4143,"menu_order":0,"comment_status":"open","ping_status":"closed","template":"","meta":{"content-type":""},"product_brand":[],"product_cat":[154],"product_tag":[],"class_list":{"0":"post-4144","1":"product","2":"type-product","3":"status-publish","4":"has-post-thumbnail","6":"product_cat-mc4-connecteurs","7":"product_shipping_class-petit-produit","9":"first","10":"instock","11":"downloadable","12":"taxable","13":"shipping-taxable","14":"purchasable","15":"product-type-simple"},"yoast_head":"<!-- This site is optimized with the Yoast SEO plugin v21.5 - https:\/\/yoast.com\/wordpress\/plugins\/seo\/ -->\n<title>Glande de c\u00e2ble pour boitier - SOL-AIR TECH<\/title>\n<meta name=\"description\" content=\"Glande de c\u00e2ble pour boitier M16*1.5. Se monte sur les boitiers pour fixer solidement et s\u00e9curitairement les c\u00e2bles \u00e0 travers le boitier.\" \/>\n<meta name=\"robots\" content=\"index, follow, max-snippet:-1, max-image-preview:large, max-video-preview:-1\" \/>\n<link rel=\"canonical\" href=\"https:\/\/sol-air-tech.com\/en\/product\/glande-de-cable-pour-boitier\/\" \/>\n<meta property=\"og:locale\" content=\"en_US\" \/>\n<meta property=\"og:type\" content=\"article\" \/>\n<meta property=\"og:title\" content=\"Glande de c\u00e2ble pour boitier - SOL-AIR TECH\" \/>\n<meta property=\"og:description\" content=\"Glande de c\u00e2ble pour boitier M16*1.5. Se monte sur les boitiers pour fixer solidement et s\u00e9curitairement les c\u00e2bles \u00e0 travers le boitier.\" \/>\n<meta property=\"og:url\" content=\"https:\/\/sol-air-tech.com\/en\/product\/glande-de-cable-pour-boitier\/\" \/>\n<meta property=\"og:site_name\" content=\"SOL-AIR TECH\" \/>\n<meta property=\"article:modified_time\" content=\"2026-03-23T20:41:50+00:00\" \/>\n<meta property=\"og:image\" content=\"https:\/\/sol-air-tech.com\/wp-content\/uploads\/2023\/10\/Cable-Gland-1.png\" \/>\n\t<meta property=\"og:image:width\" content=\"308\" \/>\n\t<meta property=\"og:image:height\" content=\"202\" \/>\n\t<meta property=\"og:image:type\" content=\"image\/png\" \/>\n<meta name=\"twitter:card\" content=\"summary_large_image\" \/>\n<meta name=\"twitter:label1\" content=\"Est. reading time\" \/>\n\t<meta name=\"twitter:data1\" content=\"1 minute\" \/>\n<script type=\"application\/ld+json\" class=\"yoast-schema-graph\">{\"@context\":\"https:\/\/schema.org\",\"@graph\":[{\"@type\":\"WebPage\",\"@id\":\"https:\/\/sol-air-tech.com\/product\/glande-de-cable-pour-boitier\/\",\"url\":\"https:\/\/sol-air-tech.com\/product\/glande-de-cable-pour-boitier\/\",\"name\":\"Glande de c\u00e2ble pour boitier - SOL-AIR TECH\",\"isPartOf\":{\"@id\":\"https:\/\/sol-air-tech.com\/#website\"},\"datePublished\":\"2023-10-15T18:56:09+00:00\",\"dateModified\":\"2026-03-23T20:41:50+00:00\",\"description\":\"Glande de c\u00e2ble pour boitier M16*1.5. Se monte sur les boitiers pour fixer solidement et s\u00e9curitairement les c\u00e2bles \u00e0 travers le boitier.\",\"breadcrumb\":{\"@id\":\"https:\/\/sol-air-tech.com\/product\/glande-de-cable-pour-boitier\/#breadcrumb\"},\"inLanguage\":\"en-CA\",\"potentialAction\":[{\"@type\":\"ReadAction\",\"target\":[\"https:\/\/sol-air-tech.com\/product\/glande-de-cable-pour-boitier\/\"]}]},{\"@type\":\"BreadcrumbList\",\"@id\":\"https:\/\/sol-air-tech.com\/product\/glande-de-cable-pour-boitier\/#breadcrumb\",\"itemListElement\":[{\"@type\":\"ListItem\",\"position\":1,\"name\":\"Accueil\",\"item\":\"https:\/\/sol-air-tech.com\/\"},{\"@type\":\"ListItem\",\"position\":2,\"name\":\"Boutique\",\"item\":\"https:\/\/sol-air-tech.com\/en\/boutique\/\"},{\"@type\":\"ListItem\",\"position\":3,\"name\":\"Glande de c\u00e2ble pour boitier\"}]},{\"@type\":\"WebSite\",\"@id\":\"https:\/\/sol-air-tech.com\/#website\",\"url\":\"https:\/\/sol-air-tech.com\/\",\"name\":\"SOL-AIR TECH\",\"description\":\"vente de mat\u00e9riel \u00e9lectrique\",\"publisher\":{\"@id\":\"https:\/\/sol-air-tech.com\/#organization\"},\"potentialAction\":[{\"@type\":\"SearchAction\",\"target\":{\"@type\":\"EntryPoint\",\"urlTemplate\":\"https:\/\/sol-air-tech.com\/?s={search_term_string}\"},\"query-input\":\"required name=search_term_string\"}],\"inLanguage\":\"en-CA\"},{\"@type\":\"Organization\",\"@id\":\"https:\/\/sol-air-tech.com\/#organization\",\"name\":\"SOL-AIR TECH\",\"url\":\"https:\/\/sol-air-tech.com\/\",\"logo\":{\"@type\":\"ImageObject\",\"inLanguage\":\"en-CA\",\"@id\":\"https:\/\/sol-air-tech.com\/#\/schema\/logo\/image\/\",\"url\":\"https:\/\/sol-air-tech.com\/wp-content\/uploads\/2023\/07\/lOGOFINAL_SOLAIR_TECH.png\",\"contentUrl\":\"https:\/\/sol-air-tech.com\/wp-content\/uploads\/2023\/07\/lOGOFINAL_SOLAIR_TECH.png\",\"width\":770,\"height\":306,\"caption\":\"SOL-AIR TECH\"},\"image\":{\"@id\":\"https:\/\/sol-air-tech.com\/#\/schema\/logo\/image\/\"}}]}<\/script>\n<!-- \/ Yoast SEO plugin. -->","yoast_head_json":{"title":"Glande de c\u00e2ble pour boitier - SOL-AIR TECH","description":"Glande de c\u00e2ble pour boitier M16*1.5. Se monte sur les boitiers pour fixer solidement et s\u00e9curitairement les c\u00e2bles \u00e0 travers le boitier.","robots":{"index":"index","follow":"follow","max-snippet":"max-snippet:-1","max-image-preview":"max-image-preview:large","max-video-preview":"max-video-preview:-1"},"canonical":"https:\/\/sol-air-tech.com\/en\/product\/glande-de-cable-pour-boitier\/","og_locale":"en_US","og_type":"article","og_title":"Glande de c\u00e2ble pour boitier - SOL-AIR TECH","og_description":"Glande de c\u00e2ble pour boitier M16*1.5. Se monte sur les boitiers pour fixer solidement et s\u00e9curitairement les c\u00e2bles \u00e0 travers le boitier.","og_url":"https:\/\/sol-air-tech.com\/en\/product\/glande-de-cable-pour-boitier\/","og_site_name":"SOL-AIR TECH","article_modified_time":"2026-03-23T20:41:50+00:00","og_image":[{"width":308,"height":202,"url":"https:\/\/sol-air-tech.com\/wp-content\/uploads\/2023\/10\/Cable-Gland-1.png","type":"image\/png"}],"twitter_card":"summary_large_image","twitter_misc":{"Est. reading time":"1 minute"},"schema":{"@context":"https:\/\/schema.org","@graph":[{"@type":"WebPage","@id":"https:\/\/sol-air-tech.com\/product\/glande-de-cable-pour-boitier\/","url":"https:\/\/sol-air-tech.com\/product\/glande-de-cable-pour-boitier\/","name":"Glande de c\u00e2ble pour boitier - SOL-AIR TECH","isPartOf":{"@id":"https:\/\/sol-air-tech.com\/#website"},"datePublished":"2023-10-15T18:56:09+00:00","dateModified":"2026-03-23T20:41:50+00:00","description":"Glande de c\u00e2ble pour boitier M16*1.5. Se monte sur les boitiers pour fixer solidement et s\u00e9curitairement les c\u00e2bles \u00e0 travers le boitier.","breadcrumb":{"@id":"https:\/\/sol-air-tech.com\/product\/glande-de-cable-pour-boitier\/#breadcrumb"},"inLanguage":"en-CA","potentialAction":[{"@type":"ReadAction","target":["https:\/\/sol-air-tech.com\/product\/glande-de-cable-pour-boitier\/"]}]},{"@type":"BreadcrumbList","@id":"https:\/\/sol-air-tech.com\/product\/glande-de-cable-pour-boitier\/#breadcrumb","itemListElement":[{"@type":"ListItem","position":1,"name":"Accueil","item":"https:\/\/sol-air-tech.com\/"},{"@type":"ListItem","position":2,"name":"Boutique","item":"https:\/\/sol-air-tech.com\/en\/boutique\/"},{"@type":"ListItem","position":3,"name":"Glande de c\u00e2ble pour boitier"}]},{"@type":"WebSite","@id":"https:\/\/sol-air-tech.com\/#website","url":"https:\/\/sol-air-tech.com\/","name":"SOL-AIR TECH","description":"vente de mat\u00e9riel \u00e9lectrique","publisher":{"@id":"https:\/\/sol-air-tech.com\/#organization"},"potentialAction":[{"@type":"SearchAction","target":{"@type":"EntryPoint","urlTemplate":"https:\/\/sol-air-tech.com\/?s={search_term_string}"},"query-input":"required name=search_term_string"}],"inLanguage":"en-CA"},{"@type":"Organization","@id":"https:\/\/sol-air-tech.com\/#organization","name":"SOL-AIR TECH","url":"https:\/\/sol-air-tech.com\/","logo":{"@type":"ImageObject","inLanguage":"en-CA","@id":"https:\/\/sol-air-tech.com\/#\/schema\/logo\/image\/","url":"https:\/\/sol-air-tech.com\/wp-content\/uploads\/2023\/07\/lOGOFINAL_SOLAIR_TECH.png","contentUrl":"https:\/\/sol-air-tech.com\/wp-content\/uploads\/2023\/07\/lOGOFINAL_SOLAIR_TECH.png","width":770,"height":306,"caption":"SOL-AIR TECH"},"image":{"@id":"https:\/\/sol-air-tech.com\/#\/schema\/logo\/image\/"}}]}},"_links":{"self":[{"href":"https:\/\/sol-air-tech.com\/en\/wp-json\/wp\/v2\/product\/4144","targetHints":{"allow":["GET"]}}],"collection":[{"href":"https:\/\/sol-air-tech.com\/en\/wp-json\/wp\/v2\/product"}],"about":[{"href":"https:\/\/sol-air-tech.com\/en\/wp-json\/wp\/v2\/types\/product"}],"replies":[{"embeddable":true,"href":"https:\/\/sol-air-tech.com\/en\/wp-json\/wp\/v2\/comments?post=4144"}],"wp:featuredmedia":[{"embeddable":true,"href":"https:\/\/sol-air-tech.com\/en\/wp-json\/wp\/v2\/media\/4143"}],"wp:attachment":[{"href":"https:\/\/sol-air-tech.com\/en\/wp-json\/wp\/v2\/media?parent=4144"}],"wp:term":[{"taxonomy":"product_brand","embeddable":true,"href":"https:\/\/sol-air-tech.com\/en\/wp-json\/wp\/v2\/product_brand?post=4144"},{"taxonomy":"product_cat","embeddable":true,"href":"https:\/\/sol-air-tech.com\/en\/wp-json\/wp\/v2\/product_cat?post=4144"},{"taxonomy":"product_tag","embeddable":true,"href":"https:\/\/sol-air-tech.com\/en\/wp-json\/wp\/v2\/product_tag?post=4144"}],"curies":[{"name":"wp","href":"https:\/\/api.w.org\/{rel}","templated":true}]}}