{"id":4093,"date":"2023-10-04T04:54:54","date_gmt":"2023-10-04T08:54:54","guid":{"rendered":"https:\/\/sol-air-tech.com\/?post_type=product&#038;p=4093"},"modified":"2023-10-22T08:34:30","modified_gmt":"2023-10-22T12:34:30","slug":"systeme-solaire-miniature","status":"publish","type":"product","link":"https:\/\/sol-air-tech.com\/en\/product\/systeme-solaire-miniature\/","title":{"rendered":"Solar system"},"content":{"rendered":"<p>Comprend un\u00a0 panneau solaire 10W6V avec 5 m\u00e8tres de c\u00e2ble<\/p>\n<p>Batterie au lithium 7500Mah<\/p>\n<p>2 lumi\u00e8res au LED 1W avec 3 m\u00e8tres de c\u00e2ble<\/p>\n<p>1 lumi\u00e8re au LED 3W avec 3 m\u00e8tres de c\u00e2ble<\/p>\n<p>Temps de charge 5-6 heures<\/p>\n<p>Fonction: lumi\u00e8res, chargeur de t\u00e9l\u00e9phone mobile, FM , MP3,SD carte joueurs, prise USB 5VDC<\/p>\n<p>Contr\u00f4leur \u00e0 distance<\/p>\n<p>Chargeur AC<\/p>\n<p>&nbsp;<\/p>\n<p>&nbsp;<\/p>","protected":false},"excerpt":{"rendered":"<ul>\n<li>Comprend un\u00a0 panneau solaire 10W6V avec 5 m\u00e8tres de c\u00e2ble<\/li>\n<li>Batterie au lithium 7500Mah<\/li>\n<li>2 lumi\u00e8res au LED 1W avec 3 m\u00e8tres de c\u00e2ble<\/li>\n<li>1 lumi\u00e8re au LED 3W avec 3 m\u00e8tres de c\u00e2ble<\/li>\n<li>Temps de charge 5-6 heures<\/li>\n<li>Fonction: lumi\u00e8res, chargeur de t\u00e9l\u00e9phone mobile, FM , MP3,SD carte joueurs, prise USB 5VDC<\/li>\n<li>Contr\u00f4leur \u00e0 distance<\/li>\n<li>Chargeur AC<\/li>\n<\/ul>","protected":false},"featured_media":3523,"menu_order":0,"comment_status":"open","ping_status":"closed","template":"","meta":{"content-type":""},"product_brand":[],"product_cat":[193],"product_tag":[],"class_list":{"0":"post-4093","1":"product","2":"type-product","3":"status-publish","4":"has-post-thumbnail","6":"product_cat-liquidation","8":"first","9":"instock","10":"sale","11":"taxable","12":"shipping-taxable","13":"purchasable","14":"product-type-simple"},"yoast_head":"<!-- This site is optimized with the Yoast SEO plugin v21.5 - https:\/\/yoast.com\/wordpress\/plugins\/seo\/ -->\n<title>Syst\u00e8me solaire - SOL-AIR TECH<\/title>\n<meta name=\"robots\" content=\"index, follow, max-snippet:-1, max-image-preview:large, max-video-preview:-1\" \/>\n<link rel=\"canonical\" href=\"https:\/\/sol-air-tech.com\/en\/product\/systeme-solaire-miniature\/\" \/>\n<meta property=\"og:locale\" content=\"en_US\" \/>\n<meta property=\"og:type\" content=\"article\" \/>\n<meta property=\"og:title\" content=\"Syst\u00e8me solaire - SOL-AIR TECH\" \/>\n<meta property=\"og:description\" content=\"Comprend un\u00a0 panneau solaire 10W6V avec 5 m\u00e8tres de c\u00e2ble  Batterie au lithium 7500Mah  2 lumi\u00e8res au LED 1W avec 3 m\u00e8tres de c\u00e2ble  1 lumi\u00e8re au LED 3W avec 3 m\u00e8tres de c\u00e2ble  Temps de charge 5-6 heures  Fonction: lumi\u00e8res, chargeur de t\u00e9l\u00e9phone mobile, FM , MP3,SD carte joueurs, prise USB 5VDC  Contr\u00f4leur \u00e0 distance  Chargeur AC\" \/>\n<meta property=\"og:url\" content=\"https:\/\/sol-air-tech.com\/en\/product\/systeme-solaire-miniature\/\" \/>\n<meta property=\"og:site_name\" content=\"SOL-AIR TECH\" \/>\n<meta property=\"article:modified_time\" content=\"2023-10-22T12:34:30+00:00\" \/>\n<meta property=\"og:image\" content=\"https:\/\/sol-air-tech.com\/wp-content\/uploads\/2023\/07\/Systeme-solaire.jpg\" \/>\n\t<meta property=\"og:image:width\" content=\"632\" \/>\n\t<meta property=\"og:image:height\" content=\"454\" \/>\n\t<meta property=\"og:image:type\" content=\"image\/jpeg\" \/>\n<meta name=\"twitter:card\" content=\"summary_large_image\" \/>\n<script type=\"application\/ld+json\" class=\"yoast-schema-graph\">{\"@context\":\"https:\/\/schema.org\",\"@graph\":[{\"@type\":\"WebPage\",\"@id\":\"https:\/\/sol-air-tech.com\/product\/systeme-solaire-miniature\/\",\"url\":\"https:\/\/sol-air-tech.com\/product\/systeme-solaire-miniature\/\",\"name\":\"Syst\u00e8me solaire - SOL-AIR TECH\",\"isPartOf\":{\"@id\":\"https:\/\/sol-air-tech.com\/#website\"},\"datePublished\":\"2023-10-04T08:54:54+00:00\",\"dateModified\":\"2023-10-22T12:34:30+00:00\",\"breadcrumb\":{\"@id\":\"https:\/\/sol-air-tech.com\/product\/systeme-solaire-miniature\/#breadcrumb\"},\"inLanguage\":\"en-CA\",\"potentialAction\":[{\"@type\":\"ReadAction\",\"target\":[\"https:\/\/sol-air-tech.com\/product\/systeme-solaire-miniature\/\"]}]},{\"@type\":\"BreadcrumbList\",\"@id\":\"https:\/\/sol-air-tech.com\/product\/systeme-solaire-miniature\/#breadcrumb\",\"itemListElement\":[{\"@type\":\"ListItem\",\"position\":1,\"name\":\"Accueil\",\"item\":\"https:\/\/sol-air-tech.com\/\"},{\"@type\":\"ListItem\",\"position\":2,\"name\":\"Boutique\",\"item\":\"https:\/\/sol-air-tech.com\/en\/boutique\/\"},{\"@type\":\"ListItem\",\"position\":3,\"name\":\"Syst\u00e8me solaire\"}]},{\"@type\":\"WebSite\",\"@id\":\"https:\/\/sol-air-tech.com\/#website\",\"url\":\"https:\/\/sol-air-tech.com\/\",\"name\":\"SOL-AIR TECH\",\"description\":\"vente de mat\u00e9riel \u00e9lectrique\",\"publisher\":{\"@id\":\"https:\/\/sol-air-tech.com\/#organization\"},\"potentialAction\":[{\"@type\":\"SearchAction\",\"target\":{\"@type\":\"EntryPoint\",\"urlTemplate\":\"https:\/\/sol-air-tech.com\/?s={search_term_string}\"},\"query-input\":\"required name=search_term_string\"}],\"inLanguage\":\"en-CA\"},{\"@type\":\"Organization\",\"@id\":\"https:\/\/sol-air-tech.com\/#organization\",\"name\":\"SOL-AIR TECH\",\"url\":\"https:\/\/sol-air-tech.com\/\",\"logo\":{\"@type\":\"ImageObject\",\"inLanguage\":\"en-CA\",\"@id\":\"https:\/\/sol-air-tech.com\/#\/schema\/logo\/image\/\",\"url\":\"https:\/\/sol-air-tech.com\/wp-content\/uploads\/2023\/07\/lOGOFINAL_SOLAIR_TECH.png\",\"contentUrl\":\"https:\/\/sol-air-tech.com\/wp-content\/uploads\/2023\/07\/lOGOFINAL_SOLAIR_TECH.png\",\"width\":770,\"height\":306,\"caption\":\"SOL-AIR TECH\"},\"image\":{\"@id\":\"https:\/\/sol-air-tech.com\/#\/schema\/logo\/image\/\"}}]}<\/script>\n<!-- \/ Yoast SEO plugin. -->","yoast_head_json":{"title":"Syst\u00e8me solaire - SOL-AIR TECH","robots":{"index":"index","follow":"follow","max-snippet":"max-snippet:-1","max-image-preview":"max-image-preview:large","max-video-preview":"max-video-preview:-1"},"canonical":"https:\/\/sol-air-tech.com\/en\/product\/systeme-solaire-miniature\/","og_locale":"en_US","og_type":"article","og_title":"Syst\u00e8me solaire - SOL-AIR TECH","og_description":"Comprend un\u00a0 panneau solaire 10W6V avec 5 m\u00e8tres de c\u00e2ble  Batterie au lithium 7500Mah  2 lumi\u00e8res au LED 1W avec 3 m\u00e8tres de c\u00e2ble  1 lumi\u00e8re au LED 3W avec 3 m\u00e8tres de c\u00e2ble  Temps de charge 5-6 heures  Fonction: lumi\u00e8res, chargeur de t\u00e9l\u00e9phone mobile, FM , MP3,SD carte joueurs, prise USB 5VDC  Contr\u00f4leur \u00e0 distance  Chargeur AC","og_url":"https:\/\/sol-air-tech.com\/en\/product\/systeme-solaire-miniature\/","og_site_name":"SOL-AIR TECH","article_modified_time":"2023-10-22T12:34:30+00:00","og_image":[{"width":632,"height":454,"url":"https:\/\/sol-air-tech.com\/wp-content\/uploads\/2023\/07\/Systeme-solaire.jpg","type":"image\/jpeg"}],"twitter_card":"summary_large_image","schema":{"@context":"https:\/\/schema.org","@graph":[{"@type":"WebPage","@id":"https:\/\/sol-air-tech.com\/product\/systeme-solaire-miniature\/","url":"https:\/\/sol-air-tech.com\/product\/systeme-solaire-miniature\/","name":"Syst\u00e8me solaire - SOL-AIR TECH","isPartOf":{"@id":"https:\/\/sol-air-tech.com\/#website"},"datePublished":"2023-10-04T08:54:54+00:00","dateModified":"2023-10-22T12:34:30+00:00","breadcrumb":{"@id":"https:\/\/sol-air-tech.com\/product\/systeme-solaire-miniature\/#breadcrumb"},"inLanguage":"en-CA","potentialAction":[{"@type":"ReadAction","target":["https:\/\/sol-air-tech.com\/product\/systeme-solaire-miniature\/"]}]},{"@type":"BreadcrumbList","@id":"https:\/\/sol-air-tech.com\/product\/systeme-solaire-miniature\/#breadcrumb","itemListElement":[{"@type":"ListItem","position":1,"name":"Accueil","item":"https:\/\/sol-air-tech.com\/"},{"@type":"ListItem","position":2,"name":"Boutique","item":"https:\/\/sol-air-tech.com\/en\/boutique\/"},{"@type":"ListItem","position":3,"name":"Syst\u00e8me solaire"}]},{"@type":"WebSite","@id":"https:\/\/sol-air-tech.com\/#website","url":"https:\/\/sol-air-tech.com\/","name":"SOL-AIR TECH","description":"vente de mat\u00e9riel \u00e9lectrique","publisher":{"@id":"https:\/\/sol-air-tech.com\/#organization"},"potentialAction":[{"@type":"SearchAction","target":{"@type":"EntryPoint","urlTemplate":"https:\/\/sol-air-tech.com\/?s={search_term_string}"},"query-input":"required name=search_term_string"}],"inLanguage":"en-CA"},{"@type":"Organization","@id":"https:\/\/sol-air-tech.com\/#organization","name":"SOL-AIR TECH","url":"https:\/\/sol-air-tech.com\/","logo":{"@type":"ImageObject","inLanguage":"en-CA","@id":"https:\/\/sol-air-tech.com\/#\/schema\/logo\/image\/","url":"https:\/\/sol-air-tech.com\/wp-content\/uploads\/2023\/07\/lOGOFINAL_SOLAIR_TECH.png","contentUrl":"https:\/\/sol-air-tech.com\/wp-content\/uploads\/2023\/07\/lOGOFINAL_SOLAIR_TECH.png","width":770,"height":306,"caption":"SOL-AIR TECH"},"image":{"@id":"https:\/\/sol-air-tech.com\/#\/schema\/logo\/image\/"}}]}},"_links":{"self":[{"href":"https:\/\/sol-air-tech.com\/en\/wp-json\/wp\/v2\/product\/4093","targetHints":{"allow":["GET"]}}],"collection":[{"href":"https:\/\/sol-air-tech.com\/en\/wp-json\/wp\/v2\/product"}],"about":[{"href":"https:\/\/sol-air-tech.com\/en\/wp-json\/wp\/v2\/types\/product"}],"replies":[{"embeddable":true,"href":"https:\/\/sol-air-tech.com\/en\/wp-json\/wp\/v2\/comments?post=4093"}],"wp:featuredmedia":[{"embeddable":true,"href":"https:\/\/sol-air-tech.com\/en\/wp-json\/wp\/v2\/media\/3523"}],"wp:attachment":[{"href":"https:\/\/sol-air-tech.com\/en\/wp-json\/wp\/v2\/media?parent=4093"}],"wp:term":[{"taxonomy":"product_brand","embeddable":true,"href":"https:\/\/sol-air-tech.com\/en\/wp-json\/wp\/v2\/product_brand?post=4093"},{"taxonomy":"product_cat","embeddable":true,"href":"https:\/\/sol-air-tech.com\/en\/wp-json\/wp\/v2\/product_cat?post=4093"},{"taxonomy":"product_tag","embeddable":true,"href":"https:\/\/sol-air-tech.com\/en\/wp-json\/wp\/v2\/product_tag?post=4093"}],"curies":[{"name":"wp","href":"https:\/\/api.w.org\/{rel}","templated":true}]}}