{"id":4090,"date":"2023-10-04T04:06:11","date_gmt":"2023-10-04T08:06:11","guid":{"rendered":"https:\/\/sol-air-tech.com\/?post_type=product&#038;p=4090"},"modified":"2023-10-22T08:48:02","modified_gmt":"2023-10-22T12:48:02","slug":"controleur-de-charge-mppt-500w-bz","status":"publish","type":"product","link":"https:\/\/sol-air-tech.com\/en\/product\/controleur-de-charge-mppt-500w-bz\/","title":{"rendered":"500W MPPT charge controller"},"content":{"rendered":"<p>MPPT charge controller 500W 12\/24\/48 volts<\/p>\n<p>Open circuit 100 Volts<\/p>\n<p>Puissance maximum d&#8217;entr\u00e9e 500W<\/p>\n<p>Temp\u00e9rature d&#8217;op\u00e9ration -20 \u00e0 +60 C<\/p>\n<p>Output current in 12 Volts 45 Amps continuous<\/p>\n<p>Output current in 24 volts 22 Amps continuous<\/p>\n<p>Output current in 48 volts 11 Amps continuous<\/p>\n<p>Dimension 6&#8221; x 8\u00bd&#8221; x 3 3\/8&#8221;<\/p>\n<p>Weight 3 LB<\/p>\n<p>Technical details in English:<\/p>\n<p><img fetchpriority=\"high\" decoding=\"async\" class=\"alignnone wp-image-4089\" src=\"https:\/\/sol-air-tech.com\/wp-content\/uploads\/2023\/10\/MPPP500-300x146.jpg\" alt=\"\" width=\"707\" height=\"344\" srcset=\"https:\/\/sol-air-tech.com\/wp-content\/uploads\/2023\/10\/MPPP500-300x146.jpg 300w, https:\/\/sol-air-tech.com\/wp-content\/uploads\/2023\/10\/MPPP500-18x9.jpg 18w, https:\/\/sol-air-tech.com\/wp-content\/uploads\/2023\/10\/MPPP500-570x277.jpg 570w, https:\/\/sol-air-tech.com\/wp-content\/uploads\/2023\/10\/MPPP500.jpg 676w\" sizes=\"(max-width: 707px) 100vw, 707px\" \/><\/p>","protected":false},"excerpt":{"rendered":"<ul>\n<li>MPPT charge controller 500W 12\/24\/48 volts BZ<\/li>\n<li>Open circuit 100 Volts<\/li>\n<li>Puissance maximum d&#8217;entr\u00e9e 500W<\/li>\n<\/ul>","protected":false},"featured_media":4088,"menu_order":0,"comment_status":"open","ping_status":"closed","template":"","meta":{"content-type":""},"product_brand":[],"product_cat":[193],"product_tag":[],"class_list":{"0":"post-4090","1":"product","2":"type-product","3":"status-publish","4":"has-post-thumbnail","6":"product_cat-liquidation","8":"first","9":"instock","10":"sale","11":"taxable","12":"shipping-taxable","13":"purchasable","14":"product-type-simple"},"yoast_head":"<!-- This site is optimized with the Yoast SEO plugin v21.5 - https:\/\/yoast.com\/wordpress\/plugins\/seo\/ -->\n<title>Contr\u00f4leur de charge MPPT 500W - SOL-AIR TECH<\/title>\n<meta name=\"robots\" content=\"index, follow, max-snippet:-1, max-image-preview:large, max-video-preview:-1\" \/>\n<link rel=\"canonical\" href=\"https:\/\/sol-air-tech.com\/en\/product\/controleur-de-charge-mppt-500w-bz\/\" \/>\n<meta property=\"og:locale\" content=\"en_US\" \/>\n<meta property=\"og:type\" content=\"article\" \/>\n<meta property=\"og:title\" content=\"Contr\u00f4leur de charge MPPT 500W - SOL-AIR TECH\" \/>\n<meta property=\"og:description\" content=\"Contr\u00f4leur de charge MPPT 500W 12\/24\/48 volts BZ  Circuit ouvert 100 Volts  Puissance maximum d&#039;entr\u00e9e 500W\" \/>\n<meta property=\"og:url\" content=\"https:\/\/sol-air-tech.com\/en\/product\/controleur-de-charge-mppt-500w-bz\/\" \/>\n<meta property=\"og:site_name\" content=\"SOL-AIR TECH\" \/>\n<meta property=\"article:modified_time\" content=\"2023-10-22T12:48:02+00:00\" \/>\n<meta property=\"og:image\" content=\"https:\/\/sol-air-tech.com\/wp-content\/uploads\/2023\/10\/mppt500.jpg\" \/>\n\t<meta property=\"og:image:width\" content=\"206\" \/>\n\t<meta property=\"og:image:height\" content=\"298\" \/>\n\t<meta property=\"og:image:type\" content=\"image\/jpeg\" \/>\n<meta name=\"twitter:card\" content=\"summary_large_image\" \/>\n<script type=\"application\/ld+json\" class=\"yoast-schema-graph\">{\"@context\":\"https:\/\/schema.org\",\"@graph\":[{\"@type\":\"WebPage\",\"@id\":\"https:\/\/sol-air-tech.com\/product\/controleur-de-charge-mppt-500w-bz\/\",\"url\":\"https:\/\/sol-air-tech.com\/product\/controleur-de-charge-mppt-500w-bz\/\",\"name\":\"Contr\u00f4leur de charge MPPT 500W - SOL-AIR TECH\",\"isPartOf\":{\"@id\":\"https:\/\/sol-air-tech.com\/#website\"},\"datePublished\":\"2023-10-04T08:06:11+00:00\",\"dateModified\":\"2023-10-22T12:48:02+00:00\",\"breadcrumb\":{\"@id\":\"https:\/\/sol-air-tech.com\/product\/controleur-de-charge-mppt-500w-bz\/#breadcrumb\"},\"inLanguage\":\"en-CA\",\"potentialAction\":[{\"@type\":\"ReadAction\",\"target\":[\"https:\/\/sol-air-tech.com\/product\/controleur-de-charge-mppt-500w-bz\/\"]}]},{\"@type\":\"BreadcrumbList\",\"@id\":\"https:\/\/sol-air-tech.com\/product\/controleur-de-charge-mppt-500w-bz\/#breadcrumb\",\"itemListElement\":[{\"@type\":\"ListItem\",\"position\":1,\"name\":\"Accueil\",\"item\":\"https:\/\/sol-air-tech.com\/\"},{\"@type\":\"ListItem\",\"position\":2,\"name\":\"Boutique\",\"item\":\"https:\/\/sol-air-tech.com\/en\/boutique\/\"},{\"@type\":\"ListItem\",\"position\":3,\"name\":\"Contr\u00f4leur de charge MPPT 500W\"}]},{\"@type\":\"WebSite\",\"@id\":\"https:\/\/sol-air-tech.com\/#website\",\"url\":\"https:\/\/sol-air-tech.com\/\",\"name\":\"SOL-AIR TECH\",\"description\":\"vente de mat\u00e9riel \u00e9lectrique\",\"publisher\":{\"@id\":\"https:\/\/sol-air-tech.com\/#organization\"},\"potentialAction\":[{\"@type\":\"SearchAction\",\"target\":{\"@type\":\"EntryPoint\",\"urlTemplate\":\"https:\/\/sol-air-tech.com\/?s={search_term_string}\"},\"query-input\":\"required name=search_term_string\"}],\"inLanguage\":\"en-CA\"},{\"@type\":\"Organization\",\"@id\":\"https:\/\/sol-air-tech.com\/#organization\",\"name\":\"SOL-AIR TECH\",\"url\":\"https:\/\/sol-air-tech.com\/\",\"logo\":{\"@type\":\"ImageObject\",\"inLanguage\":\"en-CA\",\"@id\":\"https:\/\/sol-air-tech.com\/#\/schema\/logo\/image\/\",\"url\":\"https:\/\/sol-air-tech.com\/wp-content\/uploads\/2023\/07\/lOGOFINAL_SOLAIR_TECH.png\",\"contentUrl\":\"https:\/\/sol-air-tech.com\/wp-content\/uploads\/2023\/07\/lOGOFINAL_SOLAIR_TECH.png\",\"width\":770,\"height\":306,\"caption\":\"SOL-AIR TECH\"},\"image\":{\"@id\":\"https:\/\/sol-air-tech.com\/#\/schema\/logo\/image\/\"}}]}<\/script>\n<!-- \/ Yoast SEO plugin. -->","yoast_head_json":{"title":"Contr\u00f4leur de charge MPPT 500W - SOL-AIR TECH","robots":{"index":"index","follow":"follow","max-snippet":"max-snippet:-1","max-image-preview":"max-image-preview:large","max-video-preview":"max-video-preview:-1"},"canonical":"https:\/\/sol-air-tech.com\/en\/product\/controleur-de-charge-mppt-500w-bz\/","og_locale":"en_US","og_type":"article","og_title":"Contr\u00f4leur de charge MPPT 500W - SOL-AIR TECH","og_description":"Contr\u00f4leur de charge MPPT 500W 12\/24\/48 volts BZ  Circuit ouvert 100 Volts  Puissance maximum d'entr\u00e9e 500W","og_url":"https:\/\/sol-air-tech.com\/en\/product\/controleur-de-charge-mppt-500w-bz\/","og_site_name":"SOL-AIR TECH","article_modified_time":"2023-10-22T12:48:02+00:00","og_image":[{"width":206,"height":298,"url":"https:\/\/sol-air-tech.com\/wp-content\/uploads\/2023\/10\/mppt500.jpg","type":"image\/jpeg"}],"twitter_card":"summary_large_image","schema":{"@context":"https:\/\/schema.org","@graph":[{"@type":"WebPage","@id":"https:\/\/sol-air-tech.com\/product\/controleur-de-charge-mppt-500w-bz\/","url":"https:\/\/sol-air-tech.com\/product\/controleur-de-charge-mppt-500w-bz\/","name":"Contr\u00f4leur de charge MPPT 500W - SOL-AIR TECH","isPartOf":{"@id":"https:\/\/sol-air-tech.com\/#website"},"datePublished":"2023-10-04T08:06:11+00:00","dateModified":"2023-10-22T12:48:02+00:00","breadcrumb":{"@id":"https:\/\/sol-air-tech.com\/product\/controleur-de-charge-mppt-500w-bz\/#breadcrumb"},"inLanguage":"en-CA","potentialAction":[{"@type":"ReadAction","target":["https:\/\/sol-air-tech.com\/product\/controleur-de-charge-mppt-500w-bz\/"]}]},{"@type":"BreadcrumbList","@id":"https:\/\/sol-air-tech.com\/product\/controleur-de-charge-mppt-500w-bz\/#breadcrumb","itemListElement":[{"@type":"ListItem","position":1,"name":"Accueil","item":"https:\/\/sol-air-tech.com\/"},{"@type":"ListItem","position":2,"name":"Boutique","item":"https:\/\/sol-air-tech.com\/en\/boutique\/"},{"@type":"ListItem","position":3,"name":"Contr\u00f4leur de charge MPPT 500W"}]},{"@type":"WebSite","@id":"https:\/\/sol-air-tech.com\/#website","url":"https:\/\/sol-air-tech.com\/","name":"SOL-AIR TECH","description":"vente de mat\u00e9riel \u00e9lectrique","publisher":{"@id":"https:\/\/sol-air-tech.com\/#organization"},"potentialAction":[{"@type":"SearchAction","target":{"@type":"EntryPoint","urlTemplate":"https:\/\/sol-air-tech.com\/?s={search_term_string}"},"query-input":"required name=search_term_string"}],"inLanguage":"en-CA"},{"@type":"Organization","@id":"https:\/\/sol-air-tech.com\/#organization","name":"SOL-AIR TECH","url":"https:\/\/sol-air-tech.com\/","logo":{"@type":"ImageObject","inLanguage":"en-CA","@id":"https:\/\/sol-air-tech.com\/#\/schema\/logo\/image\/","url":"https:\/\/sol-air-tech.com\/wp-content\/uploads\/2023\/07\/lOGOFINAL_SOLAIR_TECH.png","contentUrl":"https:\/\/sol-air-tech.com\/wp-content\/uploads\/2023\/07\/lOGOFINAL_SOLAIR_TECH.png","width":770,"height":306,"caption":"SOL-AIR TECH"},"image":{"@id":"https:\/\/sol-air-tech.com\/#\/schema\/logo\/image\/"}}]}},"_links":{"self":[{"href":"https:\/\/sol-air-tech.com\/en\/wp-json\/wp\/v2\/product\/4090","targetHints":{"allow":["GET"]}}],"collection":[{"href":"https:\/\/sol-air-tech.com\/en\/wp-json\/wp\/v2\/product"}],"about":[{"href":"https:\/\/sol-air-tech.com\/en\/wp-json\/wp\/v2\/types\/product"}],"replies":[{"embeddable":true,"href":"https:\/\/sol-air-tech.com\/en\/wp-json\/wp\/v2\/comments?post=4090"}],"wp:featuredmedia":[{"embeddable":true,"href":"https:\/\/sol-air-tech.com\/en\/wp-json\/wp\/v2\/media\/4088"}],"wp:attachment":[{"href":"https:\/\/sol-air-tech.com\/en\/wp-json\/wp\/v2\/media?parent=4090"}],"wp:term":[{"taxonomy":"product_brand","embeddable":true,"href":"https:\/\/sol-air-tech.com\/en\/wp-json\/wp\/v2\/product_brand?post=4090"},{"taxonomy":"product_cat","embeddable":true,"href":"https:\/\/sol-air-tech.com\/en\/wp-json\/wp\/v2\/product_cat?post=4090"},{"taxonomy":"product_tag","embeddable":true,"href":"https:\/\/sol-air-tech.com\/en\/wp-json\/wp\/v2\/product_tag?post=4090"}],"curies":[{"name":"wp","href":"https:\/\/api.w.org\/{rel}","templated":true}]}}