{"id":3948,"date":"2023-08-31T14:43:55","date_gmt":"2023-08-31T18:43:55","guid":{"rendered":"https:\/\/meteoquebec.ca\/?post_type=product&#038;p=3948"},"modified":"2026-03-23T17:12:34","modified_gmt":"2026-03-23T21:12:34","slug":"cable-solaire-double-6mm2-prix-au-metre","status":"publish","type":"product","link":"https:\/\/sol-air-tech.com\/en\/product\/cable-solaire-double-6mm2-prix-au-metre\/","title":{"rendered":"Double Solar Cable 2*6mm\u00b2 Price per meter"},"content":{"rendered":"<p>C\u00e2ble solaire double 2*6mm\u00b2<\/p>\n<p><strong>Prix au m\u00e8tre, minimum 10 m\u00e8tres<\/strong><\/p>\n<p>Double insulation<\/p>\n<p>Excellent resistance to UV, oils, greases, oxygen and ozone<\/p>\n<p>Excellent abrasion resistance<\/p>\n<p>Halogen free, flame retardant<\/p>\n<p>Grande capacit\u00e9 de transport du voltage (1500Vdc et 1000Vac)\u00a0 et du courant<\/p>\n<p>Approuv\u00e9 TUV,CE,ISO, IEC 62930<\/p>\n<p><img fetchpriority=\"high\" decoding=\"async\" class=\"alignnone wp-image-3628\" src=\"https:\/\/sol-air-tech.com\/wp-content\/uploads\/2023\/08\/twin-core-solar-cable-1-e1692550654970-300x268.jpg\" alt=\"\" width=\"511\" height=\"456\" srcset=\"https:\/\/sol-air-tech.com\/wp-content\/uploads\/2023\/08\/twin-core-solar-cable-1-e1692550654970-300x268.jpg 300w, https:\/\/sol-air-tech.com\/wp-content\/uploads\/2023\/08\/twin-core-solar-cable-1-e1692550654970-768x685.jpg 768w, https:\/\/sol-air-tech.com\/wp-content\/uploads\/2023\/08\/twin-core-solar-cable-1-e1692550654970-570x509.jpg 570w, https:\/\/sol-air-tech.com\/wp-content\/uploads\/2023\/08\/twin-core-solar-cable-1-e1692550654970.jpg 800w\" sizes=\"(max-width: 511px) 100vw, 511px\" \/><\/p>\n<p>Each wire is made up of 74 tinned copper strands of size 0.4 which allows a high capacity for transporting high voltage and current (A)<\/p>","protected":false},"excerpt":{"rendered":"<ul>\n<li><strong>Price per meter<\/strong><\/li>\n<li><strong>Minimum order 10 meter<\/strong><\/li>\n<li>C\u00e2ble solaire double 2*6mm\u00b2<\/li>\n<li>Double insulation<\/li>\n<li>Excellent resistance to UV, oils, greases, oxygen and ozone<\/li>\n<li>Excellent abrasion resistance<\/li>\n<li>Halogen free, flame retardant<\/li>\n<li>Grande capacit\u00e9 de transport du voltage (1500Vdc et 1000Vac) et du courant<\/li>\n<li>Approuv\u00e9 TUV,CE, ISO,IEC62930<\/li>\n<\/ul>","protected":false},"featured_media":3628,"menu_order":0,"comment_status":"open","ping_status":"closed","template":"","meta":{"content-type":""},"product_brand":[],"product_cat":[151],"product_tag":[],"class_list":{"0":"post-3948","1":"product","2":"type-product","3":"status-publish","4":"has-post-thumbnail","6":"product_cat-cables-solaires","7":"product_shipping_class-cable-au-metre","9":"first","10":"instock","11":"taxable","12":"shipping-taxable","13":"purchasable","14":"product-type-simple"},"yoast_head":"<!-- This site is optimized with the Yoast SEO plugin v21.5 - https:\/\/yoast.com\/wordpress\/plugins\/seo\/ -->\n<title>C\u00e2ble Solaire double 2*6mm\u00b2 Prix au m\u00e8tre - SOL-AIR TECH<\/title>\n<meta name=\"description\" content=\"Cable solaire double 2*6mm2. Excellente r\u00e9sistance aux U.V. huiles, graisses, oxyg\u00e8ne, ozone. Grande capacit\u00e9 de transport du voltage et du courant.\" \/>\n<meta name=\"robots\" content=\"index, follow, max-snippet:-1, max-image-preview:large, max-video-preview:-1\" \/>\n<link rel=\"canonical\" href=\"https:\/\/sol-air-tech.com\/en\/product\/cable-solaire-double-6mm2-prix-au-metre\/\" \/>\n<meta property=\"og:locale\" content=\"en_US\" \/>\n<meta property=\"og:type\" content=\"article\" \/>\n<meta property=\"og:title\" content=\"C\u00e2ble Solaire double 2*6mm\u00b2 Prix au m\u00e8tre - SOL-AIR TECH\" \/>\n<meta property=\"og:description\" content=\"Cable solaire double 2*6mm2. Excellente r\u00e9sistance aux U.V. huiles, graisses, oxyg\u00e8ne, ozone. Grande capacit\u00e9 de transport du voltage et du courant.\" \/>\n<meta property=\"og:url\" content=\"https:\/\/sol-air-tech.com\/en\/product\/cable-solaire-double-6mm2-prix-au-metre\/\" \/>\n<meta property=\"og:site_name\" content=\"SOL-AIR TECH\" \/>\n<meta property=\"article:modified_time\" content=\"2026-03-23T21:12:34+00:00\" \/>\n<meta property=\"og:image\" content=\"https:\/\/sol-air-tech.com\/wp-content\/uploads\/2023\/08\/twin-core-solar-cable-1-e1692550654970.jpg\" \/>\n\t<meta property=\"og:image:width\" content=\"800\" \/>\n\t<meta property=\"og:image:height\" content=\"714\" \/>\n\t<meta property=\"og:image:type\" content=\"image\/jpeg\" \/>\n<meta name=\"twitter:card\" content=\"summary_large_image\" \/>\n<meta name=\"twitter:label1\" content=\"Est. reading time\" \/>\n\t<meta name=\"twitter:data1\" content=\"1 minute\" \/>\n<script type=\"application\/ld+json\" class=\"yoast-schema-graph\">{\"@context\":\"https:\/\/schema.org\",\"@graph\":[{\"@type\":\"WebPage\",\"@id\":\"https:\/\/sol-air-tech.com\/product\/cable-solaire-double-6mm2-prix-au-metre\/\",\"url\":\"https:\/\/sol-air-tech.com\/product\/cable-solaire-double-6mm2-prix-au-metre\/\",\"name\":\"C\u00e2ble Solaire double 2*6mm\u00b2 Prix au m\u00e8tre - SOL-AIR TECH\",\"isPartOf\":{\"@id\":\"https:\/\/sol-air-tech.com\/#website\"},\"datePublished\":\"2023-08-31T18:43:55+00:00\",\"dateModified\":\"2026-03-23T21:12:34+00:00\",\"description\":\"Cable solaire double 2*6mm2. Excellente r\u00e9sistance aux U.V. huiles, graisses, oxyg\u00e8ne, ozone. Grande capacit\u00e9 de transport du voltage et du courant.\",\"breadcrumb\":{\"@id\":\"https:\/\/sol-air-tech.com\/product\/cable-solaire-double-6mm2-prix-au-metre\/#breadcrumb\"},\"inLanguage\":\"en-CA\",\"potentialAction\":[{\"@type\":\"ReadAction\",\"target\":[\"https:\/\/sol-air-tech.com\/product\/cable-solaire-double-6mm2-prix-au-metre\/\"]}]},{\"@type\":\"BreadcrumbList\",\"@id\":\"https:\/\/sol-air-tech.com\/product\/cable-solaire-double-6mm2-prix-au-metre\/#breadcrumb\",\"itemListElement\":[{\"@type\":\"ListItem\",\"position\":1,\"name\":\"Accueil\",\"item\":\"https:\/\/sol-air-tech.com\/\"},{\"@type\":\"ListItem\",\"position\":2,\"name\":\"Boutique\",\"item\":\"https:\/\/sol-air-tech.com\/en\/boutique\/\"},{\"@type\":\"ListItem\",\"position\":3,\"name\":\"C\u00e2ble Solaire double 2*6mm\u00b2 Prix au m\u00e8tre\"}]},{\"@type\":\"WebSite\",\"@id\":\"https:\/\/sol-air-tech.com\/#website\",\"url\":\"https:\/\/sol-air-tech.com\/\",\"name\":\"SOL-AIR TECH\",\"description\":\"vente de mat\u00e9riel \u00e9lectrique\",\"publisher\":{\"@id\":\"https:\/\/sol-air-tech.com\/#organization\"},\"potentialAction\":[{\"@type\":\"SearchAction\",\"target\":{\"@type\":\"EntryPoint\",\"urlTemplate\":\"https:\/\/sol-air-tech.com\/?s={search_term_string}\"},\"query-input\":\"required name=search_term_string\"}],\"inLanguage\":\"en-CA\"},{\"@type\":\"Organization\",\"@id\":\"https:\/\/sol-air-tech.com\/#organization\",\"name\":\"SOL-AIR TECH\",\"url\":\"https:\/\/sol-air-tech.com\/\",\"logo\":{\"@type\":\"ImageObject\",\"inLanguage\":\"en-CA\",\"@id\":\"https:\/\/sol-air-tech.com\/#\/schema\/logo\/image\/\",\"url\":\"https:\/\/sol-air-tech.com\/wp-content\/uploads\/2023\/07\/lOGOFINAL_SOLAIR_TECH.png\",\"contentUrl\":\"https:\/\/sol-air-tech.com\/wp-content\/uploads\/2023\/07\/lOGOFINAL_SOLAIR_TECH.png\",\"width\":770,\"height\":306,\"caption\":\"SOL-AIR TECH\"},\"image\":{\"@id\":\"https:\/\/sol-air-tech.com\/#\/schema\/logo\/image\/\"}}]}<\/script>\n<!-- \/ Yoast SEO plugin. -->","yoast_head_json":{"title":"C\u00e2ble Solaire double 2*6mm\u00b2 Prix au m\u00e8tre - SOL-AIR TECH","description":"Cable solaire double 2*6mm2. Excellente r\u00e9sistance aux U.V. huiles, graisses, oxyg\u00e8ne, ozone. Grande capacit\u00e9 de transport du voltage et du courant.","robots":{"index":"index","follow":"follow","max-snippet":"max-snippet:-1","max-image-preview":"max-image-preview:large","max-video-preview":"max-video-preview:-1"},"canonical":"https:\/\/sol-air-tech.com\/en\/product\/cable-solaire-double-6mm2-prix-au-metre\/","og_locale":"en_US","og_type":"article","og_title":"C\u00e2ble Solaire double 2*6mm\u00b2 Prix au m\u00e8tre - SOL-AIR TECH","og_description":"Cable solaire double 2*6mm2. Excellente r\u00e9sistance aux U.V. huiles, graisses, oxyg\u00e8ne, ozone. Grande capacit\u00e9 de transport du voltage et du courant.","og_url":"https:\/\/sol-air-tech.com\/en\/product\/cable-solaire-double-6mm2-prix-au-metre\/","og_site_name":"SOL-AIR TECH","article_modified_time":"2026-03-23T21:12:34+00:00","og_image":[{"width":800,"height":714,"url":"https:\/\/sol-air-tech.com\/wp-content\/uploads\/2023\/08\/twin-core-solar-cable-1-e1692550654970.jpg","type":"image\/jpeg"}],"twitter_card":"summary_large_image","twitter_misc":{"Est. reading time":"1 minute"},"schema":{"@context":"https:\/\/schema.org","@graph":[{"@type":"WebPage","@id":"https:\/\/sol-air-tech.com\/product\/cable-solaire-double-6mm2-prix-au-metre\/","url":"https:\/\/sol-air-tech.com\/product\/cable-solaire-double-6mm2-prix-au-metre\/","name":"C\u00e2ble Solaire double 2*6mm\u00b2 Prix au m\u00e8tre - SOL-AIR TECH","isPartOf":{"@id":"https:\/\/sol-air-tech.com\/#website"},"datePublished":"2023-08-31T18:43:55+00:00","dateModified":"2026-03-23T21:12:34+00:00","description":"Cable solaire double 2*6mm2. Excellente r\u00e9sistance aux U.V. huiles, graisses, oxyg\u00e8ne, ozone. Grande capacit\u00e9 de transport du voltage et du courant.","breadcrumb":{"@id":"https:\/\/sol-air-tech.com\/product\/cable-solaire-double-6mm2-prix-au-metre\/#breadcrumb"},"inLanguage":"en-CA","potentialAction":[{"@type":"ReadAction","target":["https:\/\/sol-air-tech.com\/product\/cable-solaire-double-6mm2-prix-au-metre\/"]}]},{"@type":"BreadcrumbList","@id":"https:\/\/sol-air-tech.com\/product\/cable-solaire-double-6mm2-prix-au-metre\/#breadcrumb","itemListElement":[{"@type":"ListItem","position":1,"name":"Accueil","item":"https:\/\/sol-air-tech.com\/"},{"@type":"ListItem","position":2,"name":"Boutique","item":"https:\/\/sol-air-tech.com\/en\/boutique\/"},{"@type":"ListItem","position":3,"name":"C\u00e2ble Solaire double 2*6mm\u00b2 Prix au m\u00e8tre"}]},{"@type":"WebSite","@id":"https:\/\/sol-air-tech.com\/#website","url":"https:\/\/sol-air-tech.com\/","name":"SOL-AIR TECH","description":"vente de mat\u00e9riel \u00e9lectrique","publisher":{"@id":"https:\/\/sol-air-tech.com\/#organization"},"potentialAction":[{"@type":"SearchAction","target":{"@type":"EntryPoint","urlTemplate":"https:\/\/sol-air-tech.com\/?s={search_term_string}"},"query-input":"required name=search_term_string"}],"inLanguage":"en-CA"},{"@type":"Organization","@id":"https:\/\/sol-air-tech.com\/#organization","name":"SOL-AIR TECH","url":"https:\/\/sol-air-tech.com\/","logo":{"@type":"ImageObject","inLanguage":"en-CA","@id":"https:\/\/sol-air-tech.com\/#\/schema\/logo\/image\/","url":"https:\/\/sol-air-tech.com\/wp-content\/uploads\/2023\/07\/lOGOFINAL_SOLAIR_TECH.png","contentUrl":"https:\/\/sol-air-tech.com\/wp-content\/uploads\/2023\/07\/lOGOFINAL_SOLAIR_TECH.png","width":770,"height":306,"caption":"SOL-AIR TECH"},"image":{"@id":"https:\/\/sol-air-tech.com\/#\/schema\/logo\/image\/"}}]}},"_links":{"self":[{"href":"https:\/\/sol-air-tech.com\/en\/wp-json\/wp\/v2\/product\/3948","targetHints":{"allow":["GET"]}}],"collection":[{"href":"https:\/\/sol-air-tech.com\/en\/wp-json\/wp\/v2\/product"}],"about":[{"href":"https:\/\/sol-air-tech.com\/en\/wp-json\/wp\/v2\/types\/product"}],"replies":[{"embeddable":true,"href":"https:\/\/sol-air-tech.com\/en\/wp-json\/wp\/v2\/comments?post=3948"}],"wp:featuredmedia":[{"embeddable":true,"href":"https:\/\/sol-air-tech.com\/en\/wp-json\/wp\/v2\/media\/3628"}],"wp:attachment":[{"href":"https:\/\/sol-air-tech.com\/en\/wp-json\/wp\/v2\/media?parent=3948"}],"wp:term":[{"taxonomy":"product_brand","embeddable":true,"href":"https:\/\/sol-air-tech.com\/en\/wp-json\/wp\/v2\/product_brand?post=3948"},{"taxonomy":"product_cat","embeddable":true,"href":"https:\/\/sol-air-tech.com\/en\/wp-json\/wp\/v2\/product_cat?post=3948"},{"taxonomy":"product_tag","embeddable":true,"href":"https:\/\/sol-air-tech.com\/en\/wp-json\/wp\/v2\/product_tag?post=3948"}],"curies":[{"name":"wp","href":"https:\/\/api.w.org\/{rel}","templated":true}]}}