{"id":3943,"date":"2023-08-31T12:29:37","date_gmt":"2023-08-31T16:29:37","guid":{"rendered":"https:\/\/meteoquebec.ca\/?post_type=product&#038;p=3943"},"modified":"2026-03-23T17:21:39","modified_gmt":"2026-03-23T21:21:39","slug":"boite-de-distribution-etanche-4-positions","status":"publish","type":"product","link":"https:\/\/sol-air-tech.com\/en\/product\/boite-de-distribution-etanche-4-positions\/","title":{"rendered":"4 position waterproof distribution box"},"content":{"rendered":"<p>4-position waterproof distribution box<\/p>\n<p>Resists heat, UV, dust, acid,<\/p>\n<p>Anti-explosion<\/p>\n<p><img fetchpriority=\"high\" decoding=\"async\" class=\"alignnone wp-image-3934\" src=\"https:\/\/sol-air-tech.com\/wp-content\/uploads\/2023\/08\/HA-BOX-2-241x300.png\" alt=\"\" width=\"639\" height=\"795\" srcset=\"https:\/\/sol-air-tech.com\/wp-content\/uploads\/2023\/08\/HA-BOX-2-241x300.png 241w, https:\/\/sol-air-tech.com\/wp-content\/uploads\/2023\/08\/HA-BOX-2-768x956.png 768w, https:\/\/sol-air-tech.com\/wp-content\/uploads\/2023\/08\/HA-BOX-2-570x709.png 570w, https:\/\/sol-air-tech.com\/wp-content\/uploads\/2023\/08\/HA-BOX-2.png 790w\" sizes=\"(max-width: 639px) 100vw, 639px\" \/><\/p>","protected":false},"excerpt":{"rendered":"<ul>\n<li>4-position waterproof distribution box<\/li>\n<li>Resists heat, UV, dust, acid,<\/li>\n<li>Anti-explosion<\/li>\n<\/ul>","protected":false},"featured_media":3932,"menu_order":0,"comment_status":"open","ping_status":"closed","template":"","meta":{"content-type":""},"product_brand":[],"product_cat":[150],"product_tag":[],"class_list":{"0":"post-3943","1":"product","2":"type-product","3":"status-publish","4":"has-post-thumbnail","6":"product_cat-combiner-box-boitiers","7":"product_shipping_class-petit-produit","9":"first","10":"instock","11":"taxable","12":"shipping-taxable","13":"purchasable","14":"product-type-simple"},"yoast_head":"<!-- This site is optimized with the Yoast SEO plugin v21.5 - https:\/\/yoast.com\/wordpress\/plugins\/seo\/ -->\n<title>Bo\u00eete de distribution \u00e9tanche 4 positions - SOL-AIR TECH<\/title>\n<meta name=\"description\" content=\"Boitier de distribution \u00e9tanche \u00e0 4 positions. R\u00e9sistance \u00e0 la chaleur, aux Utra-Violet, poussi\u00e8re, acide. Anti explosion.\" \/>\n<meta name=\"robots\" content=\"index, follow, max-snippet:-1, max-image-preview:large, max-video-preview:-1\" \/>\n<link rel=\"canonical\" href=\"https:\/\/sol-air-tech.com\/en\/product\/boite-de-distribution-etanche-4-positions\/\" \/>\n<meta property=\"og:locale\" content=\"en_US\" \/>\n<meta property=\"og:type\" content=\"article\" \/>\n<meta property=\"og:title\" content=\"Bo\u00eete de distribution \u00e9tanche 4 positions - SOL-AIR TECH\" \/>\n<meta property=\"og:description\" content=\"Boitier de distribution \u00e9tanche \u00e0 4 positions. R\u00e9sistance \u00e0 la chaleur, aux Utra-Violet, poussi\u00e8re, acide. Anti explosion.\" \/>\n<meta property=\"og:url\" content=\"https:\/\/sol-air-tech.com\/en\/product\/boite-de-distribution-etanche-4-positions\/\" \/>\n<meta property=\"og:site_name\" content=\"SOL-AIR TECH\" \/>\n<meta property=\"article:modified_time\" content=\"2026-03-23T21:21:39+00:00\" \/>\n<meta property=\"og:image\" content=\"https:\/\/sol-air-tech.com\/wp-content\/uploads\/2023\/08\/ha-box1.png\" \/>\n\t<meta property=\"og:image:width\" content=\"790\" \/>\n\t<meta property=\"og:image:height\" content=\"1078\" \/>\n\t<meta property=\"og:image:type\" content=\"image\/png\" \/>\n<meta name=\"twitter:card\" content=\"summary_large_image\" \/>\n<meta name=\"twitter:label1\" content=\"Est. reading time\" \/>\n\t<meta name=\"twitter:data1\" content=\"1 minute\" \/>\n<script type=\"application\/ld+json\" class=\"yoast-schema-graph\">{\"@context\":\"https:\/\/schema.org\",\"@graph\":[{\"@type\":\"WebPage\",\"@id\":\"https:\/\/sol-air-tech.com\/product\/boite-de-distribution-etanche-4-positions\/\",\"url\":\"https:\/\/sol-air-tech.com\/product\/boite-de-distribution-etanche-4-positions\/\",\"name\":\"Bo\u00eete de distribution \u00e9tanche 4 positions - SOL-AIR TECH\",\"isPartOf\":{\"@id\":\"https:\/\/sol-air-tech.com\/#website\"},\"datePublished\":\"2023-08-31T16:29:37+00:00\",\"dateModified\":\"2026-03-23T21:21:39+00:00\",\"description\":\"Boitier de distribution \u00e9tanche \u00e0 4 positions. R\u00e9sistance \u00e0 la chaleur, aux Utra-Violet, poussi\u00e8re, acide. Anti explosion.\",\"breadcrumb\":{\"@id\":\"https:\/\/sol-air-tech.com\/product\/boite-de-distribution-etanche-4-positions\/#breadcrumb\"},\"inLanguage\":\"en-CA\",\"potentialAction\":[{\"@type\":\"ReadAction\",\"target\":[\"https:\/\/sol-air-tech.com\/product\/boite-de-distribution-etanche-4-positions\/\"]}]},{\"@type\":\"BreadcrumbList\",\"@id\":\"https:\/\/sol-air-tech.com\/product\/boite-de-distribution-etanche-4-positions\/#breadcrumb\",\"itemListElement\":[{\"@type\":\"ListItem\",\"position\":1,\"name\":\"Accueil\",\"item\":\"https:\/\/sol-air-tech.com\/\"},{\"@type\":\"ListItem\",\"position\":2,\"name\":\"Boutique\",\"item\":\"https:\/\/sol-air-tech.com\/en\/boutique\/\"},{\"@type\":\"ListItem\",\"position\":3,\"name\":\"Bo\u00eete de distribution \u00e9tanche 4 positions\"}]},{\"@type\":\"WebSite\",\"@id\":\"https:\/\/sol-air-tech.com\/#website\",\"url\":\"https:\/\/sol-air-tech.com\/\",\"name\":\"SOL-AIR TECH\",\"description\":\"vente de mat\u00e9riel \u00e9lectrique\",\"publisher\":{\"@id\":\"https:\/\/sol-air-tech.com\/#organization\"},\"potentialAction\":[{\"@type\":\"SearchAction\",\"target\":{\"@type\":\"EntryPoint\",\"urlTemplate\":\"https:\/\/sol-air-tech.com\/?s={search_term_string}\"},\"query-input\":\"required name=search_term_string\"}],\"inLanguage\":\"en-CA\"},{\"@type\":\"Organization\",\"@id\":\"https:\/\/sol-air-tech.com\/#organization\",\"name\":\"SOL-AIR TECH\",\"url\":\"https:\/\/sol-air-tech.com\/\",\"logo\":{\"@type\":\"ImageObject\",\"inLanguage\":\"en-CA\",\"@id\":\"https:\/\/sol-air-tech.com\/#\/schema\/logo\/image\/\",\"url\":\"https:\/\/sol-air-tech.com\/wp-content\/uploads\/2023\/07\/lOGOFINAL_SOLAIR_TECH.png\",\"contentUrl\":\"https:\/\/sol-air-tech.com\/wp-content\/uploads\/2023\/07\/lOGOFINAL_SOLAIR_TECH.png\",\"width\":770,\"height\":306,\"caption\":\"SOL-AIR TECH\"},\"image\":{\"@id\":\"https:\/\/sol-air-tech.com\/#\/schema\/logo\/image\/\"}}]}<\/script>\n<!-- \/ Yoast SEO plugin. -->","yoast_head_json":{"title":"Bo\u00eete de distribution \u00e9tanche 4 positions - SOL-AIR TECH","description":"Boitier de distribution \u00e9tanche \u00e0 4 positions. R\u00e9sistance \u00e0 la chaleur, aux Utra-Violet, poussi\u00e8re, acide. Anti explosion.","robots":{"index":"index","follow":"follow","max-snippet":"max-snippet:-1","max-image-preview":"max-image-preview:large","max-video-preview":"max-video-preview:-1"},"canonical":"https:\/\/sol-air-tech.com\/en\/product\/boite-de-distribution-etanche-4-positions\/","og_locale":"en_US","og_type":"article","og_title":"Bo\u00eete de distribution \u00e9tanche 4 positions - SOL-AIR TECH","og_description":"Boitier de distribution \u00e9tanche \u00e0 4 positions. R\u00e9sistance \u00e0 la chaleur, aux Utra-Violet, poussi\u00e8re, acide. Anti explosion.","og_url":"https:\/\/sol-air-tech.com\/en\/product\/boite-de-distribution-etanche-4-positions\/","og_site_name":"SOL-AIR TECH","article_modified_time":"2026-03-23T21:21:39+00:00","og_image":[{"width":790,"height":1078,"url":"https:\/\/sol-air-tech.com\/wp-content\/uploads\/2023\/08\/ha-box1.png","type":"image\/png"}],"twitter_card":"summary_large_image","twitter_misc":{"Est. reading time":"1 minute"},"schema":{"@context":"https:\/\/schema.org","@graph":[{"@type":"WebPage","@id":"https:\/\/sol-air-tech.com\/product\/boite-de-distribution-etanche-4-positions\/","url":"https:\/\/sol-air-tech.com\/product\/boite-de-distribution-etanche-4-positions\/","name":"Bo\u00eete de distribution \u00e9tanche 4 positions - SOL-AIR TECH","isPartOf":{"@id":"https:\/\/sol-air-tech.com\/#website"},"datePublished":"2023-08-31T16:29:37+00:00","dateModified":"2026-03-23T21:21:39+00:00","description":"Boitier de distribution \u00e9tanche \u00e0 4 positions. R\u00e9sistance \u00e0 la chaleur, aux Utra-Violet, poussi\u00e8re, acide. Anti explosion.","breadcrumb":{"@id":"https:\/\/sol-air-tech.com\/product\/boite-de-distribution-etanche-4-positions\/#breadcrumb"},"inLanguage":"en-CA","potentialAction":[{"@type":"ReadAction","target":["https:\/\/sol-air-tech.com\/product\/boite-de-distribution-etanche-4-positions\/"]}]},{"@type":"BreadcrumbList","@id":"https:\/\/sol-air-tech.com\/product\/boite-de-distribution-etanche-4-positions\/#breadcrumb","itemListElement":[{"@type":"ListItem","position":1,"name":"Accueil","item":"https:\/\/sol-air-tech.com\/"},{"@type":"ListItem","position":2,"name":"Boutique","item":"https:\/\/sol-air-tech.com\/en\/boutique\/"},{"@type":"ListItem","position":3,"name":"Bo\u00eete de distribution \u00e9tanche 4 positions"}]},{"@type":"WebSite","@id":"https:\/\/sol-air-tech.com\/#website","url":"https:\/\/sol-air-tech.com\/","name":"SOL-AIR TECH","description":"vente de mat\u00e9riel \u00e9lectrique","publisher":{"@id":"https:\/\/sol-air-tech.com\/#organization"},"potentialAction":[{"@type":"SearchAction","target":{"@type":"EntryPoint","urlTemplate":"https:\/\/sol-air-tech.com\/?s={search_term_string}"},"query-input":"required name=search_term_string"}],"inLanguage":"en-CA"},{"@type":"Organization","@id":"https:\/\/sol-air-tech.com\/#organization","name":"SOL-AIR TECH","url":"https:\/\/sol-air-tech.com\/","logo":{"@type":"ImageObject","inLanguage":"en-CA","@id":"https:\/\/sol-air-tech.com\/#\/schema\/logo\/image\/","url":"https:\/\/sol-air-tech.com\/wp-content\/uploads\/2023\/07\/lOGOFINAL_SOLAIR_TECH.png","contentUrl":"https:\/\/sol-air-tech.com\/wp-content\/uploads\/2023\/07\/lOGOFINAL_SOLAIR_TECH.png","width":770,"height":306,"caption":"SOL-AIR TECH"},"image":{"@id":"https:\/\/sol-air-tech.com\/#\/schema\/logo\/image\/"}}]}},"_links":{"self":[{"href":"https:\/\/sol-air-tech.com\/en\/wp-json\/wp\/v2\/product\/3943","targetHints":{"allow":["GET"]}}],"collection":[{"href":"https:\/\/sol-air-tech.com\/en\/wp-json\/wp\/v2\/product"}],"about":[{"href":"https:\/\/sol-air-tech.com\/en\/wp-json\/wp\/v2\/types\/product"}],"replies":[{"embeddable":true,"href":"https:\/\/sol-air-tech.com\/en\/wp-json\/wp\/v2\/comments?post=3943"}],"wp:featuredmedia":[{"embeddable":true,"href":"https:\/\/sol-air-tech.com\/en\/wp-json\/wp\/v2\/media\/3932"}],"wp:attachment":[{"href":"https:\/\/sol-air-tech.com\/en\/wp-json\/wp\/v2\/media?parent=3943"}],"wp:term":[{"taxonomy":"product_brand","embeddable":true,"href":"https:\/\/sol-air-tech.com\/en\/wp-json\/wp\/v2\/product_brand?post=3943"},{"taxonomy":"product_cat","embeddable":true,"href":"https:\/\/sol-air-tech.com\/en\/wp-json\/wp\/v2\/product_cat?post=3943"},{"taxonomy":"product_tag","embeddable":true,"href":"https:\/\/sol-air-tech.com\/en\/wp-json\/wp\/v2\/product_tag?post=3943"}],"curies":[{"name":"wp","href":"https:\/\/api.w.org\/{rel}","templated":true}]}}