{"id":3902,"date":"2023-08-30T09:52:42","date_gmt":"2023-08-30T13:52:42","guid":{"rendered":"https:\/\/meteoquebec.ca\/?post_type=product&#038;p=3902"},"modified":"2026-03-23T17:28:48","modified_gmt":"2026-03-23T21:28:48","slug":"commutateur-pour-batterie-batterie-switch-2","status":"publish","type":"product","link":"https:\/\/sol-air-tech.com\/en\/product\/commutateur-pour-batterie-batterie-switch-2\/","title":{"rendered":"Battery Switch (Battery Switch) 1-2-both-OFF"},"content":{"rendered":"<p>Switch for two batteries, one or the other, both together or closed (OFF)<\/p>\n<p>Voltage 12-48Volts DC 200Amp continuous<\/p>\n<p>Intermittent power 300Amp DC<\/p>\n<p>Starting power 1000Amp DC<\/p>\n<p>Sizes of three terminals 6.35mm (1\/4&quot;)<\/p>\n<p>Dimensions: 69 x 69 x 75Hmm (2.5 x 2.5 x 3H&#8221;)<\/p>\n<p>Certification: ROHS: GTS 1910230373EN; CE: EN60947-5-1<\/p>\n<p><strong>Manufacturer&#039;s description in English:<\/strong><\/p>\n<p><img fetchpriority=\"high\" decoding=\"async\" class=\"alignnone wp-image-3952\" src=\"https:\/\/sol-air-tech.com\/wp-content\/uploads\/2023\/09\/batterie-disconnet-switch-2-300x293.jpg\" alt=\"\" width=\"769\" height=\"751\" srcset=\"https:\/\/sol-air-tech.com\/wp-content\/uploads\/2023\/09\/batterie-disconnet-switch-2-300x293.jpg 300w, https:\/\/sol-air-tech.com\/wp-content\/uploads\/2023\/09\/batterie-disconnet-switch-2.jpg 425w\" sizes=\"(max-width: 769px) 100vw, 769px\" \/><\/p>","protected":false},"excerpt":{"rendered":"<ul>\n<li>Four-position switch for two batteries separately, both together, or closed (OFF)<\/li>\n<li>Voltage 12-48 Volts DC 200Amp continuous<\/li>\n<li>Intermittent power 300Amp DC<\/li>\n<li>Starting power 1000Amp DC<\/li>\n<\/ul>","protected":false},"featured_media":3953,"menu_order":0,"comment_status":"open","ping_status":"closed","template":"","meta":{"content-type":""},"product_brand":[],"product_cat":[159,149],"product_tag":[],"class_list":{"0":"post-3902","1":"product","2":"type-product","3":"status-publish","4":"has-post-thumbnail","6":"product_cat-disjoncteurs-dc-isolateurs","7":"product_cat-batterie","8":"product_shipping_class-petit-produit","10":"first","11":"instock","12":"taxable","13":"shipping-taxable","14":"purchasable","15":"product-type-simple"},"yoast_head":"<!-- This site is optimized with the Yoast SEO plugin v21.5 - https:\/\/yoast.com\/wordpress\/plugins\/seo\/ -->\n<title>Interrupteur pour Batterie (Batterie Switch) 1-2-les deux-OFF - SOL-AIR TECH<\/title>\n<meta name=\"description\" content=\"Interrupteur, commutateur, quatre positions pour deux batteries s\u00e9par\u00e9ment, les deux ensembles, ou ferm\u00e9 (off). Voltage 12-48 Volts DC 200 Amp en continu.\" \/>\n<meta name=\"robots\" content=\"index, follow, max-snippet:-1, max-image-preview:large, max-video-preview:-1\" \/>\n<link rel=\"canonical\" href=\"https:\/\/sol-air-tech.com\/en\/product\/commutateur-pour-batterie-batterie-switch-2\/\" \/>\n<meta property=\"og:locale\" content=\"en_US\" \/>\n<meta property=\"og:type\" content=\"article\" \/>\n<meta property=\"og:title\" content=\"Interrupteur pour Batterie (Batterie Switch) 1-2-les deux-OFF - SOL-AIR TECH\" \/>\n<meta property=\"og:description\" content=\"Interrupteur, commutateur, quatre positions pour deux batteries s\u00e9par\u00e9ment, les deux ensembles, ou ferm\u00e9 (off). Voltage 12-48 Volts DC 200 Amp en continu.\" \/>\n<meta property=\"og:url\" content=\"https:\/\/sol-air-tech.com\/en\/product\/commutateur-pour-batterie-batterie-switch-2\/\" \/>\n<meta property=\"og:site_name\" content=\"SOL-AIR TECH\" \/>\n<meta property=\"article:modified_time\" content=\"2026-03-23T21:28:48+00:00\" \/>\n<meta property=\"og:image\" content=\"https:\/\/sol-air-tech.com\/wp-content\/uploads\/2023\/09\/batterie-disconnect-switch.jpg\" \/>\n\t<meta property=\"og:image:width\" content=\"425\" \/>\n\t<meta property=\"og:image:height\" content=\"429\" \/>\n\t<meta property=\"og:image:type\" content=\"image\/jpeg\" \/>\n<meta name=\"twitter:card\" content=\"summary_large_image\" \/>\n<meta name=\"twitter:label1\" content=\"Est. reading time\" \/>\n\t<meta name=\"twitter:data1\" content=\"1 minute\" \/>\n<script type=\"application\/ld+json\" class=\"yoast-schema-graph\">{\"@context\":\"https:\/\/schema.org\",\"@graph\":[{\"@type\":\"WebPage\",\"@id\":\"https:\/\/sol-air-tech.com\/product\/commutateur-pour-batterie-batterie-switch-2\/\",\"url\":\"https:\/\/sol-air-tech.com\/product\/commutateur-pour-batterie-batterie-switch-2\/\",\"name\":\"Interrupteur pour Batterie (Batterie Switch) 1-2-les deux-OFF - SOL-AIR TECH\",\"isPartOf\":{\"@id\":\"https:\/\/sol-air-tech.com\/#website\"},\"datePublished\":\"2023-08-30T13:52:42+00:00\",\"dateModified\":\"2026-03-23T21:28:48+00:00\",\"description\":\"Interrupteur, commutateur, quatre positions pour deux batteries s\u00e9par\u00e9ment, les deux ensembles, ou ferm\u00e9 (off). Voltage 12-48 Volts DC 200 Amp en continu.\",\"breadcrumb\":{\"@id\":\"https:\/\/sol-air-tech.com\/product\/commutateur-pour-batterie-batterie-switch-2\/#breadcrumb\"},\"inLanguage\":\"en-CA\",\"potentialAction\":[{\"@type\":\"ReadAction\",\"target\":[\"https:\/\/sol-air-tech.com\/product\/commutateur-pour-batterie-batterie-switch-2\/\"]}]},{\"@type\":\"BreadcrumbList\",\"@id\":\"https:\/\/sol-air-tech.com\/product\/commutateur-pour-batterie-batterie-switch-2\/#breadcrumb\",\"itemListElement\":[{\"@type\":\"ListItem\",\"position\":1,\"name\":\"Accueil\",\"item\":\"https:\/\/sol-air-tech.com\/\"},{\"@type\":\"ListItem\",\"position\":2,\"name\":\"Boutique\",\"item\":\"https:\/\/sol-air-tech.com\/en\/boutique\/\"},{\"@type\":\"ListItem\",\"position\":3,\"name\":\"Interrupteur pour Batterie (Batterie Switch) 1-2-les deux-OFF\"}]},{\"@type\":\"WebSite\",\"@id\":\"https:\/\/sol-air-tech.com\/#website\",\"url\":\"https:\/\/sol-air-tech.com\/\",\"name\":\"SOL-AIR TECH\",\"description\":\"vente de mat\u00e9riel \u00e9lectrique\",\"publisher\":{\"@id\":\"https:\/\/sol-air-tech.com\/#organization\"},\"potentialAction\":[{\"@type\":\"SearchAction\",\"target\":{\"@type\":\"EntryPoint\",\"urlTemplate\":\"https:\/\/sol-air-tech.com\/?s={search_term_string}\"},\"query-input\":\"required name=search_term_string\"}],\"inLanguage\":\"en-CA\"},{\"@type\":\"Organization\",\"@id\":\"https:\/\/sol-air-tech.com\/#organization\",\"name\":\"SOL-AIR TECH\",\"url\":\"https:\/\/sol-air-tech.com\/\",\"logo\":{\"@type\":\"ImageObject\",\"inLanguage\":\"en-CA\",\"@id\":\"https:\/\/sol-air-tech.com\/#\/schema\/logo\/image\/\",\"url\":\"https:\/\/sol-air-tech.com\/wp-content\/uploads\/2023\/07\/lOGOFINAL_SOLAIR_TECH.png\",\"contentUrl\":\"https:\/\/sol-air-tech.com\/wp-content\/uploads\/2023\/07\/lOGOFINAL_SOLAIR_TECH.png\",\"width\":770,\"height\":306,\"caption\":\"SOL-AIR TECH\"},\"image\":{\"@id\":\"https:\/\/sol-air-tech.com\/#\/schema\/logo\/image\/\"}}]}<\/script>\n<!-- \/ Yoast SEO plugin. -->","yoast_head_json":{"title":"Interrupteur pour Batterie (Batterie Switch) 1-2-les deux-OFF - SOL-AIR TECH","description":"Interrupteur, commutateur, quatre positions pour deux batteries s\u00e9par\u00e9ment, les deux ensembles, ou ferm\u00e9 (off). Voltage 12-48 Volts DC 200 Amp en continu.","robots":{"index":"index","follow":"follow","max-snippet":"max-snippet:-1","max-image-preview":"max-image-preview:large","max-video-preview":"max-video-preview:-1"},"canonical":"https:\/\/sol-air-tech.com\/en\/product\/commutateur-pour-batterie-batterie-switch-2\/","og_locale":"en_US","og_type":"article","og_title":"Interrupteur pour Batterie (Batterie Switch) 1-2-les deux-OFF - SOL-AIR TECH","og_description":"Interrupteur, commutateur, quatre positions pour deux batteries s\u00e9par\u00e9ment, les deux ensembles, ou ferm\u00e9 (off). Voltage 12-48 Volts DC 200 Amp en continu.","og_url":"https:\/\/sol-air-tech.com\/en\/product\/commutateur-pour-batterie-batterie-switch-2\/","og_site_name":"SOL-AIR TECH","article_modified_time":"2026-03-23T21:28:48+00:00","og_image":[{"width":425,"height":429,"url":"https:\/\/sol-air-tech.com\/wp-content\/uploads\/2023\/09\/batterie-disconnect-switch.jpg","type":"image\/jpeg"}],"twitter_card":"summary_large_image","twitter_misc":{"Est. reading time":"1 minute"},"schema":{"@context":"https:\/\/schema.org","@graph":[{"@type":"WebPage","@id":"https:\/\/sol-air-tech.com\/product\/commutateur-pour-batterie-batterie-switch-2\/","url":"https:\/\/sol-air-tech.com\/product\/commutateur-pour-batterie-batterie-switch-2\/","name":"Interrupteur pour Batterie (Batterie Switch) 1-2-les deux-OFF - SOL-AIR TECH","isPartOf":{"@id":"https:\/\/sol-air-tech.com\/#website"},"datePublished":"2023-08-30T13:52:42+00:00","dateModified":"2026-03-23T21:28:48+00:00","description":"Interrupteur, commutateur, quatre positions pour deux batteries s\u00e9par\u00e9ment, les deux ensembles, ou ferm\u00e9 (off). Voltage 12-48 Volts DC 200 Amp en continu.","breadcrumb":{"@id":"https:\/\/sol-air-tech.com\/product\/commutateur-pour-batterie-batterie-switch-2\/#breadcrumb"},"inLanguage":"en-CA","potentialAction":[{"@type":"ReadAction","target":["https:\/\/sol-air-tech.com\/product\/commutateur-pour-batterie-batterie-switch-2\/"]}]},{"@type":"BreadcrumbList","@id":"https:\/\/sol-air-tech.com\/product\/commutateur-pour-batterie-batterie-switch-2\/#breadcrumb","itemListElement":[{"@type":"ListItem","position":1,"name":"Accueil","item":"https:\/\/sol-air-tech.com\/"},{"@type":"ListItem","position":2,"name":"Boutique","item":"https:\/\/sol-air-tech.com\/en\/boutique\/"},{"@type":"ListItem","position":3,"name":"Interrupteur pour Batterie (Batterie Switch) 1-2-les deux-OFF"}]},{"@type":"WebSite","@id":"https:\/\/sol-air-tech.com\/#website","url":"https:\/\/sol-air-tech.com\/","name":"SOL-AIR TECH","description":"vente de mat\u00e9riel \u00e9lectrique","publisher":{"@id":"https:\/\/sol-air-tech.com\/#organization"},"potentialAction":[{"@type":"SearchAction","target":{"@type":"EntryPoint","urlTemplate":"https:\/\/sol-air-tech.com\/?s={search_term_string}"},"query-input":"required name=search_term_string"}],"inLanguage":"en-CA"},{"@type":"Organization","@id":"https:\/\/sol-air-tech.com\/#organization","name":"SOL-AIR TECH","url":"https:\/\/sol-air-tech.com\/","logo":{"@type":"ImageObject","inLanguage":"en-CA","@id":"https:\/\/sol-air-tech.com\/#\/schema\/logo\/image\/","url":"https:\/\/sol-air-tech.com\/wp-content\/uploads\/2023\/07\/lOGOFINAL_SOLAIR_TECH.png","contentUrl":"https:\/\/sol-air-tech.com\/wp-content\/uploads\/2023\/07\/lOGOFINAL_SOLAIR_TECH.png","width":770,"height":306,"caption":"SOL-AIR TECH"},"image":{"@id":"https:\/\/sol-air-tech.com\/#\/schema\/logo\/image\/"}}]}},"_links":{"self":[{"href":"https:\/\/sol-air-tech.com\/en\/wp-json\/wp\/v2\/product\/3902","targetHints":{"allow":["GET"]}}],"collection":[{"href":"https:\/\/sol-air-tech.com\/en\/wp-json\/wp\/v2\/product"}],"about":[{"href":"https:\/\/sol-air-tech.com\/en\/wp-json\/wp\/v2\/types\/product"}],"replies":[{"embeddable":true,"href":"https:\/\/sol-air-tech.com\/en\/wp-json\/wp\/v2\/comments?post=3902"}],"wp:featuredmedia":[{"embeddable":true,"href":"https:\/\/sol-air-tech.com\/en\/wp-json\/wp\/v2\/media\/3953"}],"wp:attachment":[{"href":"https:\/\/sol-air-tech.com\/en\/wp-json\/wp\/v2\/media?parent=3902"}],"wp:term":[{"taxonomy":"product_brand","embeddable":true,"href":"https:\/\/sol-air-tech.com\/en\/wp-json\/wp\/v2\/product_brand?post=3902"},{"taxonomy":"product_cat","embeddable":true,"href":"https:\/\/sol-air-tech.com\/en\/wp-json\/wp\/v2\/product_cat?post=3902"},{"taxonomy":"product_tag","embeddable":true,"href":"https:\/\/sol-air-tech.com\/en\/wp-json\/wp\/v2\/product_tag?post=3902"}],"curies":[{"name":"wp","href":"https:\/\/api.w.org\/{rel}","templated":true}]}}