{"id":3900,"date":"2023-08-29T05:08:48","date_gmt":"2023-08-29T09:08:48","guid":{"rendered":"https:\/\/meteoquebec.ca\/?post_type=product&#038;p=3900"},"modified":"2026-03-23T17:32:47","modified_gmt":"2026-03-23T21:32:47","slug":"boite-de-combinaison-combiner-box-2-1","status":"publish","type":"product","link":"https:\/\/sol-air-tech.com\/en\/product\/boite-de-combinaison-combiner-box-2-1\/","title":{"rendered":"Combiner Box 2\/1"},"content":{"rendered":"<p>Bo\u00eete de combinaison avec deux entr\u00e9es de groupes de panneaux solaires (positif et n\u00e9gatif) vers un contr\u00f4leur de charge MPPT<\/p>\n<p>Comprend un disjoncteur de 25A 550VDC (Vers le contr\u00f4leur de charge), un surge protecteur 500VDC, quatres fusibles 20A 1000VDC (entr\u00e9es des panneaux solaires), six connecteurs MC4 et une mise sortie pour la mise \u00e0 terre<\/p>\n<p>Protection IP65 \u00e0 l&#8217;\u00e9preuve de l&#8217;eau, des poussi\u00e8res et des ultra violet<\/p>\n<p>CE, TUV certification<\/p>\n<p>&nbsp;<\/p>\n<p>&nbsp;<\/p>","protected":false},"excerpt":{"rendered":"<ul>\n<li>Bo\u00eete de combinaison deux dans un 500VDC<\/li>\n<li>Comprend un disjoncteur de 25A 550VDC, un surge protecteur 500VDC, quatres fusibles 20A 1000VDC, six connecteurs MC4, une sortie pour la mise en terre<\/li>\n<\/ul>","protected":false},"featured_media":3830,"menu_order":0,"comment_status":"open","ping_status":"closed","template":"","meta":{"content-type":""},"product_brand":[],"product_cat":[150],"product_tag":[],"class_list":{"0":"post-3900","1":"product","2":"type-product","3":"status-publish","4":"has-post-thumbnail","6":"product_cat-combiner-box-boitiers","7":"product_shipping_class-petit-produit","9":"first","10":"instock","11":"taxable","12":"shipping-taxable","13":"purchasable","14":"product-type-simple"},"yoast_head":"<!-- This site is optimized with the Yoast SEO plugin v21.5 - https:\/\/yoast.com\/wordpress\/plugins\/seo\/ -->\n<title>Bo\u00eete de combinaison (Combiner Box) 2\/1 - SOL-AIR TECH<\/title>\n<meta name=\"description\" content=\"Boite de combinaison deux dans un de 500VDC. Comprend un disjoncteur de 25A 550VDC, quatre fusibles 20A 1000VDC, six connecteurs MC4, un surge protecteur.\" \/>\n<meta name=\"robots\" content=\"index, follow, max-snippet:-1, max-image-preview:large, max-video-preview:-1\" \/>\n<link rel=\"canonical\" href=\"https:\/\/sol-air-tech.com\/en\/product\/boite-de-combinaison-combiner-box-2-1\/\" \/>\n<meta property=\"og:locale\" content=\"en_US\" \/>\n<meta property=\"og:type\" content=\"article\" \/>\n<meta property=\"og:title\" content=\"Bo\u00eete de combinaison (Combiner Box) 2\/1 - SOL-AIR TECH\" \/>\n<meta property=\"og:description\" content=\"Boite de combinaison deux dans un de 500VDC. Comprend un disjoncteur de 25A 550VDC, quatre fusibles 20A 1000VDC, six connecteurs MC4, un surge protecteur.\" \/>\n<meta property=\"og:url\" content=\"https:\/\/sol-air-tech.com\/en\/product\/boite-de-combinaison-combiner-box-2-1\/\" \/>\n<meta property=\"og:site_name\" content=\"SOL-AIR TECH\" \/>\n<meta property=\"article:modified_time\" content=\"2026-03-23T21:32:47+00:00\" \/>\n<meta property=\"og:image\" content=\"https:\/\/sol-air-tech.com\/wp-content\/uploads\/2023\/08\/shlx-pv1-combiner-box-01.jpg\" \/>\n\t<meta property=\"og:image:width\" content=\"300\" \/>\n\t<meta property=\"og:image:height\" content=\"230\" \/>\n\t<meta property=\"og:image:type\" content=\"image\/jpeg\" \/>\n<meta name=\"twitter:card\" content=\"summary_large_image\" \/>\n<meta name=\"twitter:label1\" content=\"Est. reading time\" \/>\n\t<meta name=\"twitter:data1\" content=\"1 minute\" \/>\n<script type=\"application\/ld+json\" class=\"yoast-schema-graph\">{\"@context\":\"https:\/\/schema.org\",\"@graph\":[{\"@type\":\"WebPage\",\"@id\":\"https:\/\/sol-air-tech.com\/product\/boite-de-combinaison-combiner-box-2-1\/\",\"url\":\"https:\/\/sol-air-tech.com\/product\/boite-de-combinaison-combiner-box-2-1\/\",\"name\":\"Bo\u00eete de combinaison (Combiner Box) 2\/1 - SOL-AIR TECH\",\"isPartOf\":{\"@id\":\"https:\/\/sol-air-tech.com\/#website\"},\"datePublished\":\"2023-08-29T09:08:48+00:00\",\"dateModified\":\"2026-03-23T21:32:47+00:00\",\"description\":\"Boite de combinaison deux dans un de 500VDC. Comprend un disjoncteur de 25A 550VDC, quatre fusibles 20A 1000VDC, six connecteurs MC4, un surge protecteur.\",\"breadcrumb\":{\"@id\":\"https:\/\/sol-air-tech.com\/product\/boite-de-combinaison-combiner-box-2-1\/#breadcrumb\"},\"inLanguage\":\"en-CA\",\"potentialAction\":[{\"@type\":\"ReadAction\",\"target\":[\"https:\/\/sol-air-tech.com\/product\/boite-de-combinaison-combiner-box-2-1\/\"]}]},{\"@type\":\"BreadcrumbList\",\"@id\":\"https:\/\/sol-air-tech.com\/product\/boite-de-combinaison-combiner-box-2-1\/#breadcrumb\",\"itemListElement\":[{\"@type\":\"ListItem\",\"position\":1,\"name\":\"Accueil\",\"item\":\"https:\/\/sol-air-tech.com\/\"},{\"@type\":\"ListItem\",\"position\":2,\"name\":\"Boutique\",\"item\":\"https:\/\/sol-air-tech.com\/en\/boutique\/\"},{\"@type\":\"ListItem\",\"position\":3,\"name\":\"Bo\u00eete de combinaison (Combiner Box) 2\/1\"}]},{\"@type\":\"WebSite\",\"@id\":\"https:\/\/sol-air-tech.com\/#website\",\"url\":\"https:\/\/sol-air-tech.com\/\",\"name\":\"SOL-AIR TECH\",\"description\":\"vente de mat\u00e9riel \u00e9lectrique\",\"publisher\":{\"@id\":\"https:\/\/sol-air-tech.com\/#organization\"},\"potentialAction\":[{\"@type\":\"SearchAction\",\"target\":{\"@type\":\"EntryPoint\",\"urlTemplate\":\"https:\/\/sol-air-tech.com\/?s={search_term_string}\"},\"query-input\":\"required name=search_term_string\"}],\"inLanguage\":\"en-CA\"},{\"@type\":\"Organization\",\"@id\":\"https:\/\/sol-air-tech.com\/#organization\",\"name\":\"SOL-AIR TECH\",\"url\":\"https:\/\/sol-air-tech.com\/\",\"logo\":{\"@type\":\"ImageObject\",\"inLanguage\":\"en-CA\",\"@id\":\"https:\/\/sol-air-tech.com\/#\/schema\/logo\/image\/\",\"url\":\"https:\/\/sol-air-tech.com\/wp-content\/uploads\/2023\/07\/lOGOFINAL_SOLAIR_TECH.png\",\"contentUrl\":\"https:\/\/sol-air-tech.com\/wp-content\/uploads\/2023\/07\/lOGOFINAL_SOLAIR_TECH.png\",\"width\":770,\"height\":306,\"caption\":\"SOL-AIR TECH\"},\"image\":{\"@id\":\"https:\/\/sol-air-tech.com\/#\/schema\/logo\/image\/\"}}]}<\/script>\n<!-- \/ Yoast SEO plugin. -->","yoast_head_json":{"title":"Bo\u00eete de combinaison (Combiner Box) 2\/1 - SOL-AIR TECH","description":"Boite de combinaison deux dans un de 500VDC. Comprend un disjoncteur de 25A 550VDC, quatre fusibles 20A 1000VDC, six connecteurs MC4, un surge protecteur.","robots":{"index":"index","follow":"follow","max-snippet":"max-snippet:-1","max-image-preview":"max-image-preview:large","max-video-preview":"max-video-preview:-1"},"canonical":"https:\/\/sol-air-tech.com\/en\/product\/boite-de-combinaison-combiner-box-2-1\/","og_locale":"en_US","og_type":"article","og_title":"Bo\u00eete de combinaison (Combiner Box) 2\/1 - SOL-AIR TECH","og_description":"Boite de combinaison deux dans un de 500VDC. Comprend un disjoncteur de 25A 550VDC, quatre fusibles 20A 1000VDC, six connecteurs MC4, un surge protecteur.","og_url":"https:\/\/sol-air-tech.com\/en\/product\/boite-de-combinaison-combiner-box-2-1\/","og_site_name":"SOL-AIR TECH","article_modified_time":"2026-03-23T21:32:47+00:00","og_image":[{"width":300,"height":230,"url":"https:\/\/sol-air-tech.com\/wp-content\/uploads\/2023\/08\/shlx-pv1-combiner-box-01.jpg","type":"image\/jpeg"}],"twitter_card":"summary_large_image","twitter_misc":{"Est. reading time":"1 minute"},"schema":{"@context":"https:\/\/schema.org","@graph":[{"@type":"WebPage","@id":"https:\/\/sol-air-tech.com\/product\/boite-de-combinaison-combiner-box-2-1\/","url":"https:\/\/sol-air-tech.com\/product\/boite-de-combinaison-combiner-box-2-1\/","name":"Bo\u00eete de combinaison (Combiner Box) 2\/1 - SOL-AIR TECH","isPartOf":{"@id":"https:\/\/sol-air-tech.com\/#website"},"datePublished":"2023-08-29T09:08:48+00:00","dateModified":"2026-03-23T21:32:47+00:00","description":"Boite de combinaison deux dans un de 500VDC. Comprend un disjoncteur de 25A 550VDC, quatre fusibles 20A 1000VDC, six connecteurs MC4, un surge protecteur.","breadcrumb":{"@id":"https:\/\/sol-air-tech.com\/product\/boite-de-combinaison-combiner-box-2-1\/#breadcrumb"},"inLanguage":"en-CA","potentialAction":[{"@type":"ReadAction","target":["https:\/\/sol-air-tech.com\/product\/boite-de-combinaison-combiner-box-2-1\/"]}]},{"@type":"BreadcrumbList","@id":"https:\/\/sol-air-tech.com\/product\/boite-de-combinaison-combiner-box-2-1\/#breadcrumb","itemListElement":[{"@type":"ListItem","position":1,"name":"Accueil","item":"https:\/\/sol-air-tech.com\/"},{"@type":"ListItem","position":2,"name":"Boutique","item":"https:\/\/sol-air-tech.com\/en\/boutique\/"},{"@type":"ListItem","position":3,"name":"Bo\u00eete de combinaison (Combiner Box) 2\/1"}]},{"@type":"WebSite","@id":"https:\/\/sol-air-tech.com\/#website","url":"https:\/\/sol-air-tech.com\/","name":"SOL-AIR TECH","description":"vente de mat\u00e9riel \u00e9lectrique","publisher":{"@id":"https:\/\/sol-air-tech.com\/#organization"},"potentialAction":[{"@type":"SearchAction","target":{"@type":"EntryPoint","urlTemplate":"https:\/\/sol-air-tech.com\/?s={search_term_string}"},"query-input":"required name=search_term_string"}],"inLanguage":"en-CA"},{"@type":"Organization","@id":"https:\/\/sol-air-tech.com\/#organization","name":"SOL-AIR TECH","url":"https:\/\/sol-air-tech.com\/","logo":{"@type":"ImageObject","inLanguage":"en-CA","@id":"https:\/\/sol-air-tech.com\/#\/schema\/logo\/image\/","url":"https:\/\/sol-air-tech.com\/wp-content\/uploads\/2023\/07\/lOGOFINAL_SOLAIR_TECH.png","contentUrl":"https:\/\/sol-air-tech.com\/wp-content\/uploads\/2023\/07\/lOGOFINAL_SOLAIR_TECH.png","width":770,"height":306,"caption":"SOL-AIR TECH"},"image":{"@id":"https:\/\/sol-air-tech.com\/#\/schema\/logo\/image\/"}}]}},"_links":{"self":[{"href":"https:\/\/sol-air-tech.com\/en\/wp-json\/wp\/v2\/product\/3900","targetHints":{"allow":["GET"]}}],"collection":[{"href":"https:\/\/sol-air-tech.com\/en\/wp-json\/wp\/v2\/product"}],"about":[{"href":"https:\/\/sol-air-tech.com\/en\/wp-json\/wp\/v2\/types\/product"}],"replies":[{"embeddable":true,"href":"https:\/\/sol-air-tech.com\/en\/wp-json\/wp\/v2\/comments?post=3900"}],"wp:featuredmedia":[{"embeddable":true,"href":"https:\/\/sol-air-tech.com\/en\/wp-json\/wp\/v2\/media\/3830"}],"wp:attachment":[{"href":"https:\/\/sol-air-tech.com\/en\/wp-json\/wp\/v2\/media?parent=3900"}],"wp:term":[{"taxonomy":"product_brand","embeddable":true,"href":"https:\/\/sol-air-tech.com\/en\/wp-json\/wp\/v2\/product_brand?post=3900"},{"taxonomy":"product_cat","embeddable":true,"href":"https:\/\/sol-air-tech.com\/en\/wp-json\/wp\/v2\/product_cat?post=3900"},{"taxonomy":"product_tag","embeddable":true,"href":"https:\/\/sol-air-tech.com\/en\/wp-json\/wp\/v2\/product_tag?post=3900"}],"curies":[{"name":"wp","href":"https:\/\/api.w.org\/{rel}","templated":true}]}}