{"id":3884,"date":"2023-08-27T07:05:23","date_gmt":"2023-08-27T11:05:23","guid":{"rendered":"https:\/\/meteoquebec.ca\/?post_type=product&#038;p=3884"},"modified":"2025-04-06T11:27:17","modified_gmt":"2025-04-06T15:27:17","slug":"disjoncteur-40a-ac-sur-din-bare","status":"publish","type":"product","link":"https:\/\/sol-air-tech.com\/en\/product\/disjoncteur-40a-ac-sur-din-bare\/","title":{"rendered":"AC 40 Amp double circuit breaker"},"content":{"rendered":"<p>FE7-63 Series AC Circuit Breaker 40A 2 Pole 400VAC<\/p>\n<p>Also available in 63A<\/p>\n<p>Short circuit and overload protection<\/p>\n<p>Protection against electric arcs<\/p>\n<p>The poles are neither positive nor negative, can be reversed, easy connection<\/p>\n<p>Installs on a rail (DIN rail)<\/p>\n<p>Additional technical sheets on request<\/p>\n<p>CE certification in accordance with CB 10963 and IEC 60947-2 standards<\/p>\n<p>&nbsp;<\/p>\n<p><strong>Manufacturer&#039;s technical notes:<\/strong><\/p>\n<p>&nbsp;<\/p>\n<p><img fetchpriority=\"high\" decoding=\"async\" class=\"alignnone wp-image-3880\" src=\"https:\/\/sol-air-tech.com\/wp-content\/uploads\/2023\/08\/busbar-300x132.png\" alt=\"\" width=\"802\" height=\"353\" srcset=\"https:\/\/sol-air-tech.com\/wp-content\/uploads\/2023\/08\/busbar-300x132.png 300w, https:\/\/sol-air-tech.com\/wp-content\/uploads\/2023\/08\/busbar-768x338.png 768w, https:\/\/sol-air-tech.com\/wp-content\/uploads\/2023\/08\/busbar-570x251.png 570w, https:\/\/sol-air-tech.com\/wp-content\/uploads\/2023\/08\/busbar.png 839w\" sizes=\"(max-width: 802px) 100vw, 802px\" \/><\/p>\n<p>&nbsp;<\/p>\n<p><img decoding=\"async\" class=\"alignnone wp-image-3882\" src=\"https:\/\/sol-air-tech.com\/wp-content\/uploads\/2023\/08\/din-rail-e1693135368775-300x251.png\" alt=\"\" width=\"801\" height=\"670\" srcset=\"https:\/\/sol-air-tech.com\/wp-content\/uploads\/2023\/08\/din-rail-e1693135368775-300x251.png 300w, https:\/\/sol-air-tech.com\/wp-content\/uploads\/2023\/08\/din-rail-e1693135368775-768x642.png 768w, https:\/\/sol-air-tech.com\/wp-content\/uploads\/2023\/08\/din-rail-e1693135368775-570x477.png 570w, https:\/\/sol-air-tech.com\/wp-content\/uploads\/2023\/08\/din-rail-e1693135368775.png 978w\" sizes=\"(max-width: 801px) 100vw, 801px\" \/><\/p>\n<p>&nbsp;<\/p>\n<p>&nbsp;<\/p>\n<p>&nbsp;<\/p>\n<p>&nbsp;<\/p>\n<p>&nbsp;<\/p>","protected":false},"excerpt":{"rendered":"<ul>\n<li><strong>FE7-63 Series AC Circuit Breaker 63A 2 Pole 400VAC<\/strong><\/li>\n<li><strong>Also available in 40A<\/strong><strong>HAS<\/strong><\/li>\n<\/ul>","protected":false},"featured_media":3881,"menu_order":0,"comment_status":"open","ping_status":"closed","template":"","meta":{"content-type":""},"product_brand":[],"product_cat":[159],"product_tag":[],"class_list":{"0":"post-3884","1":"product","2":"type-product","3":"status-publish","4":"has-post-thumbnail","6":"product_cat-disjoncteurs-dc-isolateurs","7":"product_shipping_class-petit-produit","9":"first","10":"instock","11":"taxable","12":"shipping-taxable","13":"purchasable","14":"product-type-simple"},"yoast_head":"<!-- This site is optimized with the Yoast SEO plugin v21.5 - https:\/\/yoast.com\/wordpress\/plugins\/seo\/ -->\n<title>Disjoncteur AC 40 Amp double - SOL-AIR TECH<\/title>\n<meta name=\"description\" content=\"Disjoncteur AC 40A 2 p\u00f4les 400VAC s\u00e9rie FE7-63. Les p\u00f4les ne sont ni positif ou n\u00e9gatif, peuvent \u00eatre renvers\u00e9s. S&#039;installe sur une rail (DIN rail)\" \/>\n<meta name=\"robots\" content=\"index, follow, max-snippet:-1, max-image-preview:large, max-video-preview:-1\" \/>\n<link rel=\"canonical\" href=\"https:\/\/sol-air-tech.com\/en\/product\/disjoncteur-40a-ac-sur-din-bare\/\" \/>\n<meta property=\"og:locale\" content=\"en_US\" \/>\n<meta property=\"og:type\" content=\"article\" \/>\n<meta property=\"og:title\" content=\"Disjoncteur AC 40 Amp double - SOL-AIR TECH\" \/>\n<meta property=\"og:description\" content=\"Disjoncteur AC 40A 2 p\u00f4les 400VAC s\u00e9rie FE7-63. Les p\u00f4les ne sont ni positif ou n\u00e9gatif, peuvent \u00eatre renvers\u00e9s. S&#039;installe sur une rail (DIN rail)\" \/>\n<meta property=\"og:url\" content=\"https:\/\/sol-air-tech.com\/en\/product\/disjoncteur-40a-ac-sur-din-bare\/\" \/>\n<meta property=\"og:site_name\" content=\"SOL-AIR TECH\" \/>\n<meta property=\"article:modified_time\" content=\"2025-04-06T15:27:17+00:00\" \/>\n<meta property=\"og:image\" content=\"https:\/\/sol-air-tech.com\/wp-content\/uploads\/2023\/08\/breaker-AC-e1693135036371.png\" \/>\n\t<meta property=\"og:image:width\" content=\"726\" \/>\n\t<meta property=\"og:image:height\" content=\"638\" \/>\n\t<meta property=\"og:image:type\" content=\"image\/png\" \/>\n<meta name=\"twitter:card\" content=\"summary_large_image\" \/>\n<meta name=\"twitter:label1\" content=\"Est. reading time\" \/>\n\t<meta name=\"twitter:data1\" content=\"1 minute\" \/>\n<script type=\"application\/ld+json\" class=\"yoast-schema-graph\">{\"@context\":\"https:\/\/schema.org\",\"@graph\":[{\"@type\":\"WebPage\",\"@id\":\"https:\/\/sol-air-tech.com\/product\/disjoncteur-40a-ac-sur-din-bare\/\",\"url\":\"https:\/\/sol-air-tech.com\/product\/disjoncteur-40a-ac-sur-din-bare\/\",\"name\":\"Disjoncteur AC 40 Amp double - SOL-AIR TECH\",\"isPartOf\":{\"@id\":\"https:\/\/sol-air-tech.com\/#website\"},\"datePublished\":\"2023-08-27T11:05:23+00:00\",\"dateModified\":\"2025-04-06T15:27:17+00:00\",\"description\":\"Disjoncteur AC 40A 2 p\u00f4les 400VAC s\u00e9rie FE7-63. Les p\u00f4les ne sont ni positif ou n\u00e9gatif, peuvent \u00eatre renvers\u00e9s. S'installe sur une rail (DIN rail)\",\"breadcrumb\":{\"@id\":\"https:\/\/sol-air-tech.com\/product\/disjoncteur-40a-ac-sur-din-bare\/#breadcrumb\"},\"inLanguage\":\"en-CA\",\"potentialAction\":[{\"@type\":\"ReadAction\",\"target\":[\"https:\/\/sol-air-tech.com\/product\/disjoncteur-40a-ac-sur-din-bare\/\"]}]},{\"@type\":\"BreadcrumbList\",\"@id\":\"https:\/\/sol-air-tech.com\/product\/disjoncteur-40a-ac-sur-din-bare\/#breadcrumb\",\"itemListElement\":[{\"@type\":\"ListItem\",\"position\":1,\"name\":\"Accueil\",\"item\":\"https:\/\/sol-air-tech.com\/\"},{\"@type\":\"ListItem\",\"position\":2,\"name\":\"Boutique\",\"item\":\"https:\/\/sol-air-tech.com\/en\/boutique\/\"},{\"@type\":\"ListItem\",\"position\":3,\"name\":\"Disjoncteur AC 40 Amp double\"}]},{\"@type\":\"WebSite\",\"@id\":\"https:\/\/sol-air-tech.com\/#website\",\"url\":\"https:\/\/sol-air-tech.com\/\",\"name\":\"SOL-AIR TECH\",\"description\":\"vente de mat\u00e9riel \u00e9lectrique\",\"publisher\":{\"@id\":\"https:\/\/sol-air-tech.com\/#organization\"},\"potentialAction\":[{\"@type\":\"SearchAction\",\"target\":{\"@type\":\"EntryPoint\",\"urlTemplate\":\"https:\/\/sol-air-tech.com\/?s={search_term_string}\"},\"query-input\":\"required name=search_term_string\"}],\"inLanguage\":\"en-CA\"},{\"@type\":\"Organization\",\"@id\":\"https:\/\/sol-air-tech.com\/#organization\",\"name\":\"SOL-AIR TECH\",\"url\":\"https:\/\/sol-air-tech.com\/\",\"logo\":{\"@type\":\"ImageObject\",\"inLanguage\":\"en-CA\",\"@id\":\"https:\/\/sol-air-tech.com\/#\/schema\/logo\/image\/\",\"url\":\"https:\/\/sol-air-tech.com\/wp-content\/uploads\/2023\/07\/lOGOFINAL_SOLAIR_TECH.png\",\"contentUrl\":\"https:\/\/sol-air-tech.com\/wp-content\/uploads\/2023\/07\/lOGOFINAL_SOLAIR_TECH.png\",\"width\":770,\"height\":306,\"caption\":\"SOL-AIR TECH\"},\"image\":{\"@id\":\"https:\/\/sol-air-tech.com\/#\/schema\/logo\/image\/\"}}]}<\/script>\n<!-- \/ Yoast SEO plugin. -->","yoast_head_json":{"title":"Disjoncteur AC 40 Amp double - SOL-AIR TECH","description":"Disjoncteur AC 40A 2 p\u00f4les 400VAC s\u00e9rie FE7-63. Les p\u00f4les ne sont ni positif ou n\u00e9gatif, peuvent \u00eatre renvers\u00e9s. S'installe sur une rail (DIN rail)","robots":{"index":"index","follow":"follow","max-snippet":"max-snippet:-1","max-image-preview":"max-image-preview:large","max-video-preview":"max-video-preview:-1"},"canonical":"https:\/\/sol-air-tech.com\/en\/product\/disjoncteur-40a-ac-sur-din-bare\/","og_locale":"en_US","og_type":"article","og_title":"Disjoncteur AC 40 Amp double - SOL-AIR TECH","og_description":"Disjoncteur AC 40A 2 p\u00f4les 400VAC s\u00e9rie FE7-63. Les p\u00f4les ne sont ni positif ou n\u00e9gatif, peuvent \u00eatre renvers\u00e9s. S'installe sur une rail (DIN rail)","og_url":"https:\/\/sol-air-tech.com\/en\/product\/disjoncteur-40a-ac-sur-din-bare\/","og_site_name":"SOL-AIR TECH","article_modified_time":"2025-04-06T15:27:17+00:00","og_image":[{"width":726,"height":638,"url":"https:\/\/sol-air-tech.com\/wp-content\/uploads\/2023\/08\/breaker-AC-e1693135036371.png","type":"image\/png"}],"twitter_card":"summary_large_image","twitter_misc":{"Est. reading time":"1 minute"},"schema":{"@context":"https:\/\/schema.org","@graph":[{"@type":"WebPage","@id":"https:\/\/sol-air-tech.com\/product\/disjoncteur-40a-ac-sur-din-bare\/","url":"https:\/\/sol-air-tech.com\/product\/disjoncteur-40a-ac-sur-din-bare\/","name":"Disjoncteur AC 40 Amp double - SOL-AIR TECH","isPartOf":{"@id":"https:\/\/sol-air-tech.com\/#website"},"datePublished":"2023-08-27T11:05:23+00:00","dateModified":"2025-04-06T15:27:17+00:00","description":"Disjoncteur AC 40A 2 p\u00f4les 400VAC s\u00e9rie FE7-63. Les p\u00f4les ne sont ni positif ou n\u00e9gatif, peuvent \u00eatre renvers\u00e9s. S'installe sur une rail (DIN rail)","breadcrumb":{"@id":"https:\/\/sol-air-tech.com\/product\/disjoncteur-40a-ac-sur-din-bare\/#breadcrumb"},"inLanguage":"en-CA","potentialAction":[{"@type":"ReadAction","target":["https:\/\/sol-air-tech.com\/product\/disjoncteur-40a-ac-sur-din-bare\/"]}]},{"@type":"BreadcrumbList","@id":"https:\/\/sol-air-tech.com\/product\/disjoncteur-40a-ac-sur-din-bare\/#breadcrumb","itemListElement":[{"@type":"ListItem","position":1,"name":"Accueil","item":"https:\/\/sol-air-tech.com\/"},{"@type":"ListItem","position":2,"name":"Boutique","item":"https:\/\/sol-air-tech.com\/en\/boutique\/"},{"@type":"ListItem","position":3,"name":"Disjoncteur AC 40 Amp double"}]},{"@type":"WebSite","@id":"https:\/\/sol-air-tech.com\/#website","url":"https:\/\/sol-air-tech.com\/","name":"SOL-AIR TECH","description":"vente de mat\u00e9riel \u00e9lectrique","publisher":{"@id":"https:\/\/sol-air-tech.com\/#organization"},"potentialAction":[{"@type":"SearchAction","target":{"@type":"EntryPoint","urlTemplate":"https:\/\/sol-air-tech.com\/?s={search_term_string}"},"query-input":"required name=search_term_string"}],"inLanguage":"en-CA"},{"@type":"Organization","@id":"https:\/\/sol-air-tech.com\/#organization","name":"SOL-AIR TECH","url":"https:\/\/sol-air-tech.com\/","logo":{"@type":"ImageObject","inLanguage":"en-CA","@id":"https:\/\/sol-air-tech.com\/#\/schema\/logo\/image\/","url":"https:\/\/sol-air-tech.com\/wp-content\/uploads\/2023\/07\/lOGOFINAL_SOLAIR_TECH.png","contentUrl":"https:\/\/sol-air-tech.com\/wp-content\/uploads\/2023\/07\/lOGOFINAL_SOLAIR_TECH.png","width":770,"height":306,"caption":"SOL-AIR TECH"},"image":{"@id":"https:\/\/sol-air-tech.com\/#\/schema\/logo\/image\/"}}]}},"_links":{"self":[{"href":"https:\/\/sol-air-tech.com\/en\/wp-json\/wp\/v2\/product\/3884","targetHints":{"allow":["GET"]}}],"collection":[{"href":"https:\/\/sol-air-tech.com\/en\/wp-json\/wp\/v2\/product"}],"about":[{"href":"https:\/\/sol-air-tech.com\/en\/wp-json\/wp\/v2\/types\/product"}],"replies":[{"embeddable":true,"href":"https:\/\/sol-air-tech.com\/en\/wp-json\/wp\/v2\/comments?post=3884"}],"wp:featuredmedia":[{"embeddable":true,"href":"https:\/\/sol-air-tech.com\/en\/wp-json\/wp\/v2\/media\/3881"}],"wp:attachment":[{"href":"https:\/\/sol-air-tech.com\/en\/wp-json\/wp\/v2\/media?parent=3884"}],"wp:term":[{"taxonomy":"product_brand","embeddable":true,"href":"https:\/\/sol-air-tech.com\/en\/wp-json\/wp\/v2\/product_brand?post=3884"},{"taxonomy":"product_cat","embeddable":true,"href":"https:\/\/sol-air-tech.com\/en\/wp-json\/wp\/v2\/product_cat?post=3884"},{"taxonomy":"product_tag","embeddable":true,"href":"https:\/\/sol-air-tech.com\/en\/wp-json\/wp\/v2\/product_tag?post=3884"}],"curies":[{"name":"wp","href":"https:\/\/api.w.org\/{rel}","templated":true}]}}