{"id":3851,"date":"2023-08-24T08:34:05","date_gmt":"2023-08-24T12:34:05","guid":{"rendered":"https:\/\/meteoquebec.ca\/?post_type=product&#038;p=3851"},"modified":"2026-04-05T10:19:30","modified_gmt":"2026-04-05T14:19:30","slug":"disjoncteur-dc-40-a-double","status":"publish","type":"product","link":"https:\/\/sol-air-tech.com\/en\/product\/disjoncteur-dc-40-a-double\/","title":{"rendered":"40 Amp double DC circuit breaker"},"content":{"rendered":"<p>63 series circuit breaker, 40A, 2 poles, 550VDC<\/p>\n<p>Also available in 50A\/63A<\/p>\n<p>Short circuit and overload protection<\/p>\n<p>Protection against electric arcs<\/p>\n<p>The poles are neither positive nor negative, can be reversed, easy connection<\/p>\n<p>Installs on a rail (DIN rail)<\/p>\n<p>Additional technical sheets on request<\/p>\n<p>Certification CB CE TUV RoHS IEC\/EN 60947-2<\/p>\n<p>&nbsp;<\/p>\n<p><strong>Manufacturer&#039;s technical notes:<\/strong><\/p>\n<p><img fetchpriority=\"high\" decoding=\"async\" class=\"alignnone wp-image-3841\" src=\"https:\/\/sol-air-tech.com\/wp-content\/uploads\/2023\/08\/dc-circuit-breaker-sl7n-63-3-300x155.jpg\" alt=\"\" width=\"908\" height=\"469\" srcset=\"https:\/\/sol-air-tech.com\/wp-content\/uploads\/2023\/08\/dc-circuit-breaker-sl7n-63-3-300x155.jpg 300w, https:\/\/sol-air-tech.com\/wp-content\/uploads\/2023\/08\/dc-circuit-breaker-sl7n-63-3-768x396.jpg 768w, https:\/\/sol-air-tech.com\/wp-content\/uploads\/2023\/08\/dc-circuit-breaker-sl7n-63-3-570x294.jpg 570w, https:\/\/sol-air-tech.com\/wp-content\/uploads\/2023\/08\/dc-circuit-breaker-sl7n-63-3.jpg 1200w\" sizes=\"(max-width: 908px) 100vw, 908px\" \/><\/p>\n<p>&nbsp;<\/p>\n<p><strong>Exemple de connection \u00e0 l&#8217;int\u00e9rieur d&#8217;une bo\u00eete de combinaison:<\/strong><\/p>\n<p><img decoding=\"async\" class=\"alignnone wp-image-3843\" src=\"https:\/\/sol-air-tech.com\/wp-content\/uploads\/2023\/08\/dc-circuit-breaker-sl7n-63-4-300x150.jpg\" alt=\"\" width=\"922\" height=\"461\" srcset=\"https:\/\/sol-air-tech.com\/wp-content\/uploads\/2023\/08\/dc-circuit-breaker-sl7n-63-4-300x150.jpg 300w, https:\/\/sol-air-tech.com\/wp-content\/uploads\/2023\/08\/dc-circuit-breaker-sl7n-63-4-1024x512.jpg 1024w, https:\/\/sol-air-tech.com\/wp-content\/uploads\/2023\/08\/dc-circuit-breaker-sl7n-63-4-768x384.jpg 768w, https:\/\/sol-air-tech.com\/wp-content\/uploads\/2023\/08\/dc-circuit-breaker-sl7n-63-4-960x480.jpg 960w, https:\/\/sol-air-tech.com\/wp-content\/uploads\/2023\/08\/dc-circuit-breaker-sl7n-63-4-570x285.jpg 570w, https:\/\/sol-air-tech.com\/wp-content\/uploads\/2023\/08\/dc-circuit-breaker-sl7n-63-4.jpg 1200w\" sizes=\"(max-width: 922px) 100vw, 922px\" \/><\/p>\n<p>&nbsp;<\/p>","protected":false},"excerpt":{"rendered":"<ul>\n<li><strong>63 series circuit breaker, 40A, 2 poles, 550VDC<\/strong><\/li>\n<li><strong>Also available in <\/strong><strong>50A\/63A<\/strong><\/li>\n<li><strong>Certification CB CE TUV RoHS IEC\/EN 60947-2<\/strong><\/li>\n<\/ul>","protected":false},"featured_media":3835,"menu_order":0,"comment_status":"open","ping_status":"closed","template":"","meta":{"content-type":""},"product_brand":[],"product_cat":[159],"product_tag":[],"class_list":{"0":"post-3851","1":"product","2":"type-product","3":"status-publish","4":"has-post-thumbnail","6":"product_cat-disjoncteurs-dc-isolateurs","8":"first","9":"instock","10":"taxable","11":"shipping-taxable","12":"purchasable","13":"product-type-simple"},"yoast_head":"<!-- This site is optimized with the Yoast SEO plugin v21.5 - https:\/\/yoast.com\/wordpress\/plugins\/seo\/ -->\n<title>Disjoncteur DC 40 Amp double - SOL-AIR TECH<\/title>\n<meta name=\"description\" content=\"Disjoncteur DC 40A 2 p\u00f4les 550VDC s\u00e9rie FPV- 63. Les p\u00f4les ne sont ni positif ou n\u00e9gatif, peuvent \u00eatre renvers\u00e9s. S&#039;installe sur une rail (DIN rail)\" \/>\n<meta name=\"robots\" content=\"index, follow, max-snippet:-1, max-image-preview:large, max-video-preview:-1\" \/>\n<link rel=\"canonical\" href=\"https:\/\/sol-air-tech.com\/en\/product\/disjoncteur-dc-40-a-double\/\" \/>\n<meta property=\"og:locale\" content=\"en_US\" \/>\n<meta property=\"og:type\" content=\"article\" \/>\n<meta property=\"og:title\" content=\"Disjoncteur DC 40 Amp double - SOL-AIR TECH\" \/>\n<meta property=\"og:description\" content=\"Disjoncteur DC 40A 2 p\u00f4les 550VDC s\u00e9rie FPV- 63. Les p\u00f4les ne sont ni positif ou n\u00e9gatif, peuvent \u00eatre renvers\u00e9s. S&#039;installe sur une rail (DIN rail)\" \/>\n<meta property=\"og:url\" content=\"https:\/\/sol-air-tech.com\/en\/product\/disjoncteur-dc-40-a-double\/\" \/>\n<meta property=\"og:site_name\" content=\"SOL-AIR TECH\" \/>\n<meta property=\"article:modified_time\" content=\"2026-04-05T14:19:30+00:00\" \/>\n<meta property=\"og:image\" content=\"https:\/\/sol-air-tech.com\/wp-content\/uploads\/2023\/08\/solar-2p-dc-mcbe75b36f4-b1f9-47e2-b9db-226029b0315a.webp\" \/>\n\t<meta property=\"og:image:width\" content=\"400\" \/>\n\t<meta property=\"og:image:height\" content=\"400\" \/>\n\t<meta property=\"og:image:type\" content=\"image\/webp\" \/>\n<meta name=\"twitter:card\" content=\"summary_large_image\" \/>\n<meta name=\"twitter:label1\" content=\"Est. reading time\" \/>\n\t<meta name=\"twitter:data1\" content=\"1 minute\" \/>\n<script type=\"application\/ld+json\" class=\"yoast-schema-graph\">{\"@context\":\"https:\/\/schema.org\",\"@graph\":[{\"@type\":\"WebPage\",\"@id\":\"https:\/\/sol-air-tech.com\/product\/disjoncteur-dc-40-a-double\/\",\"url\":\"https:\/\/sol-air-tech.com\/product\/disjoncteur-dc-40-a-double\/\",\"name\":\"Disjoncteur DC 40 Amp double - SOL-AIR TECH\",\"isPartOf\":{\"@id\":\"https:\/\/sol-air-tech.com\/#website\"},\"datePublished\":\"2023-08-24T12:34:05+00:00\",\"dateModified\":\"2026-04-05T14:19:30+00:00\",\"description\":\"Disjoncteur DC 40A 2 p\u00f4les 550VDC s\u00e9rie FPV- 63. Les p\u00f4les ne sont ni positif ou n\u00e9gatif, peuvent \u00eatre renvers\u00e9s. S'installe sur une rail (DIN rail)\",\"breadcrumb\":{\"@id\":\"https:\/\/sol-air-tech.com\/product\/disjoncteur-dc-40-a-double\/#breadcrumb\"},\"inLanguage\":\"en-CA\",\"potentialAction\":[{\"@type\":\"ReadAction\",\"target\":[\"https:\/\/sol-air-tech.com\/product\/disjoncteur-dc-40-a-double\/\"]}]},{\"@type\":\"BreadcrumbList\",\"@id\":\"https:\/\/sol-air-tech.com\/product\/disjoncteur-dc-40-a-double\/#breadcrumb\",\"itemListElement\":[{\"@type\":\"ListItem\",\"position\":1,\"name\":\"Accueil\",\"item\":\"https:\/\/sol-air-tech.com\/\"},{\"@type\":\"ListItem\",\"position\":2,\"name\":\"Boutique\",\"item\":\"https:\/\/sol-air-tech.com\/en\/boutique\/\"},{\"@type\":\"ListItem\",\"position\":3,\"name\":\"Disjoncteur DC 40 Amp double\"}]},{\"@type\":\"WebSite\",\"@id\":\"https:\/\/sol-air-tech.com\/#website\",\"url\":\"https:\/\/sol-air-tech.com\/\",\"name\":\"SOL-AIR TECH\",\"description\":\"vente de mat\u00e9riel \u00e9lectrique\",\"publisher\":{\"@id\":\"https:\/\/sol-air-tech.com\/#organization\"},\"potentialAction\":[{\"@type\":\"SearchAction\",\"target\":{\"@type\":\"EntryPoint\",\"urlTemplate\":\"https:\/\/sol-air-tech.com\/?s={search_term_string}\"},\"query-input\":\"required name=search_term_string\"}],\"inLanguage\":\"en-CA\"},{\"@type\":\"Organization\",\"@id\":\"https:\/\/sol-air-tech.com\/#organization\",\"name\":\"SOL-AIR TECH\",\"url\":\"https:\/\/sol-air-tech.com\/\",\"logo\":{\"@type\":\"ImageObject\",\"inLanguage\":\"en-CA\",\"@id\":\"https:\/\/sol-air-tech.com\/#\/schema\/logo\/image\/\",\"url\":\"https:\/\/sol-air-tech.com\/wp-content\/uploads\/2023\/07\/lOGOFINAL_SOLAIR_TECH.png\",\"contentUrl\":\"https:\/\/sol-air-tech.com\/wp-content\/uploads\/2023\/07\/lOGOFINAL_SOLAIR_TECH.png\",\"width\":770,\"height\":306,\"caption\":\"SOL-AIR TECH\"},\"image\":{\"@id\":\"https:\/\/sol-air-tech.com\/#\/schema\/logo\/image\/\"}}]}<\/script>\n<!-- \/ Yoast SEO plugin. -->","yoast_head_json":{"title":"Disjoncteur DC 40 Amp double - SOL-AIR TECH","description":"Disjoncteur DC 40A 2 p\u00f4les 550VDC s\u00e9rie FPV- 63. Les p\u00f4les ne sont ni positif ou n\u00e9gatif, peuvent \u00eatre renvers\u00e9s. S'installe sur une rail (DIN rail)","robots":{"index":"index","follow":"follow","max-snippet":"max-snippet:-1","max-image-preview":"max-image-preview:large","max-video-preview":"max-video-preview:-1"},"canonical":"https:\/\/sol-air-tech.com\/en\/product\/disjoncteur-dc-40-a-double\/","og_locale":"en_US","og_type":"article","og_title":"Disjoncteur DC 40 Amp double - SOL-AIR TECH","og_description":"Disjoncteur DC 40A 2 p\u00f4les 550VDC s\u00e9rie FPV- 63. Les p\u00f4les ne sont ni positif ou n\u00e9gatif, peuvent \u00eatre renvers\u00e9s. S'installe sur une rail (DIN rail)","og_url":"https:\/\/sol-air-tech.com\/en\/product\/disjoncteur-dc-40-a-double\/","og_site_name":"SOL-AIR TECH","article_modified_time":"2026-04-05T14:19:30+00:00","og_image":[{"width":400,"height":400,"url":"https:\/\/sol-air-tech.com\/wp-content\/uploads\/2023\/08\/solar-2p-dc-mcbe75b36f4-b1f9-47e2-b9db-226029b0315a.webp","type":"image\/webp"}],"twitter_card":"summary_large_image","twitter_misc":{"Est. reading time":"1 minute"},"schema":{"@context":"https:\/\/schema.org","@graph":[{"@type":"WebPage","@id":"https:\/\/sol-air-tech.com\/product\/disjoncteur-dc-40-a-double\/","url":"https:\/\/sol-air-tech.com\/product\/disjoncteur-dc-40-a-double\/","name":"Disjoncteur DC 40 Amp double - SOL-AIR TECH","isPartOf":{"@id":"https:\/\/sol-air-tech.com\/#website"},"datePublished":"2023-08-24T12:34:05+00:00","dateModified":"2026-04-05T14:19:30+00:00","description":"Disjoncteur DC 40A 2 p\u00f4les 550VDC s\u00e9rie FPV- 63. Les p\u00f4les ne sont ni positif ou n\u00e9gatif, peuvent \u00eatre renvers\u00e9s. S'installe sur une rail (DIN rail)","breadcrumb":{"@id":"https:\/\/sol-air-tech.com\/product\/disjoncteur-dc-40-a-double\/#breadcrumb"},"inLanguage":"en-CA","potentialAction":[{"@type":"ReadAction","target":["https:\/\/sol-air-tech.com\/product\/disjoncteur-dc-40-a-double\/"]}]},{"@type":"BreadcrumbList","@id":"https:\/\/sol-air-tech.com\/product\/disjoncteur-dc-40-a-double\/#breadcrumb","itemListElement":[{"@type":"ListItem","position":1,"name":"Accueil","item":"https:\/\/sol-air-tech.com\/"},{"@type":"ListItem","position":2,"name":"Boutique","item":"https:\/\/sol-air-tech.com\/en\/boutique\/"},{"@type":"ListItem","position":3,"name":"Disjoncteur DC 40 Amp double"}]},{"@type":"WebSite","@id":"https:\/\/sol-air-tech.com\/#website","url":"https:\/\/sol-air-tech.com\/","name":"SOL-AIR TECH","description":"vente de mat\u00e9riel \u00e9lectrique","publisher":{"@id":"https:\/\/sol-air-tech.com\/#organization"},"potentialAction":[{"@type":"SearchAction","target":{"@type":"EntryPoint","urlTemplate":"https:\/\/sol-air-tech.com\/?s={search_term_string}"},"query-input":"required name=search_term_string"}],"inLanguage":"en-CA"},{"@type":"Organization","@id":"https:\/\/sol-air-tech.com\/#organization","name":"SOL-AIR TECH","url":"https:\/\/sol-air-tech.com\/","logo":{"@type":"ImageObject","inLanguage":"en-CA","@id":"https:\/\/sol-air-tech.com\/#\/schema\/logo\/image\/","url":"https:\/\/sol-air-tech.com\/wp-content\/uploads\/2023\/07\/lOGOFINAL_SOLAIR_TECH.png","contentUrl":"https:\/\/sol-air-tech.com\/wp-content\/uploads\/2023\/07\/lOGOFINAL_SOLAIR_TECH.png","width":770,"height":306,"caption":"SOL-AIR TECH"},"image":{"@id":"https:\/\/sol-air-tech.com\/#\/schema\/logo\/image\/"}}]}},"_links":{"self":[{"href":"https:\/\/sol-air-tech.com\/en\/wp-json\/wp\/v2\/product\/3851","targetHints":{"allow":["GET"]}}],"collection":[{"href":"https:\/\/sol-air-tech.com\/en\/wp-json\/wp\/v2\/product"}],"about":[{"href":"https:\/\/sol-air-tech.com\/en\/wp-json\/wp\/v2\/types\/product"}],"replies":[{"embeddable":true,"href":"https:\/\/sol-air-tech.com\/en\/wp-json\/wp\/v2\/comments?post=3851"}],"wp:featuredmedia":[{"embeddable":true,"href":"https:\/\/sol-air-tech.com\/en\/wp-json\/wp\/v2\/media\/3835"}],"wp:attachment":[{"href":"https:\/\/sol-air-tech.com\/en\/wp-json\/wp\/v2\/media?parent=3851"}],"wp:term":[{"taxonomy":"product_brand","embeddable":true,"href":"https:\/\/sol-air-tech.com\/en\/wp-json\/wp\/v2\/product_brand?post=3851"},{"taxonomy":"product_cat","embeddable":true,"href":"https:\/\/sol-air-tech.com\/en\/wp-json\/wp\/v2\/product_cat?post=3851"},{"taxonomy":"product_tag","embeddable":true,"href":"https:\/\/sol-air-tech.com\/en\/wp-json\/wp\/v2\/product_tag?post=3851"}],"curies":[{"name":"wp","href":"https:\/\/api.w.org\/{rel}","templated":true}]}}