{"id":3710,"date":"2023-08-11T21:10:18","date_gmt":"2023-08-12T01:10:18","guid":{"rendered":"https:\/\/meteoquebec.ca\/?post_type=product&#038;p=3710"},"modified":"2025-04-06T14:47:37","modified_gmt":"2025-04-06T18:47:37","slug":"ml2430-40","status":"publish","type":"product","link":"https:\/\/sol-air-tech.com\/en\/product\/ml2430-40\/","title":{"rendered":"MPPT Charge Controller 30 Amp ML2430"},"content":{"rendered":"<p>Model ML2430<\/p>\n<p>Voltage 12V \/ 24V Auto<\/p>\n<p>Charging current 30A<\/p>\n<p>Load current (light etc.) 20A<\/p>\n<p>Maximum PV Voltage: 100V at 25C, 90V at -25C<\/p>\n<p>Maximum PV Power: 400W\/12V; 800W\/24V<\/p>\n<p>Conversion efficiency \u00b198%<\/p>\n<p>MPPT tracer efficiency \u00b1 99%<\/p>\n<p>Temp\u00e9rature d&#8217;op\u00e9ration -35 Celsius \u00e0 +45 Celsius<\/p>\n<p>Degree of protection IP32<\/p>\n<p>RS232 communication method<\/p>\n<p>Dimensions 238x173x72.5mm<\/p>\n<p>Weight 2Kg<\/p>\n<p>Certification: CE ROSH ISO<\/p>\n<p><strong>Manufacturer&#039;s Technical Documents in English:<\/strong><\/p>\n<p><a href=\"\/wp-content\/Manuels_documentation\/SR-ML24203040 & ML2420-RS485_User Manual_V1.06.pdf\">Technical document #1<\/a><\/p>\n<p><a href=\"\/wp-content\/Manuels_documentation\/SRNE ML2420-30-40 Datasheet.pdf\">Technical document #2<\/a><\/p>","protected":false},"excerpt":{"rendered":"<ul>\n<li>Contr\u00f4leur de charge MPPT 30 Amp Model ML2430<\/li>\n<li>Voltage 12V \/ 24V Auto<\/li>\n<li>Charging current 30A<\/li>\n<li>Load current (light etc.) 20A<\/li>\n<li>Maximum PV Voltage: 100V at 25C, 90V at -25C<\/li>\n<li>Maximum PV Power: 400W\/12V; 800W\/24V<\/li>\n<\/ul>","protected":false},"featured_media":3711,"menu_order":0,"comment_status":"open","ping_status":"closed","template":"","meta":{"content-type":""},"product_brand":[],"product_cat":[152],"product_tag":[],"class_list":{"0":"post-3710","1":"product","2":"type-product","3":"status-publish","4":"has-post-thumbnail","6":"product_cat-controleurs-de-charge","7":"product_shipping_class-petit-produit","9":"first","10":"instock","11":"taxable","12":"shipping-taxable","13":"purchasable","14":"product-type-simple"},"yoast_head":"<!-- This site is optimized with the Yoast SEO plugin v21.5 - https:\/\/yoast.com\/wordpress\/plugins\/seo\/ -->\n<title>Contr\u00f4leur de charge MPPT 30 Amp ML2430 - SOL-AIR TECH<\/title>\n<meta name=\"description\" content=\"Contr\u00f4leur de charge MPPT 30 Amp Model ML2430. Voltage 12V \/ 24V Auto. Puissance Maximum PV: 400W\/12V; 800W\/24V. Courant de la charge (lumi\u00e8re etc.) 20A\" \/>\n<meta name=\"robots\" content=\"index, follow, max-snippet:-1, max-image-preview:large, max-video-preview:-1\" \/>\n<link rel=\"canonical\" href=\"https:\/\/sol-air-tech.com\/en\/product\/ml2430-40\/\" \/>\n<meta property=\"og:locale\" content=\"en_US\" \/>\n<meta property=\"og:type\" content=\"article\" \/>\n<meta property=\"og:title\" content=\"Contr\u00f4leur de charge MPPT 30 Amp ML2430 - SOL-AIR TECH\" \/>\n<meta property=\"og:description\" content=\"Contr\u00f4leur de charge MPPT 30 Amp Model ML2430. Voltage 12V \/ 24V Auto. Puissance Maximum PV: 400W\/12V; 800W\/24V. Courant de la charge (lumi\u00e8re etc.) 20A\" \/>\n<meta property=\"og:url\" content=\"https:\/\/sol-air-tech.com\/en\/product\/ml2430-40\/\" \/>\n<meta property=\"og:site_name\" content=\"SOL-AIR TECH\" \/>\n<meta property=\"article:modified_time\" content=\"2025-04-06T18:47:37+00:00\" \/>\n<meta property=\"og:image\" content=\"https:\/\/sol-air-tech.com\/wp-content\/uploads\/2023\/08\/ML2430-40-1-scaled.jpg\" \/>\n\t<meta property=\"og:image:width\" content=\"1709\" \/>\n\t<meta property=\"og:image:height\" content=\"2560\" \/>\n\t<meta property=\"og:image:type\" content=\"image\/jpeg\" \/>\n<meta name=\"twitter:card\" content=\"summary_large_image\" \/>\n<meta name=\"twitter:label1\" content=\"Est. reading time\" \/>\n\t<meta name=\"twitter:data1\" content=\"1 minute\" \/>\n<script type=\"application\/ld+json\" class=\"yoast-schema-graph\">{\"@context\":\"https:\/\/schema.org\",\"@graph\":[{\"@type\":\"WebPage\",\"@id\":\"https:\/\/sol-air-tech.com\/product\/ml2430-40\/\",\"url\":\"https:\/\/sol-air-tech.com\/product\/ml2430-40\/\",\"name\":\"Contr\u00f4leur de charge MPPT 30 Amp ML2430 - SOL-AIR TECH\",\"isPartOf\":{\"@id\":\"https:\/\/sol-air-tech.com\/#website\"},\"datePublished\":\"2023-08-12T01:10:18+00:00\",\"dateModified\":\"2025-04-06T18:47:37+00:00\",\"description\":\"Contr\u00f4leur de charge MPPT 30 Amp Model ML2430. Voltage 12V \/ 24V Auto. Puissance Maximum PV: 400W\/12V; 800W\/24V. Courant de la charge (lumi\u00e8re etc.) 20A\",\"breadcrumb\":{\"@id\":\"https:\/\/sol-air-tech.com\/product\/ml2430-40\/#breadcrumb\"},\"inLanguage\":\"en-CA\",\"potentialAction\":[{\"@type\":\"ReadAction\",\"target\":[\"https:\/\/sol-air-tech.com\/product\/ml2430-40\/\"]}]},{\"@type\":\"BreadcrumbList\",\"@id\":\"https:\/\/sol-air-tech.com\/product\/ml2430-40\/#breadcrumb\",\"itemListElement\":[{\"@type\":\"ListItem\",\"position\":1,\"name\":\"Accueil\",\"item\":\"https:\/\/sol-air-tech.com\/\"},{\"@type\":\"ListItem\",\"position\":2,\"name\":\"Boutique\",\"item\":\"https:\/\/sol-air-tech.com\/en\/boutique\/\"},{\"@type\":\"ListItem\",\"position\":3,\"name\":\"Contr\u00f4leur de charge MPPT 30 Amp ML2430\"}]},{\"@type\":\"WebSite\",\"@id\":\"https:\/\/sol-air-tech.com\/#website\",\"url\":\"https:\/\/sol-air-tech.com\/\",\"name\":\"SOL-AIR TECH\",\"description\":\"vente de mat\u00e9riel \u00e9lectrique\",\"publisher\":{\"@id\":\"https:\/\/sol-air-tech.com\/#organization\"},\"potentialAction\":[{\"@type\":\"SearchAction\",\"target\":{\"@type\":\"EntryPoint\",\"urlTemplate\":\"https:\/\/sol-air-tech.com\/?s={search_term_string}\"},\"query-input\":\"required name=search_term_string\"}],\"inLanguage\":\"en-CA\"},{\"@type\":\"Organization\",\"@id\":\"https:\/\/sol-air-tech.com\/#organization\",\"name\":\"SOL-AIR TECH\",\"url\":\"https:\/\/sol-air-tech.com\/\",\"logo\":{\"@type\":\"ImageObject\",\"inLanguage\":\"en-CA\",\"@id\":\"https:\/\/sol-air-tech.com\/#\/schema\/logo\/image\/\",\"url\":\"https:\/\/sol-air-tech.com\/wp-content\/uploads\/2023\/07\/lOGOFINAL_SOLAIR_TECH.png\",\"contentUrl\":\"https:\/\/sol-air-tech.com\/wp-content\/uploads\/2023\/07\/lOGOFINAL_SOLAIR_TECH.png\",\"width\":770,\"height\":306,\"caption\":\"SOL-AIR TECH\"},\"image\":{\"@id\":\"https:\/\/sol-air-tech.com\/#\/schema\/logo\/image\/\"}}]}<\/script>\n<!-- \/ Yoast SEO plugin. -->","yoast_head_json":{"title":"Contr\u00f4leur de charge MPPT 30 Amp ML2430 - SOL-AIR TECH","description":"Contr\u00f4leur de charge MPPT 30 Amp Model ML2430. Voltage 12V \/ 24V Auto. Puissance Maximum PV: 400W\/12V; 800W\/24V. Courant de la charge (lumi\u00e8re etc.) 20A","robots":{"index":"index","follow":"follow","max-snippet":"max-snippet:-1","max-image-preview":"max-image-preview:large","max-video-preview":"max-video-preview:-1"},"canonical":"https:\/\/sol-air-tech.com\/en\/product\/ml2430-40\/","og_locale":"en_US","og_type":"article","og_title":"Contr\u00f4leur de charge MPPT 30 Amp ML2430 - SOL-AIR TECH","og_description":"Contr\u00f4leur de charge MPPT 30 Amp Model ML2430. Voltage 12V \/ 24V Auto. Puissance Maximum PV: 400W\/12V; 800W\/24V. Courant de la charge (lumi\u00e8re etc.) 20A","og_url":"https:\/\/sol-air-tech.com\/en\/product\/ml2430-40\/","og_site_name":"SOL-AIR TECH","article_modified_time":"2025-04-06T18:47:37+00:00","og_image":[{"width":1709,"height":2560,"url":"https:\/\/sol-air-tech.com\/wp-content\/uploads\/2023\/08\/ML2430-40-1-scaled.jpg","type":"image\/jpeg"}],"twitter_card":"summary_large_image","twitter_misc":{"Est. reading time":"1 minute"},"schema":{"@context":"https:\/\/schema.org","@graph":[{"@type":"WebPage","@id":"https:\/\/sol-air-tech.com\/product\/ml2430-40\/","url":"https:\/\/sol-air-tech.com\/product\/ml2430-40\/","name":"Contr\u00f4leur de charge MPPT 30 Amp ML2430 - SOL-AIR TECH","isPartOf":{"@id":"https:\/\/sol-air-tech.com\/#website"},"datePublished":"2023-08-12T01:10:18+00:00","dateModified":"2025-04-06T18:47:37+00:00","description":"Contr\u00f4leur de charge MPPT 30 Amp Model ML2430. Voltage 12V \/ 24V Auto. Puissance Maximum PV: 400W\/12V; 800W\/24V. Courant de la charge (lumi\u00e8re etc.) 20A","breadcrumb":{"@id":"https:\/\/sol-air-tech.com\/product\/ml2430-40\/#breadcrumb"},"inLanguage":"en-CA","potentialAction":[{"@type":"ReadAction","target":["https:\/\/sol-air-tech.com\/product\/ml2430-40\/"]}]},{"@type":"BreadcrumbList","@id":"https:\/\/sol-air-tech.com\/product\/ml2430-40\/#breadcrumb","itemListElement":[{"@type":"ListItem","position":1,"name":"Accueil","item":"https:\/\/sol-air-tech.com\/"},{"@type":"ListItem","position":2,"name":"Boutique","item":"https:\/\/sol-air-tech.com\/en\/boutique\/"},{"@type":"ListItem","position":3,"name":"Contr\u00f4leur de charge MPPT 30 Amp ML2430"}]},{"@type":"WebSite","@id":"https:\/\/sol-air-tech.com\/#website","url":"https:\/\/sol-air-tech.com\/","name":"SOL-AIR TECH","description":"vente de mat\u00e9riel \u00e9lectrique","publisher":{"@id":"https:\/\/sol-air-tech.com\/#organization"},"potentialAction":[{"@type":"SearchAction","target":{"@type":"EntryPoint","urlTemplate":"https:\/\/sol-air-tech.com\/?s={search_term_string}"},"query-input":"required name=search_term_string"}],"inLanguage":"en-CA"},{"@type":"Organization","@id":"https:\/\/sol-air-tech.com\/#organization","name":"SOL-AIR TECH","url":"https:\/\/sol-air-tech.com\/","logo":{"@type":"ImageObject","inLanguage":"en-CA","@id":"https:\/\/sol-air-tech.com\/#\/schema\/logo\/image\/","url":"https:\/\/sol-air-tech.com\/wp-content\/uploads\/2023\/07\/lOGOFINAL_SOLAIR_TECH.png","contentUrl":"https:\/\/sol-air-tech.com\/wp-content\/uploads\/2023\/07\/lOGOFINAL_SOLAIR_TECH.png","width":770,"height":306,"caption":"SOL-AIR TECH"},"image":{"@id":"https:\/\/sol-air-tech.com\/#\/schema\/logo\/image\/"}}]}},"_links":{"self":[{"href":"https:\/\/sol-air-tech.com\/en\/wp-json\/wp\/v2\/product\/3710","targetHints":{"allow":["GET"]}}],"collection":[{"href":"https:\/\/sol-air-tech.com\/en\/wp-json\/wp\/v2\/product"}],"about":[{"href":"https:\/\/sol-air-tech.com\/en\/wp-json\/wp\/v2\/types\/product"}],"replies":[{"embeddable":true,"href":"https:\/\/sol-air-tech.com\/en\/wp-json\/wp\/v2\/comments?post=3710"}],"wp:featuredmedia":[{"embeddable":true,"href":"https:\/\/sol-air-tech.com\/en\/wp-json\/wp\/v2\/media\/3711"}],"wp:attachment":[{"href":"https:\/\/sol-air-tech.com\/en\/wp-json\/wp\/v2\/media?parent=3710"}],"wp:term":[{"taxonomy":"product_brand","embeddable":true,"href":"https:\/\/sol-air-tech.com\/en\/wp-json\/wp\/v2\/product_brand?post=3710"},{"taxonomy":"product_cat","embeddable":true,"href":"https:\/\/sol-air-tech.com\/en\/wp-json\/wp\/v2\/product_cat?post=3710"},{"taxonomy":"product_tag","embeddable":true,"href":"https:\/\/sol-air-tech.com\/en\/wp-json\/wp\/v2\/product_tag?post=3710"}],"curies":[{"name":"wp","href":"https:\/\/api.w.org\/{rel}","templated":true}]}}