{"id":3688,"date":"2023-08-11T21:02:48","date_gmt":"2023-08-12T01:02:48","guid":{"rendered":"https:\/\/meteoquebec.ca\/?post_type=product&#038;p=3688"},"modified":"2025-04-07T11:00:46","modified_gmt":"2025-04-07T15:00:46","slug":"ma2460n15","status":"publish","type":"product","link":"https:\/\/sol-air-tech.com\/en\/product\/ma2460n15\/","title":{"rendered":"MPPT charge controller 60A 12V\/24V MA2460N15"},"content":{"rendered":"<p>Model MA2460N15<\/p>\n<p>System Voltage: 12V\/24V auto<\/p>\n<p>Maximum Voltage Voc: 150V<\/p>\n<p>Maximum charging current: 60A<\/p>\n<p>Maximum load current (light etc.) 40A<\/p>\n<p>Maximum current from 53A PVs<\/p>\n<p>Solar Power: 880W\/12V; 1600W\/24<\/p>\n<p>Effectiveness of MPPT 99%<\/p>\n<p>Parallel connection 1-16 (Master and slave)<\/p>\n<p>Communications Port: TTL, RS485 (parallel)<\/p>\n<p>Compensation port for battery voltage<\/p>\n<p>Peut conserver l&#8217;historique jusqu&#8217;\u00e0 300 jours<\/p>\n<p>Protection: PV overvoltage, PV reverse connection, PV short circuit, Return of current during the night, etc.<\/p>\n<p>Temp\u00e9rature d&#8217;op\u00e9ration: -35C \u00e0 65C<\/p>\n<p>Protection against the elements IP32<\/p>\n<p>Natural cooling (aluminum fins)<\/p>\n<p>CE ROSH certification<\/p>\n<p>Dimensions: 260x216x98.5mm<\/p>\n<p>Weight 3.4Kg<\/p>\n<p>Supports all battery types, including lithium<\/p>\n<p><strong>Documents Techniques et Manuel d&#8217;Instruction du Manufacturier en anglais:<\/strong><\/p>\n<p><a href=\"\/wp-content\/Manuels_documentation\/MA series_MPPT Solar Charging Controller.pdf\">Technical document #1<\/a><\/p>\n<p><a href=\"\/wp-content\/Manuels_documentation\/MPPT Solar Charge Controller.pdf\">Technical document #2<\/a><\/p>\n<p><a href=\"\/wp-content\/Manuels_documentation\/SRNE_techsupport_Comparison between ML series & MA series_1.0.pdf\">Technical document #3<\/a><\/p>","protected":false},"excerpt":{"rendered":"<ul>\n<li>MPPT Charge Controller 60 Amp Model MA2460N15<\/li>\n<li>System Voltage: 12V\/24V auto<\/li>\n<li>Maximum Voltage Voc: 150V<\/li>\n<li>Maximum charging current: 60A<\/li>\n<li>Solar Power: 880W\/12V; 1600W\/24<\/li>\n<li>Supports all battery types, including lithium<\/li>\n<\/ul>","protected":false},"featured_media":3689,"menu_order":0,"comment_status":"open","ping_status":"closed","template":"","meta":{"content-type":""},"product_brand":[],"product_cat":[152],"product_tag":[],"class_list":{"0":"post-3688","1":"product","2":"type-product","3":"status-publish","4":"has-post-thumbnail","6":"product_cat-controleurs-de-charge","7":"product_shipping_class-petit-produit","9":"first","10":"instock","11":"taxable","12":"shipping-taxable","13":"purchasable","14":"product-type-simple"},"yoast_head":"<!-- This site is optimized with the Yoast SEO plugin v21.5 - https:\/\/yoast.com\/wordpress\/plugins\/seo\/ -->\n<title>Contr\u00f4leur de charge MPPT 60A 12V\/24V MA2460N15 - SOL-AIR TECH<\/title>\n<meta name=\"description\" content=\"Contr\u00f4leur de charge MPPT 60 Amp Mod\u00e8le MA2460N15. Voltage\u00a0 du Syst\u00e8me: 12V\/24V auto. Maximum Voltage Voc: 150V. Courant de charge maximum: 60A.\" \/>\n<meta name=\"robots\" content=\"index, follow, max-snippet:-1, max-image-preview:large, max-video-preview:-1\" \/>\n<link rel=\"canonical\" href=\"https:\/\/sol-air-tech.com\/en\/product\/ma2460n15\/\" \/>\n<meta property=\"og:locale\" content=\"en_US\" \/>\n<meta property=\"og:type\" content=\"article\" \/>\n<meta property=\"og:title\" content=\"Contr\u00f4leur de charge MPPT 60A 12V\/24V MA2460N15 - SOL-AIR TECH\" \/>\n<meta property=\"og:description\" content=\"Contr\u00f4leur de charge MPPT 60 Amp Mod\u00e8le MA2460N15. Voltage\u00a0 du Syst\u00e8me: 12V\/24V auto. Maximum Voltage Voc: 150V. Courant de charge maximum: 60A.\" \/>\n<meta property=\"og:url\" content=\"https:\/\/sol-air-tech.com\/en\/product\/ma2460n15\/\" \/>\n<meta property=\"og:site_name\" content=\"SOL-AIR TECH\" \/>\n<meta property=\"article:modified_time\" content=\"2025-04-07T15:00:46+00:00\" \/>\n<meta property=\"og:image\" content=\"https:\/\/sol-air-tech.com\/wp-content\/uploads\/2023\/08\/MA2460N15.1-1024x711.png\" \/>\n\t<meta property=\"og:image:width\" content=\"1024\" \/>\n\t<meta property=\"og:image:height\" content=\"711\" \/>\n\t<meta property=\"og:image:type\" content=\"image\/png\" \/>\n<meta name=\"twitter:card\" content=\"summary_large_image\" \/>\n<meta name=\"twitter:label1\" content=\"Est. reading time\" \/>\n\t<meta name=\"twitter:data1\" content=\"1 minute\" \/>\n<script type=\"application\/ld+json\" class=\"yoast-schema-graph\">{\"@context\":\"https:\/\/schema.org\",\"@graph\":[{\"@type\":\"WebPage\",\"@id\":\"https:\/\/sol-air-tech.com\/product\/ma2460n15\/\",\"url\":\"https:\/\/sol-air-tech.com\/product\/ma2460n15\/\",\"name\":\"Contr\u00f4leur de charge MPPT 60A 12V\/24V MA2460N15 - SOL-AIR TECH\",\"isPartOf\":{\"@id\":\"https:\/\/sol-air-tech.com\/#website\"},\"datePublished\":\"2023-08-12T01:02:48+00:00\",\"dateModified\":\"2025-04-07T15:00:46+00:00\",\"description\":\"Contr\u00f4leur de charge MPPT 60 Amp Mod\u00e8le MA2460N15. Voltage\u00a0 du Syst\u00e8me: 12V\/24V auto. Maximum Voltage Voc: 150V. Courant de charge maximum: 60A.\",\"breadcrumb\":{\"@id\":\"https:\/\/sol-air-tech.com\/product\/ma2460n15\/#breadcrumb\"},\"inLanguage\":\"en-CA\",\"potentialAction\":[{\"@type\":\"ReadAction\",\"target\":[\"https:\/\/sol-air-tech.com\/product\/ma2460n15\/\"]}]},{\"@type\":\"BreadcrumbList\",\"@id\":\"https:\/\/sol-air-tech.com\/product\/ma2460n15\/#breadcrumb\",\"itemListElement\":[{\"@type\":\"ListItem\",\"position\":1,\"name\":\"Accueil\",\"item\":\"https:\/\/sol-air-tech.com\/\"},{\"@type\":\"ListItem\",\"position\":2,\"name\":\"Boutique\",\"item\":\"https:\/\/sol-air-tech.com\/en\/boutique\/\"},{\"@type\":\"ListItem\",\"position\":3,\"name\":\"Contr\u00f4leur de charge MPPT 60A 12V\/24V MA2460N15\"}]},{\"@type\":\"WebSite\",\"@id\":\"https:\/\/sol-air-tech.com\/#website\",\"url\":\"https:\/\/sol-air-tech.com\/\",\"name\":\"SOL-AIR TECH\",\"description\":\"vente de mat\u00e9riel \u00e9lectrique\",\"publisher\":{\"@id\":\"https:\/\/sol-air-tech.com\/#organization\"},\"potentialAction\":[{\"@type\":\"SearchAction\",\"target\":{\"@type\":\"EntryPoint\",\"urlTemplate\":\"https:\/\/sol-air-tech.com\/?s={search_term_string}\"},\"query-input\":\"required name=search_term_string\"}],\"inLanguage\":\"en-CA\"},{\"@type\":\"Organization\",\"@id\":\"https:\/\/sol-air-tech.com\/#organization\",\"name\":\"SOL-AIR TECH\",\"url\":\"https:\/\/sol-air-tech.com\/\",\"logo\":{\"@type\":\"ImageObject\",\"inLanguage\":\"en-CA\",\"@id\":\"https:\/\/sol-air-tech.com\/#\/schema\/logo\/image\/\",\"url\":\"https:\/\/sol-air-tech.com\/wp-content\/uploads\/2023\/07\/lOGOFINAL_SOLAIR_TECH.png\",\"contentUrl\":\"https:\/\/sol-air-tech.com\/wp-content\/uploads\/2023\/07\/lOGOFINAL_SOLAIR_TECH.png\",\"width\":770,\"height\":306,\"caption\":\"SOL-AIR TECH\"},\"image\":{\"@id\":\"https:\/\/sol-air-tech.com\/#\/schema\/logo\/image\/\"}}]}<\/script>\n<!-- \/ Yoast SEO plugin. -->","yoast_head_json":{"title":"Contr\u00f4leur de charge MPPT 60A 12V\/24V MA2460N15 - SOL-AIR TECH","description":"Contr\u00f4leur de charge MPPT 60 Amp Mod\u00e8le MA2460N15. Voltage\u00a0 du Syst\u00e8me: 12V\/24V auto. Maximum Voltage Voc: 150V. Courant de charge maximum: 60A.","robots":{"index":"index","follow":"follow","max-snippet":"max-snippet:-1","max-image-preview":"max-image-preview:large","max-video-preview":"max-video-preview:-1"},"canonical":"https:\/\/sol-air-tech.com\/en\/product\/ma2460n15\/","og_locale":"en_US","og_type":"article","og_title":"Contr\u00f4leur de charge MPPT 60A 12V\/24V MA2460N15 - SOL-AIR TECH","og_description":"Contr\u00f4leur de charge MPPT 60 Amp Mod\u00e8le MA2460N15. Voltage\u00a0 du Syst\u00e8me: 12V\/24V auto. Maximum Voltage Voc: 150V. Courant de charge maximum: 60A.","og_url":"https:\/\/sol-air-tech.com\/en\/product\/ma2460n15\/","og_site_name":"SOL-AIR TECH","article_modified_time":"2025-04-07T15:00:46+00:00","og_image":[{"width":1024,"height":711,"url":"https:\/\/sol-air-tech.com\/wp-content\/uploads\/2023\/08\/MA2460N15.1-1024x711.png","type":"image\/png"}],"twitter_card":"summary_large_image","twitter_misc":{"Est. reading time":"1 minute"},"schema":{"@context":"https:\/\/schema.org","@graph":[{"@type":"WebPage","@id":"https:\/\/sol-air-tech.com\/product\/ma2460n15\/","url":"https:\/\/sol-air-tech.com\/product\/ma2460n15\/","name":"Contr\u00f4leur de charge MPPT 60A 12V\/24V MA2460N15 - SOL-AIR TECH","isPartOf":{"@id":"https:\/\/sol-air-tech.com\/#website"},"datePublished":"2023-08-12T01:02:48+00:00","dateModified":"2025-04-07T15:00:46+00:00","description":"Contr\u00f4leur de charge MPPT 60 Amp Mod\u00e8le MA2460N15. Voltage\u00a0 du Syst\u00e8me: 12V\/24V auto. Maximum Voltage Voc: 150V. Courant de charge maximum: 60A.","breadcrumb":{"@id":"https:\/\/sol-air-tech.com\/product\/ma2460n15\/#breadcrumb"},"inLanguage":"en-CA","potentialAction":[{"@type":"ReadAction","target":["https:\/\/sol-air-tech.com\/product\/ma2460n15\/"]}]},{"@type":"BreadcrumbList","@id":"https:\/\/sol-air-tech.com\/product\/ma2460n15\/#breadcrumb","itemListElement":[{"@type":"ListItem","position":1,"name":"Accueil","item":"https:\/\/sol-air-tech.com\/"},{"@type":"ListItem","position":2,"name":"Boutique","item":"https:\/\/sol-air-tech.com\/en\/boutique\/"},{"@type":"ListItem","position":3,"name":"Contr\u00f4leur de charge MPPT 60A 12V\/24V MA2460N15"}]},{"@type":"WebSite","@id":"https:\/\/sol-air-tech.com\/#website","url":"https:\/\/sol-air-tech.com\/","name":"SOL-AIR TECH","description":"vente de mat\u00e9riel \u00e9lectrique","publisher":{"@id":"https:\/\/sol-air-tech.com\/#organization"},"potentialAction":[{"@type":"SearchAction","target":{"@type":"EntryPoint","urlTemplate":"https:\/\/sol-air-tech.com\/?s={search_term_string}"},"query-input":"required name=search_term_string"}],"inLanguage":"en-CA"},{"@type":"Organization","@id":"https:\/\/sol-air-tech.com\/#organization","name":"SOL-AIR TECH","url":"https:\/\/sol-air-tech.com\/","logo":{"@type":"ImageObject","inLanguage":"en-CA","@id":"https:\/\/sol-air-tech.com\/#\/schema\/logo\/image\/","url":"https:\/\/sol-air-tech.com\/wp-content\/uploads\/2023\/07\/lOGOFINAL_SOLAIR_TECH.png","contentUrl":"https:\/\/sol-air-tech.com\/wp-content\/uploads\/2023\/07\/lOGOFINAL_SOLAIR_TECH.png","width":770,"height":306,"caption":"SOL-AIR TECH"},"image":{"@id":"https:\/\/sol-air-tech.com\/#\/schema\/logo\/image\/"}}]}},"_links":{"self":[{"href":"https:\/\/sol-air-tech.com\/en\/wp-json\/wp\/v2\/product\/3688","targetHints":{"allow":["GET"]}}],"collection":[{"href":"https:\/\/sol-air-tech.com\/en\/wp-json\/wp\/v2\/product"}],"about":[{"href":"https:\/\/sol-air-tech.com\/en\/wp-json\/wp\/v2\/types\/product"}],"replies":[{"embeddable":true,"href":"https:\/\/sol-air-tech.com\/en\/wp-json\/wp\/v2\/comments?post=3688"}],"wp:featuredmedia":[{"embeddable":true,"href":"https:\/\/sol-air-tech.com\/en\/wp-json\/wp\/v2\/media\/3689"}],"wp:attachment":[{"href":"https:\/\/sol-air-tech.com\/en\/wp-json\/wp\/v2\/media?parent=3688"}],"wp:term":[{"taxonomy":"product_brand","embeddable":true,"href":"https:\/\/sol-air-tech.com\/en\/wp-json\/wp\/v2\/product_brand?post=3688"},{"taxonomy":"product_cat","embeddable":true,"href":"https:\/\/sol-air-tech.com\/en\/wp-json\/wp\/v2\/product_cat?post=3688"},{"taxonomy":"product_tag","embeddable":true,"href":"https:\/\/sol-air-tech.com\/en\/wp-json\/wp\/v2\/product_tag?post=3688"}],"curies":[{"name":"wp","href":"https:\/\/api.w.org\/{rel}","templated":true}]}}