{"id":3621,"date":"2023-08-11T20:31:15","date_gmt":"2023-08-12T00:31:15","guid":{"rendered":"https:\/\/meteoquebec.ca\/?post_type=product&#038;p=3621"},"modified":"2025-04-06T15:11:27","modified_gmt":"2025-04-06T19:11:27","slug":"slocable-mc4-spanner","status":"publish","type":"product","link":"https:\/\/sol-air-tech.com\/en\/product\/slocable-mc4-spanner\/","title":{"rendered":"MC4 key"},"content":{"rendered":"<p>To tie MC4 connectors together.<\/p>\n<p>The same tool can be used to untie the connectors.<\/p>\n<p>Use the other model to untie the male connector with the legs.<\/p>\n<p><img fetchpriority=\"high\" decoding=\"async\" class=\"size-medium wp-image-4142\" src=\"https:\/\/sol-air-tech.com\/wp-content\/uploads\/2023\/10\/1000-\u6273\u624b-6-300x300.jpg\" alt=\"\" width=\"300\" height=\"300\" srcset=\"https:\/\/sol-air-tech.com\/wp-content\/uploads\/2023\/10\/1000-\u6273\u624b-6-300x300.jpg 300w, https:\/\/sol-air-tech.com\/wp-content\/uploads\/2023\/10\/1000-\u6273\u624b-6-150x150.jpg 150w, https:\/\/sol-air-tech.com\/wp-content\/uploads\/2023\/10\/1000-\u6273\u624b-6-768x768.jpg 768w, https:\/\/sol-air-tech.com\/wp-content\/uploads\/2023\/10\/1000-\u6273\u624b-6-12x12.jpg 12w, https:\/\/sol-air-tech.com\/wp-content\/uploads\/2023\/10\/1000-\u6273\u624b-6-570x570.jpg 570w, https:\/\/sol-air-tech.com\/wp-content\/uploads\/2023\/10\/1000-\u6273\u624b-6.jpg 1000w\" sizes=\"(max-width: 300px) 100vw, 300px\" \/><\/p>","protected":false},"excerpt":{"rendered":"<ul>\n<li>To tie MC4 connectors together.<\/li>\n<li>The same tool can be used to untie the connectors.<\/li>\n<\/ul>","protected":false},"featured_media":3622,"menu_order":0,"comment_status":"open","ping_status":"closed","template":"","meta":{"content-type":""},"product_brand":[],"product_cat":[154],"product_tag":[],"class_list":{"0":"post-3621","1":"product","2":"type-product","3":"status-publish","4":"has-post-thumbnail","6":"product_cat-mc4-connecteurs","7":"product_shipping_class-enveloppe","9":"first","10":"instock","11":"taxable","12":"shipping-taxable","13":"purchasable","14":"product-type-simple"},"yoast_head":"<!-- This site is optimized with the Yoast SEO plugin v21.5 - https:\/\/yoast.com\/wordpress\/plugins\/seo\/ -->\n<title>Cl\u00e9 MC4 - SOL-AIR TECH<\/title>\n<meta name=\"description\" content=\"Cl\u00e9 d&#039;assemblage, permet de serrer les connecteurs MC4 lors de l&#039;assemblage. Permet de s\u00e9parer le connecteur m\u00e2le du connecteur femelle plus facilement avec la tige int\u00e9rieure\" \/>\n<meta name=\"robots\" content=\"index, follow, max-snippet:-1, max-image-preview:large, max-video-preview:-1\" \/>\n<link rel=\"canonical\" href=\"https:\/\/sol-air-tech.com\/en\/product\/slocable-mc4-spanner\/\" \/>\n<meta property=\"og:locale\" content=\"en_US\" \/>\n<meta property=\"og:type\" content=\"article\" \/>\n<meta property=\"og:title\" content=\"Cl\u00e9 MC4 - SOL-AIR TECH\" \/>\n<meta property=\"og:description\" content=\"Cl\u00e9 d&#039;assemblage, permet de serrer les connecteurs MC4 lors de l&#039;assemblage. Permet de s\u00e9parer le connecteur m\u00e2le du connecteur femelle plus facilement avec la tige int\u00e9rieure\" \/>\n<meta property=\"og:url\" content=\"https:\/\/sol-air-tech.com\/en\/product\/slocable-mc4-spanner\/\" \/>\n<meta property=\"og:site_name\" content=\"SOL-AIR TECH\" \/>\n<meta property=\"article:modified_time\" content=\"2025-04-06T19:11:27+00:00\" \/>\n<meta property=\"og:image\" content=\"https:\/\/sol-air-tech.com\/wp-content\/uploads\/2023\/08\/Slocable-MC4-spanner-e1692613579918.jpg\" \/>\n\t<meta property=\"og:image:width\" content=\"750\" \/>\n\t<meta property=\"og:image:height\" content=\"668\" \/>\n\t<meta property=\"og:image:type\" content=\"image\/jpeg\" \/>\n<meta name=\"twitter:card\" content=\"summary_large_image\" \/>\n<meta name=\"twitter:label1\" content=\"Est. reading time\" \/>\n\t<meta name=\"twitter:data1\" content=\"1 minute\" \/>\n<script type=\"application\/ld+json\" class=\"yoast-schema-graph\">{\"@context\":\"https:\/\/schema.org\",\"@graph\":[{\"@type\":\"WebPage\",\"@id\":\"https:\/\/sol-air-tech.com\/product\/slocable-mc4-spanner\/\",\"url\":\"https:\/\/sol-air-tech.com\/product\/slocable-mc4-spanner\/\",\"name\":\"Cl\u00e9 MC4 - SOL-AIR TECH\",\"isPartOf\":{\"@id\":\"https:\/\/sol-air-tech.com\/#website\"},\"datePublished\":\"2023-08-12T00:31:15+00:00\",\"dateModified\":\"2025-04-06T19:11:27+00:00\",\"description\":\"Cl\u00e9 d'assemblage, permet de serrer les connecteurs MC4 lors de l'assemblage. Permet de s\u00e9parer le connecteur m\u00e2le du connecteur femelle plus facilement avec la tige int\u00e9rieure\",\"breadcrumb\":{\"@id\":\"https:\/\/sol-air-tech.com\/product\/slocable-mc4-spanner\/#breadcrumb\"},\"inLanguage\":\"en-CA\",\"potentialAction\":[{\"@type\":\"ReadAction\",\"target\":[\"https:\/\/sol-air-tech.com\/product\/slocable-mc4-spanner\/\"]}]},{\"@type\":\"BreadcrumbList\",\"@id\":\"https:\/\/sol-air-tech.com\/product\/slocable-mc4-spanner\/#breadcrumb\",\"itemListElement\":[{\"@type\":\"ListItem\",\"position\":1,\"name\":\"Accueil\",\"item\":\"https:\/\/sol-air-tech.com\/\"},{\"@type\":\"ListItem\",\"position\":2,\"name\":\"Boutique\",\"item\":\"https:\/\/sol-air-tech.com\/en\/boutique\/\"},{\"@type\":\"ListItem\",\"position\":3,\"name\":\"Cl\u00e9 MC4\"}]},{\"@type\":\"WebSite\",\"@id\":\"https:\/\/sol-air-tech.com\/#website\",\"url\":\"https:\/\/sol-air-tech.com\/\",\"name\":\"SOL-AIR TECH\",\"description\":\"vente de mat\u00e9riel \u00e9lectrique\",\"publisher\":{\"@id\":\"https:\/\/sol-air-tech.com\/#organization\"},\"potentialAction\":[{\"@type\":\"SearchAction\",\"target\":{\"@type\":\"EntryPoint\",\"urlTemplate\":\"https:\/\/sol-air-tech.com\/?s={search_term_string}\"},\"query-input\":\"required name=search_term_string\"}],\"inLanguage\":\"en-CA\"},{\"@type\":\"Organization\",\"@id\":\"https:\/\/sol-air-tech.com\/#organization\",\"name\":\"SOL-AIR TECH\",\"url\":\"https:\/\/sol-air-tech.com\/\",\"logo\":{\"@type\":\"ImageObject\",\"inLanguage\":\"en-CA\",\"@id\":\"https:\/\/sol-air-tech.com\/#\/schema\/logo\/image\/\",\"url\":\"https:\/\/sol-air-tech.com\/wp-content\/uploads\/2023\/07\/lOGOFINAL_SOLAIR_TECH.png\",\"contentUrl\":\"https:\/\/sol-air-tech.com\/wp-content\/uploads\/2023\/07\/lOGOFINAL_SOLAIR_TECH.png\",\"width\":770,\"height\":306,\"caption\":\"SOL-AIR TECH\"},\"image\":{\"@id\":\"https:\/\/sol-air-tech.com\/#\/schema\/logo\/image\/\"}}]}<\/script>\n<!-- \/ Yoast SEO plugin. -->","yoast_head_json":{"title":"Cl\u00e9 MC4 - SOL-AIR TECH","description":"Cl\u00e9 d'assemblage, permet de serrer les connecteurs MC4 lors de l'assemblage. Permet de s\u00e9parer le connecteur m\u00e2le du connecteur femelle plus facilement avec la tige int\u00e9rieure","robots":{"index":"index","follow":"follow","max-snippet":"max-snippet:-1","max-image-preview":"max-image-preview:large","max-video-preview":"max-video-preview:-1"},"canonical":"https:\/\/sol-air-tech.com\/en\/product\/slocable-mc4-spanner\/","og_locale":"en_US","og_type":"article","og_title":"Cl\u00e9 MC4 - SOL-AIR TECH","og_description":"Cl\u00e9 d'assemblage, permet de serrer les connecteurs MC4 lors de l'assemblage. Permet de s\u00e9parer le connecteur m\u00e2le du connecteur femelle plus facilement avec la tige int\u00e9rieure","og_url":"https:\/\/sol-air-tech.com\/en\/product\/slocable-mc4-spanner\/","og_site_name":"SOL-AIR TECH","article_modified_time":"2025-04-06T19:11:27+00:00","og_image":[{"width":750,"height":668,"url":"https:\/\/sol-air-tech.com\/wp-content\/uploads\/2023\/08\/Slocable-MC4-spanner-e1692613579918.jpg","type":"image\/jpeg"}],"twitter_card":"summary_large_image","twitter_misc":{"Est. reading time":"1 minute"},"schema":{"@context":"https:\/\/schema.org","@graph":[{"@type":"WebPage","@id":"https:\/\/sol-air-tech.com\/product\/slocable-mc4-spanner\/","url":"https:\/\/sol-air-tech.com\/product\/slocable-mc4-spanner\/","name":"Cl\u00e9 MC4 - SOL-AIR TECH","isPartOf":{"@id":"https:\/\/sol-air-tech.com\/#website"},"datePublished":"2023-08-12T00:31:15+00:00","dateModified":"2025-04-06T19:11:27+00:00","description":"Cl\u00e9 d'assemblage, permet de serrer les connecteurs MC4 lors de l'assemblage. Permet de s\u00e9parer le connecteur m\u00e2le du connecteur femelle plus facilement avec la tige int\u00e9rieure","breadcrumb":{"@id":"https:\/\/sol-air-tech.com\/product\/slocable-mc4-spanner\/#breadcrumb"},"inLanguage":"en-CA","potentialAction":[{"@type":"ReadAction","target":["https:\/\/sol-air-tech.com\/product\/slocable-mc4-spanner\/"]}]},{"@type":"BreadcrumbList","@id":"https:\/\/sol-air-tech.com\/product\/slocable-mc4-spanner\/#breadcrumb","itemListElement":[{"@type":"ListItem","position":1,"name":"Accueil","item":"https:\/\/sol-air-tech.com\/"},{"@type":"ListItem","position":2,"name":"Boutique","item":"https:\/\/sol-air-tech.com\/en\/boutique\/"},{"@type":"ListItem","position":3,"name":"Cl\u00e9 MC4"}]},{"@type":"WebSite","@id":"https:\/\/sol-air-tech.com\/#website","url":"https:\/\/sol-air-tech.com\/","name":"SOL-AIR TECH","description":"vente de mat\u00e9riel \u00e9lectrique","publisher":{"@id":"https:\/\/sol-air-tech.com\/#organization"},"potentialAction":[{"@type":"SearchAction","target":{"@type":"EntryPoint","urlTemplate":"https:\/\/sol-air-tech.com\/?s={search_term_string}"},"query-input":"required name=search_term_string"}],"inLanguage":"en-CA"},{"@type":"Organization","@id":"https:\/\/sol-air-tech.com\/#organization","name":"SOL-AIR TECH","url":"https:\/\/sol-air-tech.com\/","logo":{"@type":"ImageObject","inLanguage":"en-CA","@id":"https:\/\/sol-air-tech.com\/#\/schema\/logo\/image\/","url":"https:\/\/sol-air-tech.com\/wp-content\/uploads\/2023\/07\/lOGOFINAL_SOLAIR_TECH.png","contentUrl":"https:\/\/sol-air-tech.com\/wp-content\/uploads\/2023\/07\/lOGOFINAL_SOLAIR_TECH.png","width":770,"height":306,"caption":"SOL-AIR TECH"},"image":{"@id":"https:\/\/sol-air-tech.com\/#\/schema\/logo\/image\/"}}]}},"_links":{"self":[{"href":"https:\/\/sol-air-tech.com\/en\/wp-json\/wp\/v2\/product\/3621","targetHints":{"allow":["GET"]}}],"collection":[{"href":"https:\/\/sol-air-tech.com\/en\/wp-json\/wp\/v2\/product"}],"about":[{"href":"https:\/\/sol-air-tech.com\/en\/wp-json\/wp\/v2\/types\/product"}],"replies":[{"embeddable":true,"href":"https:\/\/sol-air-tech.com\/en\/wp-json\/wp\/v2\/comments?post=3621"}],"wp:featuredmedia":[{"embeddable":true,"href":"https:\/\/sol-air-tech.com\/en\/wp-json\/wp\/v2\/media\/3622"}],"wp:attachment":[{"href":"https:\/\/sol-air-tech.com\/en\/wp-json\/wp\/v2\/media?parent=3621"}],"wp:term":[{"taxonomy":"product_brand","embeddable":true,"href":"https:\/\/sol-air-tech.com\/en\/wp-json\/wp\/v2\/product_brand?post=3621"},{"taxonomy":"product_cat","embeddable":true,"href":"https:\/\/sol-air-tech.com\/en\/wp-json\/wp\/v2\/product_cat?post=3621"},{"taxonomy":"product_tag","embeddable":true,"href":"https:\/\/sol-air-tech.com\/en\/wp-json\/wp\/v2\/product_tag?post=3621"}],"curies":[{"name":"wp","href":"https:\/\/api.w.org\/{rel}","templated":true}]}}