{"id":3540,"date":"2023-07-29T16:18:21","date_gmt":"2023-07-29T16:18:21","guid":{"rendered":"https:\/\/meteoquebec.ca\/?post_type=product&#038;p=3540"},"modified":"2025-04-07T09:47:51","modified_gmt":"2025-04-07T13:47:51","slug":"onduleur-3000w-lv-120-v-ac","status":"publish","type":"product","link":"https:\/\/sol-air-tech.com\/en\/product\/onduleur-3000w-lv-120-v-ac\/","title":{"rendered":"Hybrid Inverter 3000W 24VDC"},"content":{"rendered":"<p class=\"wb-stl-custom3\">Power of 3000W 24V DC 120V AC pure sine wave<\/p>\n<p class=\"wb-stl-custom3\">Built-in 80A MPPT solar charge controller<\/p>\n<p class=\"wb-stl-custom3\">Built-in 60A AC battery charger<\/p>\n<p>Surge power 6000VA<\/p>\n<p>Maximum PV power 2250W<\/p>\n<p>Maximum open circuit 145VDC<\/p>\n<p>Zone d&#8217;op\u00e9ration en voltage MPPT 60-115VDC<\/p>\n<p>Transfer time 10ms<\/p>\n<p class=\"wb-stl-custom3\">2 units in parallel make 120V\/240V<\/p>\n<p class=\"wb-stl-custom3\">Up to 6 units in parallel<\/p>\n<p class=\"wb-stl-custom3\">Wi-Fi\/GPRS remote tracking included<\/p>\n<p>Charges all types of batteries<\/p>\n<p class=\"wb-stl-custom3\">RS485 communication port for BMS<\/p>\n<p>Dimensions: 455 x 295 x 130mm<\/p>\n<p>Weight 11.5K<\/p>\n<p>Communication ports: USB\/CAN\/RS485<\/p>\n<p>CE certification, IEC 62109-1-2<\/p>\n<p><strong>Informations techniques du manufacturier en anglais:<\/strong><\/p>\n<p><img fetchpriority=\"high\" decoding=\"async\" class=\"alignnone wp-image-3819\" src=\"https:\/\/sol-air-tech.com\/wp-content\/uploads\/2023\/08\/20230403153957427-300x138.png\" alt=\"\" width=\"533\" height=\"245\" srcset=\"https:\/\/sol-air-tech.com\/wp-content\/uploads\/2023\/08\/20230403153957427-300x138.png 300w, https:\/\/sol-air-tech.com\/wp-content\/uploads\/2023\/08\/20230403153957427-1024x470.png 1024w, https:\/\/sol-air-tech.com\/wp-content\/uploads\/2023\/08\/20230403153957427-768x353.png 768w, https:\/\/sol-air-tech.com\/wp-content\/uploads\/2023\/08\/20230403153957427-1300x600.png 1300w, https:\/\/sol-air-tech.com\/wp-content\/uploads\/2023\/08\/20230403153957427-570x262.png 570w, https:\/\/sol-air-tech.com\/wp-content\/uploads\/2023\/08\/20230403153957427.png 1431w\" sizes=\"(max-width: 533px) 100vw, 533px\" \/><\/p>\n<p><img decoding=\"async\" class=\"alignnone wp-image-3822\" src=\"https:\/\/sol-air-tech.com\/wp-content\/uploads\/2023\/08\/20230403154003064-300x101.png\" alt=\"\" width=\"532\" height=\"179\" srcset=\"https:\/\/sol-air-tech.com\/wp-content\/uploads\/2023\/08\/20230403154003064-300x101.png 300w, https:\/\/sol-air-tech.com\/wp-content\/uploads\/2023\/08\/20230403154003064-1024x346.png 1024w, https:\/\/sol-air-tech.com\/wp-content\/uploads\/2023\/08\/20230403154003064-768x259.png 768w, https:\/\/sol-air-tech.com\/wp-content\/uploads\/2023\/08\/20230403154003064-570x192.png 570w, https:\/\/sol-air-tech.com\/wp-content\/uploads\/2023\/08\/20230403154003064.png 1428w\" sizes=\"(max-width: 532px) 100vw, 532px\" \/><\/p>\n<p><img decoding=\"async\" class=\"alignnone wp-image-3820\" src=\"https:\/\/sol-air-tech.com\/wp-content\/uploads\/2023\/08\/20230403154008798-300x53.png\" alt=\"\" width=\"532\" height=\"94\" srcset=\"https:\/\/sol-air-tech.com\/wp-content\/uploads\/2023\/08\/20230403154008798-300x53.png 300w, https:\/\/sol-air-tech.com\/wp-content\/uploads\/2023\/08\/20230403154008798-1024x180.png 1024w, https:\/\/sol-air-tech.com\/wp-content\/uploads\/2023\/08\/20230403154008798-768x135.png 768w, https:\/\/sol-air-tech.com\/wp-content\/uploads\/2023\/08\/20230403154008798-570x100.png 570w, https:\/\/sol-air-tech.com\/wp-content\/uploads\/2023\/08\/20230403154008798.png 1430w\" sizes=\"(max-width: 532px) 100vw, 532px\" \/><\/p>\n<p><img loading=\"lazy\" decoding=\"async\" class=\"alignnone wp-image-3821\" src=\"https:\/\/sol-air-tech.com\/wp-content\/uploads\/2023\/08\/20230403154006101-300x53.png\" alt=\"\" width=\"532\" height=\"94\" srcset=\"https:\/\/sol-air-tech.com\/wp-content\/uploads\/2023\/08\/20230403154006101-300x53.png 300w, https:\/\/sol-air-tech.com\/wp-content\/uploads\/2023\/08\/20230403154006101-1024x180.png 1024w, https:\/\/sol-air-tech.com\/wp-content\/uploads\/2023\/08\/20230403154006101-768x135.png 768w, https:\/\/sol-air-tech.com\/wp-content\/uploads\/2023\/08\/20230403154006101-570x100.png 570w, https:\/\/sol-air-tech.com\/wp-content\/uploads\/2023\/08\/20230403154006101.png 1429w\" sizes=\"(max-width: 532px) 100vw, 532px\" \/><\/p>\n<p>&nbsp;<\/p>\n<p><a href=\"\/wp-content\/Manuels_documentation\/MHP-3KW-LV Manual.pdf\">Technical document #1<\/a><\/p>","protected":false},"excerpt":{"rendered":"<ul>\n<li>Mod\u00e8le M3000H-24LH<\/li>\n<li>Power of 3000W 24 VDC 120VAC<\/li>\n<li>Built-in 80A MPPT solar charge controller<\/li>\n<li>Built-in 60A AC battery charger<\/li>\n<li>Pure sine wave AC<\/li>\n<li>2 units in parallel make 120V\/240V<\/li>\n<li>Up to 6 units in parallel<\/li>\n<li>Wi-Fi\/GPRS remote tracking included<\/li>\n<li>Charges all types of batteries<\/li>\n<li>RS485 communication port for BMS<\/li>\n<\/ul>","protected":false},"featured_media":3825,"menu_order":0,"comment_status":"open","ping_status":"closed","template":"","meta":{"content-type":""},"product_brand":[],"product_cat":[156],"product_tag":[],"class_list":{"0":"post-3540","1":"product","2":"type-product","3":"status-publish","4":"has-post-thumbnail","6":"product_cat-ondulateurs-hybrides","7":"product_shipping_class-onduleur","9":"first","10":"instock","11":"taxable","12":"shipping-taxable","13":"purchasable","14":"product-type-simple"},"yoast_head":"<!-- This site is optimized with the Yoast SEO plugin v21.5 - https:\/\/yoast.com\/wordpress\/plugins\/seo\/ -->\n<title>Onduleur Hybride 3000W 24VDC - SOL-AIR TECH<\/title>\n<meta name=\"description\" content=\"Onduleur hybride 3000W 24VDC 120AC, Empilable Spilt Phase 120\/240. Jusqu&#039;\u00e0 6 appareils en s\u00e9rie. Contr\u00f4leur de charge MPPT 80A et chargeur Ac de 60A.\" \/>\n<meta name=\"robots\" content=\"index, follow, max-snippet:-1, max-image-preview:large, max-video-preview:-1\" \/>\n<link rel=\"canonical\" href=\"https:\/\/sol-air-tech.com\/en\/product\/onduleur-3000w-lv-120-v-ac\/\" \/>\n<meta property=\"og:locale\" content=\"en_US\" \/>\n<meta property=\"og:type\" content=\"article\" \/>\n<meta property=\"og:title\" content=\"Onduleur Hybride 3000W 24VDC - SOL-AIR TECH\" \/>\n<meta property=\"og:description\" content=\"Onduleur hybride 3000W 24VDC 120AC, Empilable Spilt Phase 120\/240. Jusqu&#039;\u00e0 6 appareils en s\u00e9rie. Contr\u00f4leur de charge MPPT 80A et chargeur Ac de 60A.\" \/>\n<meta property=\"og:url\" content=\"https:\/\/sol-air-tech.com\/en\/product\/onduleur-3000w-lv-120-v-ac\/\" \/>\n<meta property=\"og:site_name\" content=\"SOL-AIR TECH\" \/>\n<meta property=\"article:modified_time\" content=\"2025-04-07T13:47:51+00:00\" \/>\n<meta property=\"og:image\" content=\"https:\/\/sol-air-tech.com\/wp-content\/uploads\/2023\/08\/7-scaled.jpg\" \/>\n\t<meta property=\"og:image:width\" content=\"2560\" \/>\n\t<meta property=\"og:image:height\" content=\"2560\" \/>\n\t<meta property=\"og:image:type\" content=\"image\/jpeg\" \/>\n<meta name=\"twitter:card\" content=\"summary_large_image\" \/>\n<meta name=\"twitter:label1\" content=\"Est. reading time\" \/>\n\t<meta name=\"twitter:data1\" content=\"2 minutes\" \/>\n<script type=\"application\/ld+json\" class=\"yoast-schema-graph\">{\"@context\":\"https:\/\/schema.org\",\"@graph\":[{\"@type\":\"WebPage\",\"@id\":\"https:\/\/sol-air-tech.com\/product\/onduleur-3000w-lv-120-v-ac\/\",\"url\":\"https:\/\/sol-air-tech.com\/product\/onduleur-3000w-lv-120-v-ac\/\",\"name\":\"Onduleur Hybride 3000W 24VDC - SOL-AIR TECH\",\"isPartOf\":{\"@id\":\"https:\/\/sol-air-tech.com\/#website\"},\"datePublished\":\"2023-07-29T16:18:21+00:00\",\"dateModified\":\"2025-04-07T13:47:51+00:00\",\"description\":\"Onduleur hybride 3000W 24VDC 120AC, Empilable Spilt Phase 120\/240. Jusqu'\u00e0 6 appareils en s\u00e9rie. Contr\u00f4leur de charge MPPT 80A et chargeur Ac de 60A.\",\"breadcrumb\":{\"@id\":\"https:\/\/sol-air-tech.com\/product\/onduleur-3000w-lv-120-v-ac\/#breadcrumb\"},\"inLanguage\":\"en-CA\",\"potentialAction\":[{\"@type\":\"ReadAction\",\"target\":[\"https:\/\/sol-air-tech.com\/product\/onduleur-3000w-lv-120-v-ac\/\"]}]},{\"@type\":\"BreadcrumbList\",\"@id\":\"https:\/\/sol-air-tech.com\/product\/onduleur-3000w-lv-120-v-ac\/#breadcrumb\",\"itemListElement\":[{\"@type\":\"ListItem\",\"position\":1,\"name\":\"Accueil\",\"item\":\"https:\/\/sol-air-tech.com\/\"},{\"@type\":\"ListItem\",\"position\":2,\"name\":\"Boutique\",\"item\":\"https:\/\/sol-air-tech.com\/en\/boutique\/\"},{\"@type\":\"ListItem\",\"position\":3,\"name\":\"Onduleur Hybride 3000W 24VDC\"}]},{\"@type\":\"WebSite\",\"@id\":\"https:\/\/sol-air-tech.com\/#website\",\"url\":\"https:\/\/sol-air-tech.com\/\",\"name\":\"SOL-AIR TECH\",\"description\":\"vente de mat\u00e9riel \u00e9lectrique\",\"publisher\":{\"@id\":\"https:\/\/sol-air-tech.com\/#organization\"},\"potentialAction\":[{\"@type\":\"SearchAction\",\"target\":{\"@type\":\"EntryPoint\",\"urlTemplate\":\"https:\/\/sol-air-tech.com\/?s={search_term_string}\"},\"query-input\":\"required name=search_term_string\"}],\"inLanguage\":\"en-CA\"},{\"@type\":\"Organization\",\"@id\":\"https:\/\/sol-air-tech.com\/#organization\",\"name\":\"SOL-AIR TECH\",\"url\":\"https:\/\/sol-air-tech.com\/\",\"logo\":{\"@type\":\"ImageObject\",\"inLanguage\":\"en-CA\",\"@id\":\"https:\/\/sol-air-tech.com\/#\/schema\/logo\/image\/\",\"url\":\"https:\/\/sol-air-tech.com\/wp-content\/uploads\/2023\/07\/lOGOFINAL_SOLAIR_TECH.png\",\"contentUrl\":\"https:\/\/sol-air-tech.com\/wp-content\/uploads\/2023\/07\/lOGOFINAL_SOLAIR_TECH.png\",\"width\":770,\"height\":306,\"caption\":\"SOL-AIR TECH\"},\"image\":{\"@id\":\"https:\/\/sol-air-tech.com\/#\/schema\/logo\/image\/\"}}]}<\/script>\n<!-- \/ Yoast SEO plugin. -->","yoast_head_json":{"title":"Onduleur Hybride 3000W 24VDC - SOL-AIR TECH","description":"Onduleur hybride 3000W 24VDC 120AC, Empilable Spilt Phase 120\/240. Jusqu'\u00e0 6 appareils en s\u00e9rie. Contr\u00f4leur de charge MPPT 80A et chargeur Ac de 60A.","robots":{"index":"index","follow":"follow","max-snippet":"max-snippet:-1","max-image-preview":"max-image-preview:large","max-video-preview":"max-video-preview:-1"},"canonical":"https:\/\/sol-air-tech.com\/en\/product\/onduleur-3000w-lv-120-v-ac\/","og_locale":"en_US","og_type":"article","og_title":"Onduleur Hybride 3000W 24VDC - SOL-AIR TECH","og_description":"Onduleur hybride 3000W 24VDC 120AC, Empilable Spilt Phase 120\/240. Jusqu'\u00e0 6 appareils en s\u00e9rie. Contr\u00f4leur de charge MPPT 80A et chargeur Ac de 60A.","og_url":"https:\/\/sol-air-tech.com\/en\/product\/onduleur-3000w-lv-120-v-ac\/","og_site_name":"SOL-AIR TECH","article_modified_time":"2025-04-07T13:47:51+00:00","og_image":[{"width":2560,"height":2560,"url":"https:\/\/sol-air-tech.com\/wp-content\/uploads\/2023\/08\/7-scaled.jpg","type":"image\/jpeg"}],"twitter_card":"summary_large_image","twitter_misc":{"Est. reading time":"2 minutes"},"schema":{"@context":"https:\/\/schema.org","@graph":[{"@type":"WebPage","@id":"https:\/\/sol-air-tech.com\/product\/onduleur-3000w-lv-120-v-ac\/","url":"https:\/\/sol-air-tech.com\/product\/onduleur-3000w-lv-120-v-ac\/","name":"Onduleur Hybride 3000W 24VDC - SOL-AIR TECH","isPartOf":{"@id":"https:\/\/sol-air-tech.com\/#website"},"datePublished":"2023-07-29T16:18:21+00:00","dateModified":"2025-04-07T13:47:51+00:00","description":"Onduleur hybride 3000W 24VDC 120AC, Empilable Spilt Phase 120\/240. Jusqu'\u00e0 6 appareils en s\u00e9rie. Contr\u00f4leur de charge MPPT 80A et chargeur Ac de 60A.","breadcrumb":{"@id":"https:\/\/sol-air-tech.com\/product\/onduleur-3000w-lv-120-v-ac\/#breadcrumb"},"inLanguage":"en-CA","potentialAction":[{"@type":"ReadAction","target":["https:\/\/sol-air-tech.com\/product\/onduleur-3000w-lv-120-v-ac\/"]}]},{"@type":"BreadcrumbList","@id":"https:\/\/sol-air-tech.com\/product\/onduleur-3000w-lv-120-v-ac\/#breadcrumb","itemListElement":[{"@type":"ListItem","position":1,"name":"Accueil","item":"https:\/\/sol-air-tech.com\/"},{"@type":"ListItem","position":2,"name":"Boutique","item":"https:\/\/sol-air-tech.com\/en\/boutique\/"},{"@type":"ListItem","position":3,"name":"Onduleur Hybride 3000W 24VDC"}]},{"@type":"WebSite","@id":"https:\/\/sol-air-tech.com\/#website","url":"https:\/\/sol-air-tech.com\/","name":"SOL-AIR TECH","description":"vente de mat\u00e9riel \u00e9lectrique","publisher":{"@id":"https:\/\/sol-air-tech.com\/#organization"},"potentialAction":[{"@type":"SearchAction","target":{"@type":"EntryPoint","urlTemplate":"https:\/\/sol-air-tech.com\/?s={search_term_string}"},"query-input":"required name=search_term_string"}],"inLanguage":"en-CA"},{"@type":"Organization","@id":"https:\/\/sol-air-tech.com\/#organization","name":"SOL-AIR TECH","url":"https:\/\/sol-air-tech.com\/","logo":{"@type":"ImageObject","inLanguage":"en-CA","@id":"https:\/\/sol-air-tech.com\/#\/schema\/logo\/image\/","url":"https:\/\/sol-air-tech.com\/wp-content\/uploads\/2023\/07\/lOGOFINAL_SOLAIR_TECH.png","contentUrl":"https:\/\/sol-air-tech.com\/wp-content\/uploads\/2023\/07\/lOGOFINAL_SOLAIR_TECH.png","width":770,"height":306,"caption":"SOL-AIR TECH"},"image":{"@id":"https:\/\/sol-air-tech.com\/#\/schema\/logo\/image\/"}}]}},"_links":{"self":[{"href":"https:\/\/sol-air-tech.com\/en\/wp-json\/wp\/v2\/product\/3540","targetHints":{"allow":["GET"]}}],"collection":[{"href":"https:\/\/sol-air-tech.com\/en\/wp-json\/wp\/v2\/product"}],"about":[{"href":"https:\/\/sol-air-tech.com\/en\/wp-json\/wp\/v2\/types\/product"}],"replies":[{"embeddable":true,"href":"https:\/\/sol-air-tech.com\/en\/wp-json\/wp\/v2\/comments?post=3540"}],"wp:featuredmedia":[{"embeddable":true,"href":"https:\/\/sol-air-tech.com\/en\/wp-json\/wp\/v2\/media\/3825"}],"wp:attachment":[{"href":"https:\/\/sol-air-tech.com\/en\/wp-json\/wp\/v2\/media?parent=3540"}],"wp:term":[{"taxonomy":"product_brand","embeddable":true,"href":"https:\/\/sol-air-tech.com\/en\/wp-json\/wp\/v2\/product_brand?post=3540"},{"taxonomy":"product_cat","embeddable":true,"href":"https:\/\/sol-air-tech.com\/en\/wp-json\/wp\/v2\/product_cat?post=3540"},{"taxonomy":"product_tag","embeddable":true,"href":"https:\/\/sol-air-tech.com\/en\/wp-json\/wp\/v2\/product_tag?post=3540"}],"curies":[{"name":"wp","href":"https:\/\/api.w.org\/{rel}","templated":true}]}}