{"id":3534,"date":"2023-07-29T16:15:34","date_gmt":"2023-07-29T16:15:34","guid":{"rendered":"https:\/\/meteoquebec.ca\/?post_type=product&#038;p=3534"},"modified":"2025-04-07T11:08:05","modified_gmt":"2025-04-07T15:08:05","slug":"cle-pour-mc4","status":"publish","type":"product","link":"https:\/\/sol-air-tech.com\/en\/product\/cle-pour-mc4\/","title":{"rendered":"Key for MC4"},"content":{"rendered":"<p>To tie MC4 connectors<\/p>\n<p>You can use the legs to unclip the connector<\/p>\n<p>Use the other model with the fin legs to unclip the connector when necessary<\/p>\n<p><img fetchpriority=\"high\" decoding=\"async\" class=\"alignnone size-medium wp-image-3622\" src=\"https:\/\/sol-air-tech.com\/wp-content\/uploads\/2023\/08\/Slocable-MC4-spanner-e1692613579918-300x267.jpg\" alt=\"\" width=\"300\" height=\"267\" srcset=\"https:\/\/sol-air-tech.com\/wp-content\/uploads\/2023\/08\/Slocable-MC4-spanner-e1692613579918-300x267.jpg 300w, https:\/\/sol-air-tech.com\/wp-content\/uploads\/2023\/08\/Slocable-MC4-spanner-e1692613579918-570x508.jpg 570w, https:\/\/sol-air-tech.com\/wp-content\/uploads\/2023\/08\/Slocable-MC4-spanner-e1692613579918.jpg 750w\" sizes=\"(max-width: 300px) 100vw, 300px\" \/><\/p>\n<p>&nbsp;<\/p>","protected":false},"excerpt":{"rendered":"<ul>\n<li>To tie MC4 connectors<\/li>\n<li>You can use the legs to unclip the connector<\/li>\n<\/ul>","protected":false},"featured_media":4142,"menu_order":0,"comment_status":"open","ping_status":"closed","template":"","meta":{"content-type":""},"product_brand":[],"product_cat":[154],"product_tag":[],"class_list":{"0":"post-3534","1":"product","2":"type-product","3":"status-publish","4":"has-post-thumbnail","6":"product_cat-mc4-connecteurs","7":"product_shipping_class-enveloppe","9":"first","10":"instock","11":"taxable","12":"shipping-taxable","13":"purchasable","14":"product-type-simple"},"yoast_head":"<!-- This site is optimized with the Yoast SEO plugin v21.5 - https:\/\/yoast.com\/wordpress\/plugins\/seo\/ -->\n<title>Cl\u00e9 pour MC4 - SOL-AIR TECH<\/title>\n<meta name=\"description\" content=\"Cl\u00e9 pour MC4. Permet de serrer et desserrer les connecteurs MC4. Permet aussi de les d\u00e9brancher l&#039;un de l&#039;autre en se servant de l&#039;enbout ouvert.\" \/>\n<meta name=\"robots\" content=\"index, follow, max-snippet:-1, max-image-preview:large, max-video-preview:-1\" \/>\n<link rel=\"canonical\" href=\"https:\/\/sol-air-tech.com\/en\/product\/cle-pour-mc4\/\" \/>\n<meta property=\"og:locale\" content=\"en_US\" \/>\n<meta property=\"og:type\" content=\"article\" \/>\n<meta property=\"og:title\" content=\"Cl\u00e9 pour MC4 - SOL-AIR TECH\" \/>\n<meta property=\"og:description\" content=\"Cl\u00e9 pour MC4. Permet de serrer et desserrer les connecteurs MC4. Permet aussi de les d\u00e9brancher l&#039;un de l&#039;autre en se servant de l&#039;enbout ouvert.\" \/>\n<meta property=\"og:url\" content=\"https:\/\/sol-air-tech.com\/en\/product\/cle-pour-mc4\/\" \/>\n<meta property=\"og:site_name\" content=\"SOL-AIR TECH\" \/>\n<meta property=\"article:modified_time\" content=\"2025-04-07T15:08:05+00:00\" \/>\n<meta property=\"og:image\" content=\"https:\/\/sol-air-tech.com\/wp-content\/uploads\/2023\/10\/1000-\u6273\u624b-6.jpg\" \/>\n\t<meta property=\"og:image:width\" content=\"1000\" \/>\n\t<meta property=\"og:image:height\" content=\"1000\" \/>\n\t<meta property=\"og:image:type\" content=\"image\/jpeg\" \/>\n<meta name=\"twitter:card\" content=\"summary_large_image\" \/>\n<meta name=\"twitter:label1\" content=\"Est. reading time\" \/>\n\t<meta name=\"twitter:data1\" content=\"1 minute\" \/>\n<script type=\"application\/ld+json\" class=\"yoast-schema-graph\">{\"@context\":\"https:\/\/schema.org\",\"@graph\":[{\"@type\":\"WebPage\",\"@id\":\"https:\/\/sol-air-tech.com\/product\/cle-pour-mc4\/\",\"url\":\"https:\/\/sol-air-tech.com\/product\/cle-pour-mc4\/\",\"name\":\"Cl\u00e9 pour MC4 - SOL-AIR TECH\",\"isPartOf\":{\"@id\":\"https:\/\/sol-air-tech.com\/#website\"},\"datePublished\":\"2023-07-29T16:15:34+00:00\",\"dateModified\":\"2025-04-07T15:08:05+00:00\",\"description\":\"Cl\u00e9 pour MC4. Permet de serrer et desserrer les connecteurs MC4. Permet aussi de les d\u00e9brancher l'un de l'autre en se servant de l'enbout ouvert.\",\"breadcrumb\":{\"@id\":\"https:\/\/sol-air-tech.com\/product\/cle-pour-mc4\/#breadcrumb\"},\"inLanguage\":\"en-CA\",\"potentialAction\":[{\"@type\":\"ReadAction\",\"target\":[\"https:\/\/sol-air-tech.com\/product\/cle-pour-mc4\/\"]}]},{\"@type\":\"BreadcrumbList\",\"@id\":\"https:\/\/sol-air-tech.com\/product\/cle-pour-mc4\/#breadcrumb\",\"itemListElement\":[{\"@type\":\"ListItem\",\"position\":1,\"name\":\"Accueil\",\"item\":\"https:\/\/sol-air-tech.com\/\"},{\"@type\":\"ListItem\",\"position\":2,\"name\":\"Boutique\",\"item\":\"https:\/\/sol-air-tech.com\/en\/boutique\/\"},{\"@type\":\"ListItem\",\"position\":3,\"name\":\"Cl\u00e9 pour MC4\"}]},{\"@type\":\"WebSite\",\"@id\":\"https:\/\/sol-air-tech.com\/#website\",\"url\":\"https:\/\/sol-air-tech.com\/\",\"name\":\"SOL-AIR TECH\",\"description\":\"vente de mat\u00e9riel \u00e9lectrique\",\"publisher\":{\"@id\":\"https:\/\/sol-air-tech.com\/#organization\"},\"potentialAction\":[{\"@type\":\"SearchAction\",\"target\":{\"@type\":\"EntryPoint\",\"urlTemplate\":\"https:\/\/sol-air-tech.com\/?s={search_term_string}\"},\"query-input\":\"required name=search_term_string\"}],\"inLanguage\":\"en-CA\"},{\"@type\":\"Organization\",\"@id\":\"https:\/\/sol-air-tech.com\/#organization\",\"name\":\"SOL-AIR TECH\",\"url\":\"https:\/\/sol-air-tech.com\/\",\"logo\":{\"@type\":\"ImageObject\",\"inLanguage\":\"en-CA\",\"@id\":\"https:\/\/sol-air-tech.com\/#\/schema\/logo\/image\/\",\"url\":\"https:\/\/sol-air-tech.com\/wp-content\/uploads\/2023\/07\/lOGOFINAL_SOLAIR_TECH.png\",\"contentUrl\":\"https:\/\/sol-air-tech.com\/wp-content\/uploads\/2023\/07\/lOGOFINAL_SOLAIR_TECH.png\",\"width\":770,\"height\":306,\"caption\":\"SOL-AIR TECH\"},\"image\":{\"@id\":\"https:\/\/sol-air-tech.com\/#\/schema\/logo\/image\/\"}}]}<\/script>\n<!-- \/ Yoast SEO plugin. -->","yoast_head_json":{"title":"Cl\u00e9 pour MC4 - SOL-AIR TECH","description":"Cl\u00e9 pour MC4. Permet de serrer et desserrer les connecteurs MC4. Permet aussi de les d\u00e9brancher l'un de l'autre en se servant de l'enbout ouvert.","robots":{"index":"index","follow":"follow","max-snippet":"max-snippet:-1","max-image-preview":"max-image-preview:large","max-video-preview":"max-video-preview:-1"},"canonical":"https:\/\/sol-air-tech.com\/en\/product\/cle-pour-mc4\/","og_locale":"en_US","og_type":"article","og_title":"Cl\u00e9 pour MC4 - SOL-AIR TECH","og_description":"Cl\u00e9 pour MC4. Permet de serrer et desserrer les connecteurs MC4. Permet aussi de les d\u00e9brancher l'un de l'autre en se servant de l'enbout ouvert.","og_url":"https:\/\/sol-air-tech.com\/en\/product\/cle-pour-mc4\/","og_site_name":"SOL-AIR TECH","article_modified_time":"2025-04-07T15:08:05+00:00","og_image":[{"width":1000,"height":1000,"url":"https:\/\/sol-air-tech.com\/wp-content\/uploads\/2023\/10\/1000-\u6273\u624b-6.jpg","type":"image\/jpeg"}],"twitter_card":"summary_large_image","twitter_misc":{"Est. reading time":"1 minute"},"schema":{"@context":"https:\/\/schema.org","@graph":[{"@type":"WebPage","@id":"https:\/\/sol-air-tech.com\/product\/cle-pour-mc4\/","url":"https:\/\/sol-air-tech.com\/product\/cle-pour-mc4\/","name":"Cl\u00e9 pour MC4 - SOL-AIR TECH","isPartOf":{"@id":"https:\/\/sol-air-tech.com\/#website"},"datePublished":"2023-07-29T16:15:34+00:00","dateModified":"2025-04-07T15:08:05+00:00","description":"Cl\u00e9 pour MC4. Permet de serrer et desserrer les connecteurs MC4. Permet aussi de les d\u00e9brancher l'un de l'autre en se servant de l'enbout ouvert.","breadcrumb":{"@id":"https:\/\/sol-air-tech.com\/product\/cle-pour-mc4\/#breadcrumb"},"inLanguage":"en-CA","potentialAction":[{"@type":"ReadAction","target":["https:\/\/sol-air-tech.com\/product\/cle-pour-mc4\/"]}]},{"@type":"BreadcrumbList","@id":"https:\/\/sol-air-tech.com\/product\/cle-pour-mc4\/#breadcrumb","itemListElement":[{"@type":"ListItem","position":1,"name":"Accueil","item":"https:\/\/sol-air-tech.com\/"},{"@type":"ListItem","position":2,"name":"Boutique","item":"https:\/\/sol-air-tech.com\/en\/boutique\/"},{"@type":"ListItem","position":3,"name":"Cl\u00e9 pour MC4"}]},{"@type":"WebSite","@id":"https:\/\/sol-air-tech.com\/#website","url":"https:\/\/sol-air-tech.com\/","name":"SOL-AIR TECH","description":"vente de mat\u00e9riel \u00e9lectrique","publisher":{"@id":"https:\/\/sol-air-tech.com\/#organization"},"potentialAction":[{"@type":"SearchAction","target":{"@type":"EntryPoint","urlTemplate":"https:\/\/sol-air-tech.com\/?s={search_term_string}"},"query-input":"required name=search_term_string"}],"inLanguage":"en-CA"},{"@type":"Organization","@id":"https:\/\/sol-air-tech.com\/#organization","name":"SOL-AIR TECH","url":"https:\/\/sol-air-tech.com\/","logo":{"@type":"ImageObject","inLanguage":"en-CA","@id":"https:\/\/sol-air-tech.com\/#\/schema\/logo\/image\/","url":"https:\/\/sol-air-tech.com\/wp-content\/uploads\/2023\/07\/lOGOFINAL_SOLAIR_TECH.png","contentUrl":"https:\/\/sol-air-tech.com\/wp-content\/uploads\/2023\/07\/lOGOFINAL_SOLAIR_TECH.png","width":770,"height":306,"caption":"SOL-AIR TECH"},"image":{"@id":"https:\/\/sol-air-tech.com\/#\/schema\/logo\/image\/"}}]}},"_links":{"self":[{"href":"https:\/\/sol-air-tech.com\/en\/wp-json\/wp\/v2\/product\/3534","targetHints":{"allow":["GET"]}}],"collection":[{"href":"https:\/\/sol-air-tech.com\/en\/wp-json\/wp\/v2\/product"}],"about":[{"href":"https:\/\/sol-air-tech.com\/en\/wp-json\/wp\/v2\/types\/product"}],"replies":[{"embeddable":true,"href":"https:\/\/sol-air-tech.com\/en\/wp-json\/wp\/v2\/comments?post=3534"}],"wp:featuredmedia":[{"embeddable":true,"href":"https:\/\/sol-air-tech.com\/en\/wp-json\/wp\/v2\/media\/4142"}],"wp:attachment":[{"href":"https:\/\/sol-air-tech.com\/en\/wp-json\/wp\/v2\/media?parent=3534"}],"wp:term":[{"taxonomy":"product_brand","embeddable":true,"href":"https:\/\/sol-air-tech.com\/en\/wp-json\/wp\/v2\/product_brand?post=3534"},{"taxonomy":"product_cat","embeddable":true,"href":"https:\/\/sol-air-tech.com\/en\/wp-json\/wp\/v2\/product_cat?post=3534"},{"taxonomy":"product_tag","embeddable":true,"href":"https:\/\/sol-air-tech.com\/en\/wp-json\/wp\/v2\/product_tag?post=3534"}],"curies":[{"name":"wp","href":"https:\/\/api.w.org\/{rel}","templated":true}]}}