{"id":3526,"date":"2023-07-29T16:12:29","date_gmt":"2023-07-29T16:12:29","guid":{"rendered":"https:\/\/meteoquebec.ca\/?post_type=product&#038;p=3526"},"modified":"2025-04-07T11:28:57","modified_gmt":"2025-04-07T15:28:57","slug":"mc4-concecteur","status":"publish","type":"product","link":"https:\/\/sol-air-tech.com\/en\/product\/mc4-concecteur\/","title":{"rendered":"MC4 Connector for 6mm\u00b2 cable"},"content":{"rendered":"<ul>\n<li>High quality connectors<\/li>\n<li>Connectors with closed end for male and female cable<\/li>\n<li>Price for the pair (male and female)<\/li>\n<li>Price on request for 50 and more<\/li>\n<li>Also available for 4mm2 cable (part 106-01) as solar panel cable<\/li>\n<li>Also available for 10mm2 cable (part 106-29)<\/li>\n<\/ul>","protected":false},"excerpt":{"rendered":"<ul>\n<li><strong>Price for the pair (male and female)<\/strong><\/li>\n<li>MC4 connector for 6mm\u00b2 solar cable<\/li>\n<li>Water proof, UV resistant<\/li>\n<\/ul>","protected":false},"featured_media":3618,"menu_order":0,"comment_status":"open","ping_status":"closed","template":"","meta":{"content-type":""},"product_brand":[],"product_cat":[154],"product_tag":[],"class_list":{"0":"post-3526","1":"product","2":"type-product","3":"status-publish","4":"has-post-thumbnail","6":"product_cat-mc4-connecteurs","7":"product_shipping_class-petit-produit","9":"first","10":"instock","11":"taxable","12":"shipping-taxable","13":"purchasable","14":"product-type-simple"},"yoast_head":"<!-- This site is optimized with the Yoast SEO plugin v21.5 - https:\/\/yoast.com\/wordpress\/plugins\/seo\/ -->\n<title>MC4 Connecteur pour c\u00e2ble de 6mm\u00b2 - SOL-AIR TECH<\/title>\n<meta name=\"description\" content=\"Connecteurs MC4 avec embout ferm\u00e9 pour c\u00e2ble solaire de 4\/6\/10mm2. \u00c9tanche, r\u00e9siste aux UV. Prix pour la paire (m\u00e2le et femelle)\" \/>\n<meta name=\"robots\" content=\"index, follow, max-snippet:-1, max-image-preview:large, max-video-preview:-1\" \/>\n<link rel=\"canonical\" href=\"https:\/\/sol-air-tech.com\/en\/product\/mc4-concecteur\/\" \/>\n<meta property=\"og:locale\" content=\"en_US\" \/>\n<meta property=\"og:type\" content=\"article\" \/>\n<meta property=\"og:title\" content=\"MC4 Connecteur pour c\u00e2ble de 6mm\u00b2 - SOL-AIR TECH\" \/>\n<meta property=\"og:description\" content=\"Connecteurs MC4 avec embout ferm\u00e9 pour c\u00e2ble solaire de 4\/6\/10mm2. \u00c9tanche, r\u00e9siste aux UV. Prix pour la paire (m\u00e2le et femelle)\" \/>\n<meta property=\"og:url\" content=\"https:\/\/sol-air-tech.com\/en\/product\/mc4-concecteur\/\" \/>\n<meta property=\"og:site_name\" content=\"SOL-AIR TECH\" \/>\n<meta property=\"article:modified_time\" content=\"2025-04-07T15:28:57+00:00\" \/>\n<meta property=\"og:image\" content=\"https:\/\/sol-air-tech.com\/wp-content\/uploads\/2023\/08\/MC4-cable-connector-with-lathed-terminal-e1692613605731.jpg\" \/>\n\t<meta property=\"og:image:width\" content=\"750\" \/>\n\t<meta property=\"og:image:height\" content=\"673\" \/>\n\t<meta property=\"og:image:type\" content=\"image\/jpeg\" \/>\n<meta name=\"twitter:card\" content=\"summary_large_image\" \/>\n<meta name=\"twitter:label1\" content=\"Est. reading time\" \/>\n\t<meta name=\"twitter:data1\" content=\"1 minute\" \/>\n<script type=\"application\/ld+json\" class=\"yoast-schema-graph\">{\"@context\":\"https:\/\/schema.org\",\"@graph\":[{\"@type\":\"WebPage\",\"@id\":\"https:\/\/sol-air-tech.com\/product\/mc4-concecteur\/\",\"url\":\"https:\/\/sol-air-tech.com\/product\/mc4-concecteur\/\",\"name\":\"MC4 Connecteur pour c\u00e2ble de 6mm\u00b2 - SOL-AIR TECH\",\"isPartOf\":{\"@id\":\"https:\/\/sol-air-tech.com\/#website\"},\"datePublished\":\"2023-07-29T16:12:29+00:00\",\"dateModified\":\"2025-04-07T15:28:57+00:00\",\"description\":\"Connecteurs MC4 avec embout ferm\u00e9 pour c\u00e2ble solaire de 4\/6\/10mm2. \u00c9tanche, r\u00e9siste aux UV. Prix pour la paire (m\u00e2le et femelle)\",\"breadcrumb\":{\"@id\":\"https:\/\/sol-air-tech.com\/product\/mc4-concecteur\/#breadcrumb\"},\"inLanguage\":\"en-CA\",\"potentialAction\":[{\"@type\":\"ReadAction\",\"target\":[\"https:\/\/sol-air-tech.com\/product\/mc4-concecteur\/\"]}]},{\"@type\":\"BreadcrumbList\",\"@id\":\"https:\/\/sol-air-tech.com\/product\/mc4-concecteur\/#breadcrumb\",\"itemListElement\":[{\"@type\":\"ListItem\",\"position\":1,\"name\":\"Accueil\",\"item\":\"https:\/\/sol-air-tech.com\/\"},{\"@type\":\"ListItem\",\"position\":2,\"name\":\"Boutique\",\"item\":\"https:\/\/sol-air-tech.com\/en\/boutique\/\"},{\"@type\":\"ListItem\",\"position\":3,\"name\":\"MC4 Connecteur pour c\u00e2ble de 6mm\u00b2\"}]},{\"@type\":\"WebSite\",\"@id\":\"https:\/\/sol-air-tech.com\/#website\",\"url\":\"https:\/\/sol-air-tech.com\/\",\"name\":\"SOL-AIR TECH\",\"description\":\"vente de mat\u00e9riel \u00e9lectrique\",\"publisher\":{\"@id\":\"https:\/\/sol-air-tech.com\/#organization\"},\"potentialAction\":[{\"@type\":\"SearchAction\",\"target\":{\"@type\":\"EntryPoint\",\"urlTemplate\":\"https:\/\/sol-air-tech.com\/?s={search_term_string}\"},\"query-input\":\"required name=search_term_string\"}],\"inLanguage\":\"en-CA\"},{\"@type\":\"Organization\",\"@id\":\"https:\/\/sol-air-tech.com\/#organization\",\"name\":\"SOL-AIR TECH\",\"url\":\"https:\/\/sol-air-tech.com\/\",\"logo\":{\"@type\":\"ImageObject\",\"inLanguage\":\"en-CA\",\"@id\":\"https:\/\/sol-air-tech.com\/#\/schema\/logo\/image\/\",\"url\":\"https:\/\/sol-air-tech.com\/wp-content\/uploads\/2023\/07\/lOGOFINAL_SOLAIR_TECH.png\",\"contentUrl\":\"https:\/\/sol-air-tech.com\/wp-content\/uploads\/2023\/07\/lOGOFINAL_SOLAIR_TECH.png\",\"width\":770,\"height\":306,\"caption\":\"SOL-AIR TECH\"},\"image\":{\"@id\":\"https:\/\/sol-air-tech.com\/#\/schema\/logo\/image\/\"}}]}<\/script>\n<!-- \/ Yoast SEO plugin. -->","yoast_head_json":{"title":"MC4 Connecteur pour c\u00e2ble de 6mm\u00b2 - SOL-AIR TECH","description":"Connecteurs MC4 avec embout ferm\u00e9 pour c\u00e2ble solaire de 4\/6\/10mm2. \u00c9tanche, r\u00e9siste aux UV. Prix pour la paire (m\u00e2le et femelle)","robots":{"index":"index","follow":"follow","max-snippet":"max-snippet:-1","max-image-preview":"max-image-preview:large","max-video-preview":"max-video-preview:-1"},"canonical":"https:\/\/sol-air-tech.com\/en\/product\/mc4-concecteur\/","og_locale":"en_US","og_type":"article","og_title":"MC4 Connecteur pour c\u00e2ble de 6mm\u00b2 - SOL-AIR TECH","og_description":"Connecteurs MC4 avec embout ferm\u00e9 pour c\u00e2ble solaire de 4\/6\/10mm2. \u00c9tanche, r\u00e9siste aux UV. Prix pour la paire (m\u00e2le et femelle)","og_url":"https:\/\/sol-air-tech.com\/en\/product\/mc4-concecteur\/","og_site_name":"SOL-AIR TECH","article_modified_time":"2025-04-07T15:28:57+00:00","og_image":[{"width":750,"height":673,"url":"https:\/\/sol-air-tech.com\/wp-content\/uploads\/2023\/08\/MC4-cable-connector-with-lathed-terminal-e1692613605731.jpg","type":"image\/jpeg"}],"twitter_card":"summary_large_image","twitter_misc":{"Est. reading time":"1 minute"},"schema":{"@context":"https:\/\/schema.org","@graph":[{"@type":"WebPage","@id":"https:\/\/sol-air-tech.com\/product\/mc4-concecteur\/","url":"https:\/\/sol-air-tech.com\/product\/mc4-concecteur\/","name":"MC4 Connecteur pour c\u00e2ble de 6mm\u00b2 - SOL-AIR TECH","isPartOf":{"@id":"https:\/\/sol-air-tech.com\/#website"},"datePublished":"2023-07-29T16:12:29+00:00","dateModified":"2025-04-07T15:28:57+00:00","description":"Connecteurs MC4 avec embout ferm\u00e9 pour c\u00e2ble solaire de 4\/6\/10mm2. \u00c9tanche, r\u00e9siste aux UV. Prix pour la paire (m\u00e2le et femelle)","breadcrumb":{"@id":"https:\/\/sol-air-tech.com\/product\/mc4-concecteur\/#breadcrumb"},"inLanguage":"en-CA","potentialAction":[{"@type":"ReadAction","target":["https:\/\/sol-air-tech.com\/product\/mc4-concecteur\/"]}]},{"@type":"BreadcrumbList","@id":"https:\/\/sol-air-tech.com\/product\/mc4-concecteur\/#breadcrumb","itemListElement":[{"@type":"ListItem","position":1,"name":"Accueil","item":"https:\/\/sol-air-tech.com\/"},{"@type":"ListItem","position":2,"name":"Boutique","item":"https:\/\/sol-air-tech.com\/en\/boutique\/"},{"@type":"ListItem","position":3,"name":"MC4 Connecteur pour c\u00e2ble de 6mm\u00b2"}]},{"@type":"WebSite","@id":"https:\/\/sol-air-tech.com\/#website","url":"https:\/\/sol-air-tech.com\/","name":"SOL-AIR TECH","description":"vente de mat\u00e9riel \u00e9lectrique","publisher":{"@id":"https:\/\/sol-air-tech.com\/#organization"},"potentialAction":[{"@type":"SearchAction","target":{"@type":"EntryPoint","urlTemplate":"https:\/\/sol-air-tech.com\/?s={search_term_string}"},"query-input":"required name=search_term_string"}],"inLanguage":"en-CA"},{"@type":"Organization","@id":"https:\/\/sol-air-tech.com\/#organization","name":"SOL-AIR TECH","url":"https:\/\/sol-air-tech.com\/","logo":{"@type":"ImageObject","inLanguage":"en-CA","@id":"https:\/\/sol-air-tech.com\/#\/schema\/logo\/image\/","url":"https:\/\/sol-air-tech.com\/wp-content\/uploads\/2023\/07\/lOGOFINAL_SOLAIR_TECH.png","contentUrl":"https:\/\/sol-air-tech.com\/wp-content\/uploads\/2023\/07\/lOGOFINAL_SOLAIR_TECH.png","width":770,"height":306,"caption":"SOL-AIR TECH"},"image":{"@id":"https:\/\/sol-air-tech.com\/#\/schema\/logo\/image\/"}}]}},"_links":{"self":[{"href":"https:\/\/sol-air-tech.com\/en\/wp-json\/wp\/v2\/product\/3526","targetHints":{"allow":["GET"]}}],"collection":[{"href":"https:\/\/sol-air-tech.com\/en\/wp-json\/wp\/v2\/product"}],"about":[{"href":"https:\/\/sol-air-tech.com\/en\/wp-json\/wp\/v2\/types\/product"}],"replies":[{"embeddable":true,"href":"https:\/\/sol-air-tech.com\/en\/wp-json\/wp\/v2\/comments?post=3526"}],"wp:featuredmedia":[{"embeddable":true,"href":"https:\/\/sol-air-tech.com\/en\/wp-json\/wp\/v2\/media\/3618"}],"wp:attachment":[{"href":"https:\/\/sol-air-tech.com\/en\/wp-json\/wp\/v2\/media?parent=3526"}],"wp:term":[{"taxonomy":"product_brand","embeddable":true,"href":"https:\/\/sol-air-tech.com\/en\/wp-json\/wp\/v2\/product_brand?post=3526"},{"taxonomy":"product_cat","embeddable":true,"href":"https:\/\/sol-air-tech.com\/en\/wp-json\/wp\/v2\/product_cat?post=3526"},{"taxonomy":"product_tag","embeddable":true,"href":"https:\/\/sol-air-tech.com\/en\/wp-json\/wp\/v2\/product_tag?post=3526"}],"curies":[{"name":"wp","href":"https:\/\/api.w.org\/{rel}","templated":true}]}}