{"id":980,"date":"2019-07-25T07:45:18","date_gmt":"2019-07-25T07:45:18","guid":{"rendered":"http:\/\/meteoquebec.ca\/?page_id=980"},"modified":"2023-09-25T13:27:05","modified_gmt":"2023-09-25T17:27:05","slug":"about","status":"publish","type":"page","link":"https:\/\/sol-air-tech.com\/en\/about\/","title":{"rendered":"About Us"},"content":{"rendered":"<div data-elementor-type=\"wp-post\" data-elementor-id=\"980\" class=\"elementor elementor-980\">\n\t\t\t\t\t\t<section class=\"elementor-section elementor-top-section elementor-element elementor-element-20daaa1 elementor-section-boxed elementor-section-height-default elementor-section-height-default\" data-id=\"20daaa1\" data-element_type=\"section\">\n\t\t\t\t\t\t<div class=\"elementor-container elementor-column-gap-default\">\n\t\t\t\t\t<div class=\"elementor-column elementor-col-50 elementor-top-column elementor-element elementor-element-bce54dc\" data-id=\"bce54dc\" data-element_type=\"column\">\n\t\t\t<div class=\"elementor-widget-wrap elementor-element-populated\">\n\t\t\t\t\t\t<div class=\"elementor-element elementor-element-45229b3 elementor-widget elementor-widget-rt-title\" data-id=\"45229b3\" data-element_type=\"widget\" data-widget_type=\"rt-title.default\">\n\t\t\t\t<div class=\"elementor-widget-container\">\n\t\t\t\t\t<div class=\"rt-el-title rtin-style-2 rtin-align-left\">\r\n\t<h3 class=\"rtin-title\">About Us<\/h3>\r\n\t<\/div>\t\t\t\t<\/div>\n\t\t\t\t<\/div>\n\t\t\t\t<div class=\"elementor-element elementor-element-75591e8 elementor-widget elementor-widget-text-editor\" data-id=\"75591e8\" data-element_type=\"widget\" data-widget_type=\"text-editor.default\">\n\t\t\t\t<div class=\"elementor-widget-container\">\n\t\t\t\t\t\t\t\t\t<p><span style=\"font-size: large;\">Sol-Air Tech is a company that specializes in renewable energy, particularly for off-grid systems, that is to say for those that are not connected to an electrical network like Hydro-Qu\u00e9bec or all other companies. electricity specific to each province or territory.<\/span><\/p><p><span style=\"font-size: large;\">Renewable energy equipment is constantly evolving, we are always on the lookout for new developments. This is why we favor hybrid inverters which are the centerpiece of an off-grid system. All connections are made on the inverter whether it is an AC input source (generator or electrical network), solar panels, batteries and AC current production.<\/span><\/p><p><span style=\"font-size: large;\">We are here to help you create your project according to your needs and your budget.<\/span><\/p><p><span style=\"font-size: large;\">This off-grid system with a hybrid inverter also has the advantage of being able to be installed in your home or business in order to predict electrical outages. <\/span><\/p><p><span style=\"font-size: large;\">Do not hesitate to contact us for more information.<\/span><\/p>\t\t\t\t\t\t\t\t<\/div>\n\t\t\t\t<\/div>\n\t\t\t\t\t<\/div>\n\t\t<\/div>\n\t\t\t\t<div class=\"elementor-column elementor-col-50 elementor-top-column elementor-element elementor-element-fba56fc\" data-id=\"fba56fc\" data-element_type=\"column\">\n\t\t\t<div class=\"elementor-widget-wrap elementor-element-populated\">\n\t\t\t\t\t\t<div class=\"elementor-element elementor-element-9919564 elementor-widget elementor-widget-image\" data-id=\"9919564\" data-element_type=\"widget\" data-widget_type=\"image.default\">\n\t\t\t\t<div class=\"elementor-widget-container\">\n\t\t\t\t\t\t\t\t\t\t\t\t\t\t\t<img decoding=\"async\" src=\"http:\/\/sol-air-tech.com\/wp-content\/uploads\/2019\/07\/about.jpg\" title=\"\" alt=\"\" loading=\"lazy\" \/>\t\t\t\t\t\t\t\t\t\t\t\t\t\t\t<\/div>\n\t\t\t\t<\/div>\n\t\t\t\t\t<\/div>\n\t\t<\/div>\n\t\t\t\t\t<\/div>\n\t\t<\/section>\n\t\t\t\t<\/div>","protected":false},"excerpt":{"rendered":"<p>\u00c0 propos de nous Sol-Air Tech est une entreprise qui se sp\u00e9cialise dans l\u2019\u00e9nergie renouvelable plus particuli\u00e8rement pour les syst\u00e8mes hors r\u00e9seau, c\u2019est-\u00e0-dire pour ceux qui ne sont pas branch\u00e9s sur un r\u00e9seau \u00e9lectrique comme Hydro-Qu\u00e9bec ou toutes les autres compagnies \u00e9lectriques propres \u00e0 chaque province ou territoire. Les \u00e9quipements d\u2019\u00e9nergie renouvelable \u00e9voluent constamment, nous &#8230;<\/p>","protected":false},"author":1,"featured_media":0,"parent":0,"menu_order":0,"comment_status":"closed","ping_status":"closed","template":"templates\/blank.php","meta":{"content-type":"","footnotes":""},"class_list":["post-980","page","type-page","status-publish","hentry"],"yoast_head":"<!-- This site is optimized with the Yoast SEO plugin v21.5 - https:\/\/yoast.com\/wordpress\/plugins\/seo\/ -->\n<title>\u00c0 Propos de nous - SOL-AIR TECH<\/title>\n<meta name=\"robots\" content=\"index, follow, max-snippet:-1, max-image-preview:large, max-video-preview:-1\" \/>\n<link rel=\"canonical\" href=\"https:\/\/sol-air-tech.com\/en\/about\/\" \/>\n<meta property=\"og:locale\" content=\"en_US\" \/>\n<meta property=\"og:type\" content=\"article\" \/>\n<meta property=\"og:title\" content=\"\u00c0 Propos de nous - SOL-AIR TECH\" \/>\n<meta property=\"og:description\" content=\"\u00c0 propos de nous Sol-Air Tech est une entreprise qui se sp\u00e9cialise dans l\u2019\u00e9nergie renouvelable plus particuli\u00e8rement pour les syst\u00e8mes hors r\u00e9seau, c\u2019est-\u00e0-dire pour ceux qui ne sont pas branch\u00e9s sur un r\u00e9seau \u00e9lectrique comme Hydro-Qu\u00e9bec ou toutes les autres compagnies \u00e9lectriques propres \u00e0 chaque province ou territoire. Les \u00e9quipements d\u2019\u00e9nergie renouvelable \u00e9voluent constamment, nous ...\" \/>\n<meta property=\"og:url\" content=\"https:\/\/sol-air-tech.com\/en\/about\/\" \/>\n<meta property=\"og:site_name\" content=\"SOL-AIR TECH\" \/>\n<meta property=\"article:modified_time\" content=\"2023-09-25T17:27:05+00:00\" \/>\n<meta property=\"og:image\" content=\"https:\/\/sol-air-tech.com\/wp-content\/uploads\/elementor\/thumbs\/about-q9xwk6xr54jnftgbyt250ej6kfhwzq0f3opmvpd5ka.jpg\" \/>\n<meta name=\"twitter:card\" content=\"summary_large_image\" \/>\n<meta name=\"twitter:label1\" content=\"Est. reading time\" \/>\n\t<meta name=\"twitter:data1\" content=\"1 minute\" \/>\n<script type=\"application\/ld+json\" class=\"yoast-schema-graph\">{\"@context\":\"https:\/\/schema.org\",\"@graph\":[{\"@type\":\"WebPage\",\"@id\":\"https:\/\/sol-air-tech.com\/about\/\",\"url\":\"https:\/\/sol-air-tech.com\/about\/\",\"name\":\"\u00c0 Propos de nous - SOL-AIR TECH\",\"isPartOf\":{\"@id\":\"https:\/\/sol-air-tech.com\/#website\"},\"datePublished\":\"2019-07-25T07:45:18+00:00\",\"dateModified\":\"2023-09-25T17:27:05+00:00\",\"breadcrumb\":{\"@id\":\"https:\/\/sol-air-tech.com\/about\/#breadcrumb\"},\"inLanguage\":\"en-CA\",\"potentialAction\":[{\"@type\":\"ReadAction\",\"target\":[\"https:\/\/sol-air-tech.com\/about\/\"]}]},{\"@type\":\"BreadcrumbList\",\"@id\":\"https:\/\/sol-air-tech.com\/about\/#breadcrumb\",\"itemListElement\":[{\"@type\":\"ListItem\",\"position\":1,\"name\":\"Accueil\",\"item\":\"https:\/\/sol-air-tech.com\/\"},{\"@type\":\"ListItem\",\"position\":2,\"name\":\"\u00c0 Propos de nous\"}]},{\"@type\":\"WebSite\",\"@id\":\"https:\/\/sol-air-tech.com\/#website\",\"url\":\"https:\/\/sol-air-tech.com\/\",\"name\":\"SOL-AIR TECH\",\"description\":\"vente de mat\u00e9riel \u00e9lectrique\",\"publisher\":{\"@id\":\"https:\/\/sol-air-tech.com\/#organization\"},\"potentialAction\":[{\"@type\":\"SearchAction\",\"target\":{\"@type\":\"EntryPoint\",\"urlTemplate\":\"https:\/\/sol-air-tech.com\/?s={search_term_string}\"},\"query-input\":\"required name=search_term_string\"}],\"inLanguage\":\"en-CA\"},{\"@type\":\"Organization\",\"@id\":\"https:\/\/sol-air-tech.com\/#organization\",\"name\":\"SOL-AIR TECH\",\"url\":\"https:\/\/sol-air-tech.com\/\",\"logo\":{\"@type\":\"ImageObject\",\"inLanguage\":\"en-CA\",\"@id\":\"https:\/\/sol-air-tech.com\/#\/schema\/logo\/image\/\",\"url\":\"https:\/\/sol-air-tech.com\/wp-content\/uploads\/2023\/07\/lOGOFINAL_SOLAIR_TECH.png\",\"contentUrl\":\"https:\/\/sol-air-tech.com\/wp-content\/uploads\/2023\/07\/lOGOFINAL_SOLAIR_TECH.png\",\"width\":770,\"height\":306,\"caption\":\"SOL-AIR TECH\"},\"image\":{\"@id\":\"https:\/\/sol-air-tech.com\/#\/schema\/logo\/image\/\"}}]}<\/script>\n<!-- \/ Yoast SEO plugin. -->","yoast_head_json":{"title":"\u00c0 Propos de nous - SOL-AIR TECH","robots":{"index":"index","follow":"follow","max-snippet":"max-snippet:-1","max-image-preview":"max-image-preview:large","max-video-preview":"max-video-preview:-1"},"canonical":"https:\/\/sol-air-tech.com\/en\/about\/","og_locale":"en_US","og_type":"article","og_title":"\u00c0 Propos de nous - SOL-AIR TECH","og_description":"\u00c0 propos de nous Sol-Air Tech est une entreprise qui se sp\u00e9cialise dans l\u2019\u00e9nergie renouvelable plus particuli\u00e8rement pour les syst\u00e8mes hors r\u00e9seau, c\u2019est-\u00e0-dire pour ceux qui ne sont pas branch\u00e9s sur un r\u00e9seau \u00e9lectrique comme Hydro-Qu\u00e9bec ou toutes les autres compagnies \u00e9lectriques propres \u00e0 chaque province ou territoire. Les \u00e9quipements d\u2019\u00e9nergie renouvelable \u00e9voluent constamment, nous ...","og_url":"https:\/\/sol-air-tech.com\/en\/about\/","og_site_name":"SOL-AIR TECH","article_modified_time":"2023-09-25T17:27:05+00:00","og_image":[{"url":"https:\/\/sol-air-tech.com\/wp-content\/uploads\/elementor\/thumbs\/about-q9xwk6xr54jnftgbyt250ej6kfhwzq0f3opmvpd5ka.jpg"}],"twitter_card":"summary_large_image","twitter_misc":{"Est. reading time":"1 minute"},"schema":{"@context":"https:\/\/schema.org","@graph":[{"@type":"WebPage","@id":"https:\/\/sol-air-tech.com\/about\/","url":"https:\/\/sol-air-tech.com\/about\/","name":"\u00c0 Propos de nous - SOL-AIR TECH","isPartOf":{"@id":"https:\/\/sol-air-tech.com\/#website"},"datePublished":"2019-07-25T07:45:18+00:00","dateModified":"2023-09-25T17:27:05+00:00","breadcrumb":{"@id":"https:\/\/sol-air-tech.com\/about\/#breadcrumb"},"inLanguage":"en-CA","potentialAction":[{"@type":"ReadAction","target":["https:\/\/sol-air-tech.com\/about\/"]}]},{"@type":"BreadcrumbList","@id":"https:\/\/sol-air-tech.com\/about\/#breadcrumb","itemListElement":[{"@type":"ListItem","position":1,"name":"Accueil","item":"https:\/\/sol-air-tech.com\/"},{"@type":"ListItem","position":2,"name":"\u00c0 Propos de nous"}]},{"@type":"WebSite","@id":"https:\/\/sol-air-tech.com\/#website","url":"https:\/\/sol-air-tech.com\/","name":"SOL-AIR TECH","description":"vente de mat\u00e9riel \u00e9lectrique","publisher":{"@id":"https:\/\/sol-air-tech.com\/#organization"},"potentialAction":[{"@type":"SearchAction","target":{"@type":"EntryPoint","urlTemplate":"https:\/\/sol-air-tech.com\/?s={search_term_string}"},"query-input":"required name=search_term_string"}],"inLanguage":"en-CA"},{"@type":"Organization","@id":"https:\/\/sol-air-tech.com\/#organization","name":"SOL-AIR TECH","url":"https:\/\/sol-air-tech.com\/","logo":{"@type":"ImageObject","inLanguage":"en-CA","@id":"https:\/\/sol-air-tech.com\/#\/schema\/logo\/image\/","url":"https:\/\/sol-air-tech.com\/wp-content\/uploads\/2023\/07\/lOGOFINAL_SOLAIR_TECH.png","contentUrl":"https:\/\/sol-air-tech.com\/wp-content\/uploads\/2023\/07\/lOGOFINAL_SOLAIR_TECH.png","width":770,"height":306,"caption":"SOL-AIR TECH"},"image":{"@id":"https:\/\/sol-air-tech.com\/#\/schema\/logo\/image\/"}}]}},"_links":{"self":[{"href":"https:\/\/sol-air-tech.com\/en\/wp-json\/wp\/v2\/pages\/980","targetHints":{"allow":["GET"]}}],"collection":[{"href":"https:\/\/sol-air-tech.com\/en\/wp-json\/wp\/v2\/pages"}],"about":[{"href":"https:\/\/sol-air-tech.com\/en\/wp-json\/wp\/v2\/types\/page"}],"author":[{"embeddable":true,"href":"https:\/\/sol-air-tech.com\/en\/wp-json\/wp\/v2\/users\/1"}],"replies":[{"embeddable":true,"href":"https:\/\/sol-air-tech.com\/en\/wp-json\/wp\/v2\/comments?post=980"}],"version-history":[{"count":6,"href":"https:\/\/sol-air-tech.com\/en\/wp-json\/wp\/v2\/pages\/980\/revisions"}],"predecessor-version":[{"id":4076,"href":"https:\/\/sol-air-tech.com\/en\/wp-json\/wp\/v2\/pages\/980\/revisions\/4076"}],"wp:attachment":[{"href":"https:\/\/sol-air-tech.com\/en\/wp-json\/wp\/v2\/media?parent=980"}],"curies":[{"name":"wp","href":"https:\/\/api.w.org\/{rel}","templated":true}]}}