{"id":2567,"date":"2020-12-29T04:52:50","date_gmt":"2020-12-29T04:52:50","guid":{"rendered":"http:\/\/meteoquebec.ca\/?page_id=2567"},"modified":"2023-09-22T13:22:53","modified_gmt":"2023-09-22T17:22:53","slug":"politique-de-confidentialite","status":"publish","type":"page","link":"https:\/\/sol-air-tech.com\/en\/politique-de-confidentialite\/","title":{"rendered":"Privacy Policy"},"content":{"rendered":"<div data-elementor-type=\"wp-page\" data-elementor-id=\"2567\" class=\"elementor elementor-2567\">\n\t\t\t\t<section class=\"elementor-section elementor-top-section elementor-element elementor-element-4a12e503 elementor-section-boxed elementor-section-height-default elementor-section-height-default\" data-id=\"4a12e503\" data-element_type=\"section\">\n\t\t\t\t\t\t<div class=\"elementor-container elementor-column-gap-default\">\n\t\t\t\t\t<div class=\"elementor-column elementor-col-100 elementor-top-column elementor-element elementor-element-1271c3b1\" data-id=\"1271c3b1\" data-element_type=\"column\">\n\t\t\t<div class=\"elementor-widget-wrap elementor-element-populated\">\n\t\t\t\t\t\t<div class=\"elementor-element elementor-element-5f881f1 elementor-widget elementor-widget-text-editor\" data-id=\"5f881f1\" data-element_type=\"widget\" data-widget_type=\"text-editor.default\">\n\t\t\t\t<div class=\"elementor-widget-container\"><h1 class=\"wp-block-heading\">Privacy Policy<\/h1><p><span style=\"font-weight: 400;\">Terms and conditions<\/span><\/p>\n<h3 class=\"wp-block-heading\">\u00a0<\/h3>\n<p><span style=\"font-weight: 400;\">MODALIT\u00c9S ET CONDITIONS D&#8217;UTILISATION DU SITE. Ce site est la propri\u00e9t\u00e9 de et contr\u00f4l\u00e9 par SOL-AIR TECH INC.. Vous \u00eates pri\u00e9s de prendre connaissance des modalit\u00e9s et conditions r\u00e9gissant l&#8217;utilisation de ce site. En acc\u00e9dant \u00e0 ce site, vous acceptez de vous lier \u00e0 ces modalit\u00e9s et conditions, lesquelles peuvent \u00eatre modifi\u00e9es \u00e0 tout moment et sans pr\u00e9avis \u00e9crit par SOL-AIR TECH INC.. Le contenu int\u00e9gral, y compris, sans s&#8217;y limiter, tous les textes, designs, ic\u00f4nes, photographies, codes et logiciels utilis\u00e9s ou int\u00e9gr\u00e9s \u00e0 ce site, ainsi que l&#8217;organisation et la pr\u00e9sentation de son contenu sont des marques d\u00e9pos\u00e9es, des informations prot\u00e9g\u00e9es par le droit d&#8217;auteur ou un autre droit de propri\u00e9t\u00e9 intellectuelle de SOL-AIR TECH INC.. Ce site Web peut incorporer des liens vers d&#8217;autres sites. SOL-AIR TECH INC.. ne prend aucun engagement concernant tout site Internet auquel vous pourriez avoir acc\u00e8s via le sien, et se d\u00e9clare tout \u00e0 fait ind\u00e9pendant face \u00e0 ces sites. SOL-AIR TECH INC.. n&#8217;exerce aucun contr\u00f4le sur le contenu de ces sites et la pr\u00e9sence de ces liens ne constitue d&#8217;aucune fa\u00e7on son adh\u00e9sion aux autres sites Internet.<\/span><\/p>\n<p><span style=\"font-weight: 400;\">Vous acceptez que toute l\u2019information publi\u00e9e sur ce site soit offerte telle quelle, \u00e0 titre informatif, sans aucune garantie, en tout temps, quant \u00e0 son exactitude, y compris toute garantie implicite de qualit\u00e9, d&#8217;adaptation \u00e0 un usage particulier et d&#8217;absence de contrefa\u00e7on. Malgr\u00e9 tous les efforts raisonnables d\u00e9ploy\u00e9s pour assurer l&#8217;exactitude et la mise \u00e0 jour du contenu de son site, SOL-AIR TECH INC.. n&#8217;assume aucune responsabilit\u00e9 \u00e0 l&#8217;\u00e9gard de l&#8217;exactitude ou de la validit\u00e9 des d\u00e9clarations renferm\u00e9es dans les documents et \u00e9crits divers contenus sur ce site Web. Vous vous engagez \u00e0 utiliser ce site Web \u00e0 vos propres risques. SOL-AIR TECH INC.. ses soci\u00e9t\u00e9s affili\u00e9es ainsi que ses dirigeants, administrateurs, employ\u00e9s, agents, successeurs ou cessionnaires ne doivent en aucun cas \u00eatre tenus responsables de tous dommages, y compris et sans limitation, les dommages directs, indirects, sp\u00e9ciaux, ou cons\u00e9cutifs, qui pourraient r\u00e9sulter de l&#8217;utilisation de ce site Web, m\u00eame si SOL-AIR TECH INC.. ou l&#8217;une de ses soci\u00e9t\u00e9s affili\u00e9es a \u00e9t\u00e9 inform\u00e9e ou aurait d\u00fb \u00eatre inform\u00e9e de la possibilit\u00e9 de tels dommages.<\/span><\/p>\n<p><span style=\"font-weight: 400;\">Les pr\u00e9sentes modalit\u00e9s et conditions d&#8217;utilisation de ce site sont r\u00e9gies et interpr\u00e9t\u00e9es conform\u00e9ment aux lois de la province de Qu\u00e9bec, nonobstant tout conflit de juridiction. Tout litige relatif \u00e0 ce site Web, aux modalit\u00e9s et conditions, ou \u00e0 toute transaction, incluant la vente d&#8217;un produit, en utilisant ce site Web, sera r\u00e9gi par les lois de la province du Qu\u00e9bec.\u00a0<\/span><\/p>\n<h3 class=\"wp-block-heading\">\u00a0<\/h3>\n<p><span style=\"font-weight: 400;\">Si vous avez des questions ou des commentaires, n&#8217;h\u00e9sitez pas \u00e0 les adresser \u00e0 Jean-Marc Pich\u00e9.\u00a0<\/span><\/p>\n<p><span style=\"font-weight: 400;\">Head office address: SOL-AIR TECH INC\u2026 27 rue des D\u00e9riveurs, Fossambault-sur-le-Lac (Qu\u00e9bec) G3N 2A9, Canada<\/span><\/p>\n<h3 class=\"wp-block-heading\">\u00a0<\/h3>\n<p><span style=\"font-weight: 400;\">SOL-AIR TECH INC.. est enregistr\u00e9 au Registraire des entreprises du Qu\u00e9bec sous le num\u00e9ro d&#8217;entreprise (NEQ): 1164943418 . Le site Web (y compris son contenu, les photos, et toute autre information comprise dans le texte) est la propri\u00e9t\u00e9 de SOL-AIR TECH INC.. et est prot\u00e9g\u00e9 par les lois canadiennes et internationales sur le droit d&#8217;auteur. Toutes reproductions ou utilisation de ces \u00e9l\u00e9ments sont formellement interdites sans le consentement de SOL-AIR TECH INC..<\/span><\/p>\n<h3 class=\"wp-block-heading\"><br \/><br \/><\/h3>\n<p><span style=\"font-weight: 400;\">Privacy Policy<\/span><\/p>\n<h3 class=\"wp-block-heading\">\u00a0<\/h3>\n<p><span style=\"font-weight: 400;\">We are committed to respecting the privacy of our users and we take the protection of their personal data very seriously. This privacy policy explains how we collect, use and share the information we collect through our website.<\/span><\/p>\n<h3 class=\"wp-block-heading\"><br \/><br \/><\/h3>\n<p><span style=\"font-weight: 400;\">Collection of personal data<\/span><\/p>\n<p><span style=\"font-weight: 400;\">We only collect personal information necessary to provide our services and to respond to user requests. We collect the following information:<\/span><\/p>\n<ul>\n<li style=\"font-weight: 400;\" aria-level=\"1\"><span style=\"font-weight: 400;\">First and last name<\/span><\/li>\n<li style=\"font-weight: 400;\" aria-level=\"1\"><span style=\"font-weight: 400;\">E-mail address<\/span><\/li>\n<li style=\"font-weight: 400;\" aria-level=\"1\"><span style=\"font-weight: 400;\">Address<\/span><\/li>\n<li style=\"font-weight: 400;\" aria-level=\"1\"><span style=\"font-weight: 400;\">Phone number<\/span><\/li>\n<\/ul>\n<h3 class=\"wp-block-heading\">\u00a0<\/h3>\n<p><span style=\"font-weight: 400;\">Utilisation des donn\u00e9es personnelles. Nous n&#8217;utilisons les donn\u00e9es personnelles collect\u00e9es que dans les cas suivants :<\/span><\/p>\n<ul>\n<li style=\"font-weight: 400;\" aria-level=\"1\"><span style=\"font-weight: 400;\">To respond to user requests<\/span><\/li>\n<li style=\"font-weight: 400;\" aria-level=\"1\"><span style=\"font-weight: 400;\">To process payments and issue refunds if necessary<\/span><\/li>\n<li style=\"font-weight: 400;\" aria-level=\"1\"><span style=\"font-weight: 400;\">Pour envoyer des newsletters ou des offres promotionnelles si l&#8217;utilisateur a donn\u00e9 son consentement<\/span><\/li>\n<li style=\"font-weight: 400;\" aria-level=\"1\"><span style=\"font-weight: 400;\">To improve our services and adapt our website to user needs<\/span><\/li>\n<\/ul>\n<h3 class=\"wp-block-heading\">\u00a0<\/h3>\n<p><span style=\"font-weight: 400;\">Sharing of personal data<\/span><\/p>\n<p><span style=\"font-weight: 400;\">We do not share our users&#039; personal data with third parties, except in the following cases:<\/span><\/p>\n<ul>\n<li style=\"font-weight: 400;\" aria-level=\"1\"><span style=\"font-weight: 400;\">Improvements for ad targeting with Google and Facebook<\/span><\/li>\n<li style=\"font-weight: 400;\" aria-level=\"1\"><span style=\"font-weight: 400;\">Si l&#8217;utilisateur a donn\u00e9 son consentement<\/span><\/li>\n<li style=\"font-weight: 400;\" aria-level=\"1\"><span style=\"font-weight: 400;\">Si la loi l&#8217;exige ou si une autorit\u00e9 gouvernementale nous demande de fournir des informations<\/span><\/li>\n<\/ul>\n<h3 class=\"wp-block-heading\">\u00a0<\/h3>\n<p><span style=\"font-weight: 400;\">Cookies<\/span><\/p>\n<p><span style=\"font-weight: 400;\">Nous utilisons des cookies pour am\u00e9liorer l&#8217;exp\u00e9rience utilisateur sur notre site web. Les cookies sont de petits fichiers texte qui sont stock\u00e9s sur le disque dur de l&#8217;utilisateur. Les cookies que nous utilisons ne contiennent pas d&#8217;informations personnelles identifiables.<\/span><\/p>\n<h3 class=\"wp-block-heading\"><br \/><br \/><\/h3>\n<p><span style=\"font-weight: 400;\">Security of personal data<\/span><\/p>\n<p><span style=\"font-weight: 400;\">We take appropriate security measures to protect our users&#039; personal data from unauthorized use, modification or destruction. We use security protocols to protect sensitive information transmitted online.<\/span><\/p>\n<h3 class=\"wp-block-heading\">\u00a0<\/h3>\n<p><span style=\"font-weight: 400;\">User rights<\/span><\/p>\n<h3 class=\"wp-block-heading\">\u00a0<\/h3>\n<p><span style=\"font-weight: 400;\">Users have the right to:<\/span><\/p>\n<h3 class=\"wp-block-heading\">\u00a0<\/h3>\n<ul>\n<li style=\"font-weight: 400;\" aria-level=\"1\"><span style=\"font-weight: 400;\">Access the personal data we have collected about them<\/span><\/li>\n<li style=\"font-weight: 400;\" aria-level=\"1\"><span style=\"font-weight: 400;\">Request correction of their personal data<\/span><\/li>\n<li style=\"font-weight: 400;\" aria-level=\"1\"><span style=\"font-weight: 400;\">Request deletion of their personal data<\/span><\/li>\n<li style=\"font-weight: 400;\" aria-level=\"1\"><span style=\"font-weight: 400;\">S&#8217;opposer \u00e0 l&#8217;utilisation de leurs donn\u00e9es personnelles \u00e0 des fins de marketing direct<\/span><\/li>\n<li style=\"font-weight: 400;\" aria-level=\"1\"><span style=\"font-weight: 400;\">Privacy Policy Changes<\/span><\/li>\n<li style=\"font-weight: 400;\" aria-level=\"1\"><span style=\"font-weight: 400;\">We may update this privacy policy from time to time. We encourage users to check this page regularly for any changes.<\/span><\/li>\n<li style=\"font-weight: 400;\" aria-level=\"1\"><span style=\"font-weight: 400;\">Si vous avez des questions ou des pr\u00e9occupations concernant notre politique de confidentialit\u00e9, n&#8217;h\u00e9sitez pas \u00e0 nous contacter.\u00a0<\/span><\/li>\n<\/ul>\n<h3 class=\"wp-block-heading\">\u00a0<\/h3>\n<p><span style=\"font-weight: 400;\">The person responsible for the protection of personal information is Jean-Marc Pich\u00e9 at 418-809-9738<\/span><\/p>\n<h3 class=\"wp-block-heading\">\u00a0<\/h3>\n<p><span style=\"font-weight: 400;\">SOL-AIR TECH INC.. implements various internal procedures to ensure the protection of personal information. The objective of these measures is to enhance the protection of information collected by the company in order to preserve its confidential nature. Our security measures are constantly improved and updated. If you have any questions or complaints regarding our personal information practices, please let us know by contacting us by email at: <\/span><span style=\"font-weight: 400;\">info@sol-air-tech.com<\/span><span style=\"font-weight: 400;\"> or by telephone at 418-809-9738 to Jean-Marc Pich\u00e9.<\/span><\/p><\/div>\n\t\t\t\t<\/div>\n\t\t\t\t\t<\/div>\n\t\t<\/div>\n\t\t\t\t\t<\/div>\n\t\t<\/section>\t\t<\/div>","protected":false},"excerpt":{"rendered":"<p>Politique de Confidentialit\u00e9 Termes et Conditions \u00a0 MODALIT\u00c9S ET CONDITIONS D&#8217;UTILISATION DU SITE. Ce site est la propri\u00e9t\u00e9 de et contr\u00f4l\u00e9 par SOL-AIR TECH INC.. Vous \u00eates pri\u00e9s de prendre connaissance des modalit\u00e9s et conditions r\u00e9gissant l&#8217;utilisation de ce site. En acc\u00e9dant \u00e0 ce site, vous acceptez de vous lier \u00e0 ces modalit\u00e9s et conditions, &#8230;<\/p>","protected":false},"author":1,"featured_media":0,"parent":0,"menu_order":0,"comment_status":"closed","ping_status":"closed","template":"","meta":{"content-type":"","footnotes":""},"class_list":["post-2567","page","type-page","status-publish","hentry"],"yoast_head":"<!-- This site is optimized with the Yoast SEO plugin v21.5 - https:\/\/yoast.com\/wordpress\/plugins\/seo\/ -->\n<title>Politique de confidentialit\u00e9 - SOL-AIR TECH<\/title>\n<meta name=\"robots\" content=\"index, follow, max-snippet:-1, max-image-preview:large, max-video-preview:-1\" \/>\n<link rel=\"canonical\" href=\"https:\/\/sol-air-tech.com\/en\/politique-de-confidentialite\/\" \/>\n<meta property=\"og:locale\" content=\"en_US\" \/>\n<meta property=\"og:type\" content=\"article\" \/>\n<meta property=\"og:title\" content=\"Politique de confidentialit\u00e9 - SOL-AIR TECH\" \/>\n<meta property=\"og:description\" content=\"Politique de Confidentialit\u00e9 Termes et Conditions \u00a0 MODALIT\u00c9S ET CONDITIONS D&#8217;UTILISATION DU SITE. Ce site est la propri\u00e9t\u00e9 de et contr\u00f4l\u00e9 par SOL-AIR TECH INC.. Vous \u00eates pri\u00e9s de prendre connaissance des modalit\u00e9s et conditions r\u00e9gissant l&#8217;utilisation de ce site. En acc\u00e9dant \u00e0 ce site, vous acceptez de vous lier \u00e0 ces modalit\u00e9s et conditions, ...\" \/>\n<meta property=\"og:url\" content=\"https:\/\/sol-air-tech.com\/en\/politique-de-confidentialite\/\" \/>\n<meta property=\"og:site_name\" content=\"SOL-AIR TECH\" \/>\n<meta property=\"article:modified_time\" content=\"2023-09-22T17:22:53+00:00\" \/>\n<meta name=\"twitter:card\" content=\"summary_large_image\" \/>\n<meta name=\"twitter:label1\" content=\"Est. reading time\" \/>\n\t<meta name=\"twitter:data1\" content=\"6 minutes\" \/>\n<script type=\"application\/ld+json\" class=\"yoast-schema-graph\">{\"@context\":\"https:\/\/schema.org\",\"@graph\":[{\"@type\":\"WebPage\",\"@id\":\"https:\/\/sol-air-tech.com\/politique-de-confidentialite\/\",\"url\":\"https:\/\/sol-air-tech.com\/politique-de-confidentialite\/\",\"name\":\"Politique de confidentialit\u00e9 - SOL-AIR TECH\",\"isPartOf\":{\"@id\":\"https:\/\/sol-air-tech.com\/#website\"},\"datePublished\":\"2020-12-29T04:52:50+00:00\",\"dateModified\":\"2023-09-22T17:22:53+00:00\",\"breadcrumb\":{\"@id\":\"https:\/\/sol-air-tech.com\/politique-de-confidentialite\/#breadcrumb\"},\"inLanguage\":\"en-CA\",\"potentialAction\":[{\"@type\":\"ReadAction\",\"target\":[\"https:\/\/sol-air-tech.com\/politique-de-confidentialite\/\"]}]},{\"@type\":\"BreadcrumbList\",\"@id\":\"https:\/\/sol-air-tech.com\/politique-de-confidentialite\/#breadcrumb\",\"itemListElement\":[{\"@type\":\"ListItem\",\"position\":1,\"name\":\"Accueil\",\"item\":\"https:\/\/sol-air-tech.com\/\"},{\"@type\":\"ListItem\",\"position\":2,\"name\":\"Politique de confidentialit\u00e9\"}]},{\"@type\":\"WebSite\",\"@id\":\"https:\/\/sol-air-tech.com\/#website\",\"url\":\"https:\/\/sol-air-tech.com\/\",\"name\":\"SOL-AIR TECH\",\"description\":\"vente de mat\u00e9riel \u00e9lectrique\",\"publisher\":{\"@id\":\"https:\/\/sol-air-tech.com\/#organization\"},\"potentialAction\":[{\"@type\":\"SearchAction\",\"target\":{\"@type\":\"EntryPoint\",\"urlTemplate\":\"https:\/\/sol-air-tech.com\/?s={search_term_string}\"},\"query-input\":\"required name=search_term_string\"}],\"inLanguage\":\"en-CA\"},{\"@type\":\"Organization\",\"@id\":\"https:\/\/sol-air-tech.com\/#organization\",\"name\":\"SOL-AIR TECH\",\"url\":\"https:\/\/sol-air-tech.com\/\",\"logo\":{\"@type\":\"ImageObject\",\"inLanguage\":\"en-CA\",\"@id\":\"https:\/\/sol-air-tech.com\/#\/schema\/logo\/image\/\",\"url\":\"https:\/\/sol-air-tech.com\/wp-content\/uploads\/2023\/07\/lOGOFINAL_SOLAIR_TECH.png\",\"contentUrl\":\"https:\/\/sol-air-tech.com\/wp-content\/uploads\/2023\/07\/lOGOFINAL_SOLAIR_TECH.png\",\"width\":770,\"height\":306,\"caption\":\"SOL-AIR TECH\"},\"image\":{\"@id\":\"https:\/\/sol-air-tech.com\/#\/schema\/logo\/image\/\"}}]}<\/script>\n<!-- \/ Yoast SEO plugin. -->","yoast_head_json":{"title":"Politique de confidentialit\u00e9 - SOL-AIR TECH","robots":{"index":"index","follow":"follow","max-snippet":"max-snippet:-1","max-image-preview":"max-image-preview:large","max-video-preview":"max-video-preview:-1"},"canonical":"https:\/\/sol-air-tech.com\/en\/politique-de-confidentialite\/","og_locale":"en_US","og_type":"article","og_title":"Politique de confidentialit\u00e9 - SOL-AIR TECH","og_description":"Politique de Confidentialit\u00e9 Termes et Conditions \u00a0 MODALIT\u00c9S ET CONDITIONS D&#8217;UTILISATION DU SITE. Ce site est la propri\u00e9t\u00e9 de et contr\u00f4l\u00e9 par SOL-AIR TECH INC.. Vous \u00eates pri\u00e9s de prendre connaissance des modalit\u00e9s et conditions r\u00e9gissant l&#8217;utilisation de ce site. En acc\u00e9dant \u00e0 ce site, vous acceptez de vous lier \u00e0 ces modalit\u00e9s et conditions, ...","og_url":"https:\/\/sol-air-tech.com\/en\/politique-de-confidentialite\/","og_site_name":"SOL-AIR TECH","article_modified_time":"2023-09-22T17:22:53+00:00","twitter_card":"summary_large_image","twitter_misc":{"Est. reading time":"6 minutes"},"schema":{"@context":"https:\/\/schema.org","@graph":[{"@type":"WebPage","@id":"https:\/\/sol-air-tech.com\/politique-de-confidentialite\/","url":"https:\/\/sol-air-tech.com\/politique-de-confidentialite\/","name":"Politique de confidentialit\u00e9 - SOL-AIR TECH","isPartOf":{"@id":"https:\/\/sol-air-tech.com\/#website"},"datePublished":"2020-12-29T04:52:50+00:00","dateModified":"2023-09-22T17:22:53+00:00","breadcrumb":{"@id":"https:\/\/sol-air-tech.com\/politique-de-confidentialite\/#breadcrumb"},"inLanguage":"en-CA","potentialAction":[{"@type":"ReadAction","target":["https:\/\/sol-air-tech.com\/politique-de-confidentialite\/"]}]},{"@type":"BreadcrumbList","@id":"https:\/\/sol-air-tech.com\/politique-de-confidentialite\/#breadcrumb","itemListElement":[{"@type":"ListItem","position":1,"name":"Accueil","item":"https:\/\/sol-air-tech.com\/"},{"@type":"ListItem","position":2,"name":"Politique de confidentialit\u00e9"}]},{"@type":"WebSite","@id":"https:\/\/sol-air-tech.com\/#website","url":"https:\/\/sol-air-tech.com\/","name":"SOL-AIR TECH","description":"vente de mat\u00e9riel \u00e9lectrique","publisher":{"@id":"https:\/\/sol-air-tech.com\/#organization"},"potentialAction":[{"@type":"SearchAction","target":{"@type":"EntryPoint","urlTemplate":"https:\/\/sol-air-tech.com\/?s={search_term_string}"},"query-input":"required name=search_term_string"}],"inLanguage":"en-CA"},{"@type":"Organization","@id":"https:\/\/sol-air-tech.com\/#organization","name":"SOL-AIR TECH","url":"https:\/\/sol-air-tech.com\/","logo":{"@type":"ImageObject","inLanguage":"en-CA","@id":"https:\/\/sol-air-tech.com\/#\/schema\/logo\/image\/","url":"https:\/\/sol-air-tech.com\/wp-content\/uploads\/2023\/07\/lOGOFINAL_SOLAIR_TECH.png","contentUrl":"https:\/\/sol-air-tech.com\/wp-content\/uploads\/2023\/07\/lOGOFINAL_SOLAIR_TECH.png","width":770,"height":306,"caption":"SOL-AIR TECH"},"image":{"@id":"https:\/\/sol-air-tech.com\/#\/schema\/logo\/image\/"}}]}},"_links":{"self":[{"href":"https:\/\/sol-air-tech.com\/en\/wp-json\/wp\/v2\/pages\/2567","targetHints":{"allow":["GET"]}}],"collection":[{"href":"https:\/\/sol-air-tech.com\/en\/wp-json\/wp\/v2\/pages"}],"about":[{"href":"https:\/\/sol-air-tech.com\/en\/wp-json\/wp\/v2\/types\/page"}],"author":[{"embeddable":true,"href":"https:\/\/sol-air-tech.com\/en\/wp-json\/wp\/v2\/users\/1"}],"replies":[{"embeddable":true,"href":"https:\/\/sol-air-tech.com\/en\/wp-json\/wp\/v2\/comments?post=2567"}],"version-history":[{"count":5,"href":"https:\/\/sol-air-tech.com\/en\/wp-json\/wp\/v2\/pages\/2567\/revisions"}],"predecessor-version":[{"id":3991,"href":"https:\/\/sol-air-tech.com\/en\/wp-json\/wp\/v2\/pages\/2567\/revisions\/3991"}],"wp:attachment":[{"href":"https:\/\/sol-air-tech.com\/en\/wp-json\/wp\/v2\/media?parent=2567"}],"curies":[{"name":"wp","href":"https:\/\/api.w.org\/{rel}","templated":true}]}}