{"id":2,"date":"2019-03-19T09:13:30","date_gmt":"2019-03-19T09:13:30","guid":{"rendered":"http:\/\/meteoquebec.ca\/?page_id=2"},"modified":"2023-07-29T16:23:31","modified_gmt":"2023-07-29T16:23:31","slug":"expedition-et-retour","status":"publish","type":"page","link":"https:\/\/sol-air-tech.com\/en\/expedition-et-retour\/","title":{"rendered":"Exp\u00e9dition et retour"},"content":{"rendered":"<div data-elementor-type=\"wp-post\" data-elementor-id=\"2\" class=\"elementor elementor-2\">\n\t\t\t\t\t\t<section class=\"elementor-section elementor-top-section elementor-element elementor-element-35198b7c elementor-section-boxed elementor-section-height-default elementor-section-height-default\" data-id=\"35198b7c\" data-element_type=\"section\">\n\t\t\t\t\t\t<div class=\"elementor-container elementor-column-gap-default\">\n\t\t\t\t\t<div class=\"elementor-column elementor-col-100 elementor-top-column elementor-element elementor-element-f011e3c\" data-id=\"f011e3c\" data-element_type=\"column\">\n\t\t\t<div class=\"elementor-widget-wrap elementor-element-populated\">\n\t\t\t\t\t\t<div class=\"elementor-element elementor-element-8514015 elementor-widget elementor-widget-text-editor\" data-id=\"8514015\" data-element_type=\"widget\" data-widget_type=\"text-editor.default\">\n\t\t\t\t<div class=\"elementor-widget-container\">\n\t\t\t\t\t\t\t\t\t<div id=\"wb_element_instance3_14\" class=\"wb_element wb_text_element\" data-plugin=\"TextArea\"><h1 class=\"wb-stl-custom32\">Exp\u00e9dition et retour<\/h1><\/div><div id=\"wb_element_instance4_14\" class=\"wb_element wb_text_element\" data-plugin=\"TextArea\"><h3 class=\"wb-stl-heading3\">Livraison<\/h3><p>A c\u00f4t\u00e9 de chaque produit il est indiqu\u00e9 : livraison gratuite ou livraison non incluse.<\/p><p>Notre objectif principal est de vous offrir le meilleur prix d\u2019exp\u00e9dition.<\/p><p>Nous utilisons Postes Canada, Purolator, FedEx, UPS comme transporteurs.<\/p><p>Sur votre demande, nous pouvons utiliser le transporteur de votre choix si vous devez payer pour le transport.<\/p><p>Une fois que nous recevons votre paiement, il faut quelques jours pour pr\u00e9parer l\u2019emballage et trouver le meilleur transporteur vers votre destination.<\/p><p>Vous recevrez le num\u00e9ro de suivi, selon qu\u2019il vient de l\u2019\u00e9tranger, le d\u00e9lai d\u2019exp\u00e9dition est compris entre 5 et 20 jours.<\/p><p><u><strong>REMARQUE\u00a0<\/strong><\/u>: En raison de COVD-19 et de ce qui se passe dans le monde entier, il peut y avoir un certain retard sur la livraison, nous ne sommes pas responsables de ces conditions.<\/p><h3 class=\"wb-stl-heading3\">Retour<\/h3><p>Nous accepterons l\u2019annulation de la commande avant l\u2019exp\u00e9dition du produit. Si vous avez pay\u00e9, vous recevrez un remboursement complet.\u00a0<strong>Nous ne pouvons pas annuler la commande si le produit est d\u00e9j\u00e0 exp\u00e9di\u00e9.<\/strong><\/p><p><strong>Avant de retourner un produit, vous devez nous contacter.<\/strong><\/p><p>Nous acceptons les retours dans les 14 jours suivant la livraison du produit. \u00a0Le produit doit \u00eatre dans son emballage d\u2019origine, non ouvert, inutilis\u00e9 et dans le m\u00eame \u00e9tat que vous l\u2019avez re\u00e7u.<\/p><p>Pour le retour, le consommateur sera responsable des frais d\u2019exp\u00e9dition. \u00a0Une fois que votre retour est re\u00e7u et inspect\u00e9, vous serez inform\u00e9 de l\u2019approbation ou du rejet de votre remboursement.<\/p><p>Si la raison du retour est due \u00e0 des dommages ou \u00e0 un fonctionnement incorrect, le consommateur n\u2019aura pas \u00e0 payer les frais d\u2019exp\u00e9dition. Vous devez d\u2019abord nous contacter pour vous assurer o\u00f9 le produit sera retourn\u00e9.<\/p><p>envoyer un courriel \u00e0 info(A)sol-air-tech.com<\/p><\/div>\t\t\t\t\t\t\t\t<\/div>\n\t\t\t\t<\/div>\n\t\t\t\t\t<\/div>\n\t\t<\/div>\n\t\t\t\t\t<\/div>\n\t\t<\/section>\n\t\t\t\t<\/div>","protected":false},"excerpt":{"rendered":"<p>Exp\u00e9dition et retour Livraison A c\u00f4t\u00e9 de chaque produit il est indiqu\u00e9 : livraison gratuite ou livraison non incluse. Notre objectif principal est de vous offrir le meilleur prix d\u2019exp\u00e9dition. Nous utilisons Postes Canada, Purolator, FedEx, UPS comme transporteurs. Sur votre demande, nous pouvons utiliser le transporteur de votre choix si vous devez payer pour &#8230;<\/p>","protected":false},"author":1,"featured_media":0,"parent":0,"menu_order":0,"comment_status":"closed","ping_status":"closed","template":"","meta":{"content-type":"","footnotes":""},"class_list":["post-2","page","type-page","status-publish","hentry"],"yoast_head":"<!-- This site is optimized with the Yoast SEO plugin v21.5 - https:\/\/yoast.com\/wordpress\/plugins\/seo\/ -->\n<title>Exp\u00e9dition et retour - SOL-AIR TECH<\/title>\n<meta name=\"robots\" content=\"index, follow, max-snippet:-1, max-image-preview:large, max-video-preview:-1\" \/>\n<link rel=\"canonical\" href=\"https:\/\/sol-air-tech.com\/en\/expedition-et-retour\/\" \/>\n<meta property=\"og:locale\" content=\"en_US\" \/>\n<meta property=\"og:type\" content=\"article\" \/>\n<meta property=\"og:title\" content=\"Exp\u00e9dition et retour - SOL-AIR TECH\" \/>\n<meta property=\"og:description\" content=\"Exp\u00e9dition et retour Livraison A c\u00f4t\u00e9 de chaque produit il est indiqu\u00e9 : livraison gratuite ou livraison non incluse. Notre objectif principal est de vous offrir le meilleur prix d\u2019exp\u00e9dition. Nous utilisons Postes Canada, Purolator, FedEx, UPS comme transporteurs. Sur votre demande, nous pouvons utiliser le transporteur de votre choix si vous devez payer pour ...\" \/>\n<meta property=\"og:url\" content=\"https:\/\/sol-air-tech.com\/en\/expedition-et-retour\/\" \/>\n<meta property=\"og:site_name\" content=\"SOL-AIR TECH\" \/>\n<meta property=\"article:modified_time\" content=\"2023-07-29T16:23:31+00:00\" \/>\n<meta name=\"twitter:card\" content=\"summary_large_image\" \/>\n<meta name=\"twitter:label1\" content=\"Est. reading time\" \/>\n\t<meta name=\"twitter:data1\" content=\"2 minutes\" \/>\n<script type=\"application\/ld+json\" class=\"yoast-schema-graph\">{\"@context\":\"https:\/\/schema.org\",\"@graph\":[{\"@type\":\"WebPage\",\"@id\":\"https:\/\/sol-air-tech.com\/expedition-et-retour\/\",\"url\":\"https:\/\/sol-air-tech.com\/expedition-et-retour\/\",\"name\":\"Exp\u00e9dition et retour - SOL-AIR TECH\",\"isPartOf\":{\"@id\":\"https:\/\/sol-air-tech.com\/#website\"},\"datePublished\":\"2019-03-19T09:13:30+00:00\",\"dateModified\":\"2023-07-29T16:23:31+00:00\",\"breadcrumb\":{\"@id\":\"https:\/\/sol-air-tech.com\/expedition-et-retour\/#breadcrumb\"},\"inLanguage\":\"en-CA\",\"potentialAction\":[{\"@type\":\"ReadAction\",\"target\":[\"https:\/\/sol-air-tech.com\/expedition-et-retour\/\"]}]},{\"@type\":\"BreadcrumbList\",\"@id\":\"https:\/\/sol-air-tech.com\/expedition-et-retour\/#breadcrumb\",\"itemListElement\":[{\"@type\":\"ListItem\",\"position\":1,\"name\":\"Accueil\",\"item\":\"https:\/\/sol-air-tech.com\/\"},{\"@type\":\"ListItem\",\"position\":2,\"name\":\"Exp\u00e9dition et retour\"}]},{\"@type\":\"WebSite\",\"@id\":\"https:\/\/sol-air-tech.com\/#website\",\"url\":\"https:\/\/sol-air-tech.com\/\",\"name\":\"SOL-AIR TECH\",\"description\":\"vente de mat\u00e9riel \u00e9lectrique\",\"publisher\":{\"@id\":\"https:\/\/sol-air-tech.com\/#organization\"},\"potentialAction\":[{\"@type\":\"SearchAction\",\"target\":{\"@type\":\"EntryPoint\",\"urlTemplate\":\"https:\/\/sol-air-tech.com\/?s={search_term_string}\"},\"query-input\":\"required name=search_term_string\"}],\"inLanguage\":\"en-CA\"},{\"@type\":\"Organization\",\"@id\":\"https:\/\/sol-air-tech.com\/#organization\",\"name\":\"SOL-AIR TECH\",\"url\":\"https:\/\/sol-air-tech.com\/\",\"logo\":{\"@type\":\"ImageObject\",\"inLanguage\":\"en-CA\",\"@id\":\"https:\/\/sol-air-tech.com\/#\/schema\/logo\/image\/\",\"url\":\"https:\/\/sol-air-tech.com\/wp-content\/uploads\/2023\/07\/lOGOFINAL_SOLAIR_TECH.png\",\"contentUrl\":\"https:\/\/sol-air-tech.com\/wp-content\/uploads\/2023\/07\/lOGOFINAL_SOLAIR_TECH.png\",\"width\":770,\"height\":306,\"caption\":\"SOL-AIR TECH\"},\"image\":{\"@id\":\"https:\/\/sol-air-tech.com\/#\/schema\/logo\/image\/\"}}]}<\/script>\n<!-- \/ Yoast SEO plugin. -->","yoast_head_json":{"title":"Exp\u00e9dition et retour - SOL-AIR TECH","robots":{"index":"index","follow":"follow","max-snippet":"max-snippet:-1","max-image-preview":"max-image-preview:large","max-video-preview":"max-video-preview:-1"},"canonical":"https:\/\/sol-air-tech.com\/en\/expedition-et-retour\/","og_locale":"en_US","og_type":"article","og_title":"Exp\u00e9dition et retour - SOL-AIR TECH","og_description":"Exp\u00e9dition et retour Livraison A c\u00f4t\u00e9 de chaque produit il est indiqu\u00e9 : livraison gratuite ou livraison non incluse. Notre objectif principal est de vous offrir le meilleur prix d\u2019exp\u00e9dition. Nous utilisons Postes Canada, Purolator, FedEx, UPS comme transporteurs. Sur votre demande, nous pouvons utiliser le transporteur de votre choix si vous devez payer pour ...","og_url":"https:\/\/sol-air-tech.com\/en\/expedition-et-retour\/","og_site_name":"SOL-AIR TECH","article_modified_time":"2023-07-29T16:23:31+00:00","twitter_card":"summary_large_image","twitter_misc":{"Est. reading time":"2 minutes"},"schema":{"@context":"https:\/\/schema.org","@graph":[{"@type":"WebPage","@id":"https:\/\/sol-air-tech.com\/expedition-et-retour\/","url":"https:\/\/sol-air-tech.com\/expedition-et-retour\/","name":"Exp\u00e9dition et retour - SOL-AIR TECH","isPartOf":{"@id":"https:\/\/sol-air-tech.com\/#website"},"datePublished":"2019-03-19T09:13:30+00:00","dateModified":"2023-07-29T16:23:31+00:00","breadcrumb":{"@id":"https:\/\/sol-air-tech.com\/expedition-et-retour\/#breadcrumb"},"inLanguage":"en-CA","potentialAction":[{"@type":"ReadAction","target":["https:\/\/sol-air-tech.com\/expedition-et-retour\/"]}]},{"@type":"BreadcrumbList","@id":"https:\/\/sol-air-tech.com\/expedition-et-retour\/#breadcrumb","itemListElement":[{"@type":"ListItem","position":1,"name":"Accueil","item":"https:\/\/sol-air-tech.com\/"},{"@type":"ListItem","position":2,"name":"Exp\u00e9dition et retour"}]},{"@type":"WebSite","@id":"https:\/\/sol-air-tech.com\/#website","url":"https:\/\/sol-air-tech.com\/","name":"SOL-AIR TECH","description":"vente de mat\u00e9riel \u00e9lectrique","publisher":{"@id":"https:\/\/sol-air-tech.com\/#organization"},"potentialAction":[{"@type":"SearchAction","target":{"@type":"EntryPoint","urlTemplate":"https:\/\/sol-air-tech.com\/?s={search_term_string}"},"query-input":"required name=search_term_string"}],"inLanguage":"en-CA"},{"@type":"Organization","@id":"https:\/\/sol-air-tech.com\/#organization","name":"SOL-AIR TECH","url":"https:\/\/sol-air-tech.com\/","logo":{"@type":"ImageObject","inLanguage":"en-CA","@id":"https:\/\/sol-air-tech.com\/#\/schema\/logo\/image\/","url":"https:\/\/sol-air-tech.com\/wp-content\/uploads\/2023\/07\/lOGOFINAL_SOLAIR_TECH.png","contentUrl":"https:\/\/sol-air-tech.com\/wp-content\/uploads\/2023\/07\/lOGOFINAL_SOLAIR_TECH.png","width":770,"height":306,"caption":"SOL-AIR TECH"},"image":{"@id":"https:\/\/sol-air-tech.com\/#\/schema\/logo\/image\/"}}]}},"_links":{"self":[{"href":"https:\/\/sol-air-tech.com\/en\/wp-json\/wp\/v2\/pages\/2","targetHints":{"allow":["GET"]}}],"collection":[{"href":"https:\/\/sol-air-tech.com\/en\/wp-json\/wp\/v2\/pages"}],"about":[{"href":"https:\/\/sol-air-tech.com\/en\/wp-json\/wp\/v2\/types\/page"}],"author":[{"embeddable":true,"href":"https:\/\/sol-air-tech.com\/en\/wp-json\/wp\/v2\/users\/1"}],"replies":[{"embeddable":true,"href":"https:\/\/sol-air-tech.com\/en\/wp-json\/wp\/v2\/comments?post=2"}],"version-history":[{"count":4,"href":"https:\/\/sol-air-tech.com\/en\/wp-json\/wp\/v2\/pages\/2\/revisions"}],"predecessor-version":[{"id":3547,"href":"https:\/\/sol-air-tech.com\/en\/wp-json\/wp\/v2\/pages\/2\/revisions\/3547"}],"wp:attachment":[{"href":"https:\/\/sol-air-tech.com\/en\/wp-json\/wp\/v2\/media?parent=2"}],"curies":[{"name":"wp","href":"https:\/\/api.w.org\/{rel}","templated":true}]}}